{"id":7350,"date":"2018-01-10T20:40:28","date_gmt":"2018-01-10T17:40:28","guid":{"rendered":"http:\/\/blogs.magicjudges.org\/rules\/?page_id=7350"},"modified":"2018-01-10T20:40:28","modified_gmt":"2018-01-10T17:40:28","slug":"mtr-2-1-pt","status":"publish","type":"page","link":"https:\/\/blogs.magicjudges.org\/rules\/mtr-2-1-pt\/","title":{"rendered":"MTR 2.1 Estrutura da Partida"},"content":{"rendered":"<p><span style=\"font-weight: 400\">Uma partida de <\/span><b>Magic <\/b><span style=\"font-weight: 400\">consiste em uma s\u00e9rie de jogos que s\u00e3o jogados at\u00e9 que um lado tenha vencido um n\u00famero definido de jogos, geralmente dois. Jogos empatados n\u00e3o contam para esta meta. <\/span><\/p>\n<p><span style=\"font-weight: 400\"><div class=\"alert alert-info\" role=\"alert\">  <\/span><i><span style=\"font-weight: 400\">A maioria das partidas geralmente se vence como 2-0 ou 2-1. Partidas que s\u00e3o 1-1-1 antes do t\u00e9rmino da rodada devem continuar em um quarto jogo j\u00e1 que nenhum dos lados venceu o n\u00famero estabelecido de jogos. Partidas de Gigante de Duas cabe\u00e7as, diferente de partidas normais de dois jogadores, s\u00e3o melhor de 1 partida.<\/span><\/i><span style=\"font-weight: 400\"> <\/div><\/span><\/p>\n<p><span style=\"font-weight: 400\">Se uma rodada termina antes de um jogador ter vencido o n\u00famero requerido de jogos, o vencedor da partida \u00e9 o jogador que tiver vencido o maior n\u00famero de jogos at\u00e9 aquele momento. <\/span><\/p>\n<p><span style=\"font-weight: 400\"><div class=\"alert alert-info\" role=\"alert\">  <\/span><i><span style=\"font-weight: 400\">Se a rodada terminar e apenas um jogador venceu um jogo ent\u00e3o aquele jogador \u00e9 o vencedor da partida porque ele ganhou a maioria dos jogos.<\/span><\/i><span style=\"font-weight: 400\"> <\/div><\/span><\/p>\n<p><span style=\"font-weight: 400\">Se ambos os jogadores tiverem o mesmo n\u00famero de vit\u00f3rias de jogos, a partida \u00e9 um empate.<\/span><\/p>\n<p><span style=\"font-weight: 400\"><div class=\"alert alert-info\" role=\"alert\">  <\/span><i><span style=\"font-weight: 400\">Se a rodada terminou e o resultado for 1-1 ou 1-1-1 ent\u00e3o a partida \u00e9 um empate. <\/span><\/i><span style=\"font-weight: 400\"><\/div><\/span><\/p>\n<p><span style=\"font-weight: 400\">O Organizador do Torneio pode mudar o n\u00famero de jogos a serem ganhos em qualquer por\u00e7\u00e3o do torneio desde que a escolha seja anunciada antes do torneio come\u00e7ar. <\/span><\/p>\n<p><span style=\"font-weight: 400\"><div class=\"alert alert-info\" role=\"alert\"> <\/span> <i><span style=\"font-weight: 400\">Por exemplo, as finais do Pro Tour s\u00e3o jogadas at\u00e9 que um jogador ven\u00e7a tr\u00eas jogos. Isso \u00e9 comumente chamado de \u2018\u2019melhor de 5\u2019\u2019, embora se jogos empataram possa haver mais de 5 jogos. Note que isso tipicamente n\u00e3o \u00e9 feito fora do Pro Tour ou eventos especificamente anunciados.<\/span><\/i><span style=\"font-weight: 400\"> <\/div><\/span><\/p>\n<p><span style=\"font-weight: 400\">Os resultados de partidas, mas n\u00e3o de jogos individuais, s\u00e3o reportados para a DCI para inclus\u00e3o nos Pontos Planeswalker.<\/span><\/p>\n<p><span style=\"font-weight: 400\"><div class=\"alert alert-info\" role=\"alert\">  <\/span><i><span style=\"font-weight: 400\">Os resultados da partida s\u00e3o registrados para pontos de Planeswalker. Uma vit\u00f3ria vale 3 pontos, um empate vale 1, e uma derrota vale 0. Multiplicadores podem ser aplicados dependendo do tipo do evento. Em torneios casuais voc\u00ea apenas recebe pontos de participa\u00e7\u00e3o, j\u00e1 que resultados de partidas n\u00e3o s\u00e3o reportados. Para mais informa\u00e7\u00f5es verifique as informa\u00e7\u00f5es na p\u00e1gina de Pontos de Planeswalker.<\/span><\/i><span style=\"font-weight: 400\"> <\/div><\/span><\/p>\n","protected":false},"excerpt":{"rendered":"<p>Uma partida de Magic consiste em uma s\u00e9rie de jogos que s\u00e3o jogados at\u00e9 que um lado tenha vencido um n\u00famero definido de jogos, geralmente dois. Jogos empatados n\u00e3o contam para esta meta. Se uma rodada termina antes de um jogador ter vencido o n\u00famero requerido de jogos, o vencedor da partida \u00e9 o jogador [&hellip;]<\/p>\n","protected":false},"author":249,"featured_media":0,"parent":0,"menu_order":0,"comment_status":"closed","ping_status":"closed","template":"","meta":{"footnotes":"","_links_to":"","_links_to_target":""},"language":[13],"class_list":["post-7350","page","type-page","status-publish","hentry","language-pt_br"],"_links":{"self":[{"href":"https:\/\/blogs.magicjudges.org\/rules\/wp-json\/wp\/v2\/pages\/7350","targetHints":{"allow":["GET"]}}],"collection":[{"href":"https:\/\/blogs.magicjudges.org\/rules\/wp-json\/wp\/v2\/pages"}],"about":[{"href":"https:\/\/blogs.magicjudges.org\/rules\/wp-json\/wp\/v2\/types\/page"}],"author":[{"embeddable":true,"href":"https:\/\/blogs.magicjudges.org\/rules\/wp-json\/wp\/v2\/users\/249"}],"replies":[{"embeddable":true,"href":"https:\/\/blogs.magicjudges.org\/rules\/wp-json\/wp\/v2\/comments?post=7350"}],"version-history":[{"count":1,"href":"https:\/\/blogs.magicjudges.org\/rules\/wp-json\/wp\/v2\/pages\/7350\/revisions"}],"predecessor-version":[{"id":7351,"href":"https:\/\/blogs.magicjudges.org\/rules\/wp-json\/wp\/v2\/pages\/7350\/revisions\/7351"}],"wp:attachment":[{"href":"https:\/\/blogs.magicjudges.org\/rules\/wp-json\/wp\/v2\/media?parent=7350"}],"wp:term":[{"taxonomy":"language","embeddable":true,"href":"https:\/\/blogs.magicjudges.org\/rules\/wp-json\/wp\/v2\/language?post=7350"}],"curies":[{"name":"wp","href":"https:\/\/api.w.org\/{rel}","templated":true}]}}