{"id":7354,"date":"2018-01-10T21:11:11","date_gmt":"2018-01-10T18:11:11","guid":{"rendered":"http:\/\/blogs.magicjudges.org\/rules\/?page_id=7354"},"modified":"2018-04-11T23:16:31","modified_gmt":"2018-04-11T20:16:31","slug":"mtr2-2-pt","status":"publish","type":"page","link":"https:\/\/blogs.magicjudges.org\/rules\/mtr2-2-pt\/","title":{"rendered":"MTR 2.2 Regra de jogar\/comprar"},"content":{"rendered":"<p><span style=\"font-weight: 400\">Para o primeiro jogo de uma partida, um jogador designado decide se jogar\u00e1 primeiro ou segundo \u2013 a defini\u00e7\u00e3o desse jogador durante as rodadas do su\u00ed\u00e7o \u00e9 feita de forma aleat\u00f3ria (como o rolar de dados ou o jogar uma moeda), j\u00e1 nos jogos finais de um torneio, o jogador melhor classificado nas rodadas do su\u00ed\u00e7o. <\/span><\/p>\n<p><span style=\"font-weight: 400\"><div class=\"alert alert-info\" role=\"alert\"> <\/span><i><span style=\"font-weight: 400\">Ambos os jogadores devem concordar no m\u00e9todo aleat\u00f3rio. Isso pode ficar um pouco complicado quando os jogadores n\u00e3o concordam com o m\u00e9todo (como rolar um dado Spindown) ent\u00e3o sinta-se livre para intervir e ajudar os jogadores a selecionarem um m\u00e9todo aleat\u00f3rio como par ou \u00edmpar ou algo similar.<\/span><\/i><span style=\"font-weight: 400\"><\/div><\/span><\/p>\n<p><span style=\"font-weight: 400\">O jogador designado deve dizer sua escolha antes de olhar sua m\u00e3o. Se o jogador n\u00e3o fizer uma escolha, assume-se que ele jogar\u00e1 primeiro.<\/span><\/p>\n<p><span style=\"font-weight: 400\"><div class=\"alert alert-info\" role=\"alert\"> <\/span><i><span style=\"font-weight: 400\"> Espera-se que os jogadores decidam se querem jogar primeiro ou comprar antes de olhar suas m\u00e3os iniciais, j\u00e1 que o conte\u00fado pode influenciar muito suas decis\u00f5es. Se algu\u00e9m n\u00e3o anunciar sua escolha antes de ver sua m\u00e3o, ele obt\u00e9m informa\u00e7\u00e3o que poderia impactar na sua decis\u00e3o. Isso \u00e9 um erro bastante comum e inocente, ent\u00e3o tem uma solu\u00e7\u00e3o simples; o jogador que v\u00ea sua m\u00e3o inicial antes de declarar joga primeiro por padr\u00e3o.<\/span><\/i><span style=\"font-weight: 400\"><\/div><\/span><\/p>\n<p><span style=\"font-weight: 400\">O jogador que jogar primeiro pula a etapa de compra do seu primeiro turno. Isso \u00e9 conhecido com a regra de jogar\/comprar.<\/span><\/p>\n<p><span style=\"font-weight: 400\"><div class=\"alert alert-info\" role=\"alert\"> <\/span><i><span style=\"font-weight: 400\">Para mais informa\u00e7\u00e3o nisso, cheque CR 103.8, que cobre o in\u00edcio do jogo.<\/span><\/i><span style=\"font-weight: 400\"><\/div><\/span><\/p>\n<p><span style=\"font-weight: 400\">Ap\u00f3s cada jogo de uma partida, o perdedor daquele jogo decide se jogar\u00e1 primeiro no pr\u00f3ximo jogo. Ele pode aguardar at\u00e9 depois de modificar seus decks com a reserva para tomar essa decis\u00e3o. Se o jogo anterior acabou empatado, o jogador que decidiu come\u00e7ar ou comprar no come\u00e7o do jogo empatado escolhe quem ir\u00e1 come\u00e7ar ou comprar neste.<\/span><\/p>\n<p><span style=\"font-weight: 400\"><div class=\"alert alert-info\" role=\"alert\"> <\/span><i><span style=\"font-weight: 400\">Jogos que terminaram empatados funcionalmente n\u00e3o aconteceram. N\u00e3o h\u00e1 ent\u00e3o necessidade de re-escolher, j\u00e1 que em vez disso estamos meramente come\u00e7ando o ato de jogar novamente. Ent\u00e3o, se o jogo anterior terminou em empate, o jogador que escolheu por \u00faltimo escolhe novamente.<\/span><\/i><span style=\"font-weight: 400\"><\/div><\/span><\/p>\n<p><span style=\"font-weight: 400\"><div class=\"alert alert-info\" role=\"alert\">  <\/span><i><span style=\"font-weight: 400\">Isso j\u00e1 foi chamado de \u2018\u2019a Regra de Jogar\/Comprar\u2019\u2019 modificada mas agora \u00e9 apenas a regra padr\u00e3o para qualquer por\u00e7\u00e3o de Elimina\u00e7\u00e3o Simples de um torneio. Isso apenas se aplica a decis\u00e3o inicial durante a partida. Ap\u00f3s o primeiro jogo, o perdedor da partida anterior faz a escolha. Essa regra foi criada para dar mais valor a quem foi melhor na por\u00e7\u00e3o de Su\u00ed\u00e7o do evento, dando alguma vantagem para \u2018\u2019jogar at\u00e9 o fim\u2019\u2019 ao inv\u00e9s de intencionalmente empatar, o que significa pessoas jogando mais Magic!<\/span><\/i><span style=\"font-weight: 400\"><\/div><\/span><\/p>\n","protected":false},"excerpt":{"rendered":"<p>Para o primeiro jogo de uma partida, um jogador designado decide se jogar\u00e1 primeiro ou segundo \u2013 a defini\u00e7\u00e3o desse jogador durante as rodadas do su\u00ed\u00e7o \u00e9 feita de forma aleat\u00f3ria (como o rolar de dados ou o jogar uma moeda), j\u00e1 nos jogos finais de um torneio, o jogador melhor classificado nas rodadas do [&hellip;]<\/p>\n","protected":false},"author":249,"featured_media":0,"parent":0,"menu_order":0,"comment_status":"closed","ping_status":"closed","template":"","meta":{"footnotes":"","_links_to":"","_links_to_target":""},"language":[13],"class_list":["post-7354","page","type-page","status-publish","hentry","language-pt_br"],"_links":{"self":[{"href":"https:\/\/blogs.magicjudges.org\/rules\/wp-json\/wp\/v2\/pages\/7354","targetHints":{"allow":["GET"]}}],"collection":[{"href":"https:\/\/blogs.magicjudges.org\/rules\/wp-json\/wp\/v2\/pages"}],"about":[{"href":"https:\/\/blogs.magicjudges.org\/rules\/wp-json\/wp\/v2\/types\/page"}],"author":[{"embeddable":true,"href":"https:\/\/blogs.magicjudges.org\/rules\/wp-json\/wp\/v2\/users\/249"}],"replies":[{"embeddable":true,"href":"https:\/\/blogs.magicjudges.org\/rules\/wp-json\/wp\/v2\/comments?post=7354"}],"version-history":[{"count":1,"href":"https:\/\/blogs.magicjudges.org\/rules\/wp-json\/wp\/v2\/pages\/7354\/revisions"}],"predecessor-version":[{"id":7355,"href":"https:\/\/blogs.magicjudges.org\/rules\/wp-json\/wp\/v2\/pages\/7354\/revisions\/7355"}],"wp:attachment":[{"href":"https:\/\/blogs.magicjudges.org\/rules\/wp-json\/wp\/v2\/media?parent=7354"}],"wp:term":[{"taxonomy":"language","embeddable":true,"href":"https:\/\/blogs.magicjudges.org\/rules\/wp-json\/wp\/v2\/language?post=7354"}],"curies":[{"name":"wp","href":"https:\/\/api.w.org\/{rel}","templated":true}]}}