{"id":7356,"date":"2018-01-10T21:21:41","date_gmt":"2018-01-10T18:21:41","guid":{"rendered":"http:\/\/blogs.magicjudges.org\/rules\/?page_id=7356"},"modified":"2018-01-10T21:21:41","modified_gmt":"2018-01-10T18:21:41","slug":"mtr2-3-pt","status":"publish","type":"page","link":"https:\/\/blogs.magicjudges.org\/rules\/mtr2-3-pt\/","title":{"rendered":"MTR 2.3 Procedimentos de pr\u00e9-jogo"},"content":{"rendered":"<p><span style=\"font-weight: 400\">Os seguintes passos devem ser executados em tempo h\u00e1bil antes de cada jogo come\u00e7ar:<\/span><\/p>\n<p><span style=\"font-weight: 400\"><div class=\"alert alert-info\" role=\"alert\">  <\/span><i><span style=\"font-weight: 400\">O termo &#8220;em tempo h\u00e1bil&#8221; aqui \u00e9 importante. Os jogadores n\u00e3o podem tomar tempo excessivo trocando cartas com a sua reserva ou embaralhando, ou eles podem estar sujeitos \u00e0s penalidades de Jogo Lento ou Protelar.<\/span><\/i><span style=\"font-weight: 400\"><\/div><\/span><\/p>\n<ol>\n<li><span style=\"font-weight: 400\"> Se o uso de reserva (sideboard) \u00e9 permitido, os jogadores podem remover cards de seus decks e adicionar cards de suas reservas.<\/span><\/li>\n<\/ol>\n<p><span style=\"font-weight: 400\"><div class=\"alert alert-info\" role=\"alert\">  <\/span><i><span style=\"font-weight: 400\">A primeira frase aqui \u00e9 a chave, &#8220;Se as a\u00e7\u00f5es do jogo foram tomadas durante um jogo anterior da partida.&#8221; Um torneio deve testar a habilidade de um jogador na constru\u00e7\u00e3o do deck e t\u00e9cnicas de jogo em primeiro lugar, e n\u00e3o pesquisar com anteced\u00eancia os advers\u00e1rios. Um jogador n\u00e3o pode oferecer para empatar intencionalmente o jogo de abertura antes de tomar as a\u00e7\u00f5es do jogo, a fim de introduzir cartas da reserva para a partida. Se os jogadores tiverem completado as a\u00e7\u00f5es do jogo, \u00e9 razo\u00e1vel para eles usarem esse conhecimento para utilizar de forma eficaz a reserva. Observe que isso se aplica ao primeiro jogo da partida ou a qualquer partida que come\u00e7a em um segundo jogo ou em um jogo subseq\u00fcente devido a penalidades atribu\u00eddas a um ou mais jogadores antes do in\u00edcio do primeiro jogo. A declara\u00e7\u00e3o final cobre eventos tais como aqueles causados pela terceira habilidade ativada de Karn Liberto; Trate esses jogos reiniciados como o mesmo jogo na partida.<\/span><\/i><span style=\"font-weight: 400\"><\/div><\/span><\/p>\n<ol start=\"2\">\n<li><span style=\"font-weight: 400\"> Os jogadores embaralham seus decks. Os passos 1 e 2 podem ser repetidos.<\/span><\/li>\n<\/ol>\n<p><span style=\"font-weight: 400\"><div class=\"alert alert-info\" role=\"alert\">  <\/span><i><span style=\"font-weight: 400\">Cada jogador deve apresentar o deck totalmente aleat\u00f3rio para cada jogo &#8211; um jogador n\u00e3o pode saber o local espec\u00edfico ou geral de qualquer carta no deck. &#8220;Pile shuffling&#8221;, ou colocar cartas em um determinado n\u00famero de pilhas, n\u00e3o \u00e9 considerado suficiente para este processo (MTR 3.9). Embaralhar o deck n\u00e3o \u00e9 um sinal de que as trocas de cartas da reserva j\u00e1 est\u00e3o conclu\u00eddas. Jogadores podem embaralhar e reconsiderar suas escolhas de uso da reserva contanto que isso seja feito em um tempo considerado razo\u00e1vel.<\/span><\/i><span style=\"font-weight: 400\"><\/div><\/span><\/p>\n<ol start=\"3\">\n<li><span style=\"font-weight: 400\"> Os jogadores apresentam seus decks aos seus oponentes para que sejam embaralhados novamente. A reserva (se existir) tamb\u00e9m \u00e9 apresentada neste momento.<\/span><\/li>\n<\/ol>\n<p><span style=\"font-weight: 400\"><div class=\"alert alert-info\" role=\"alert\"> <\/span><i><span style=\"font-weight: 400\">Esta cl\u00e1usula \u00e9 para evitar que os jogadores organizem seus pr\u00f3prios decks atrav\u00e9s de t\u00e1ticas de truque-de-m\u00e3os no processo de embaralhar. Os jogadores tamb\u00e9m devem permitir que seu oponente verifique a legalidade da reserva para cada jogo (o n\u00famero de cartas, mas n\u00e3o o conte\u00fado). Uma vez que um jogador apresentou o seu deck e o oponente o tenha embaralhado, o tempo para repetir os passos 1-2 acabou.<\/span><\/i><span style=\"font-weight: 400\"><\/div><\/span><\/p>\n<ol start=\"4\">\n<li><span style=\"font-weight: 400\"> O jogador apropriado deve decidir se jogar\u00e1 primeiro ou segundo, se ele n\u00e3o decidiu ainda (consulte a se\u00e7\u00e3o 2.2).<\/span><\/li>\n<\/ol>\n<p><span style=\"font-weight: 400\"><div class=\"alert alert-info\" role=\"alert\"> <\/span><i><span style=\"font-weight: 400\">Isto \u00e9 coberto no MTR 2.2 tamb\u00e9m, mas para recapitular: os jogadores decidem se querem jogar ou comprar antes de olhar para a sua m\u00e3o, pois isso poderia influenciar sua decis\u00e3o. A maioria das pessoas quer jogar primeiro de qualquer maneira, ent\u00e3o esta \u00e9 a escolha padr\u00e3o caso ele n\u00e3o tenha explicitamente anunciado.<\/span><\/i><span style=\"font-weight: 400\"><\/div><\/span><\/p>\n<ol start=\"5\">\n<li><span style=\"font-weight: 400\"> Cada jogador compra sete cards. Opcionalmente, esses cards podem ser colocados com a face voltada para baixo na mesa.<\/span><\/li>\n<\/ol>\n<p><span style=\"font-weight: 400\"><div class=\"alert alert-info\" role=\"alert\"> <\/span><i><span style=\"font-weight: 400\">Esta regra define o tamanho da m\u00e3o inicial para o jogo de torneio sancionado. O m\u00e9todo de compra destas cartas \u00e9 indiferente, desde que at\u00e9 sete cartas sejam compradas.Proceder com as cartas viradas para baixo na mesa n\u00e3o significa que elas foram compradas. Muitos jogadores fazem isso para contar as cartas para ter certeza de que eles compraram o n\u00famero correto.<\/span><\/i><span style=\"font-weight: 400\"><\/div><\/span><\/p>\n<ol start=\"6\">\n<li><span style=\"font-weight: 400\"> Cada jogador, em ordem de turno, pode fazer um mulligan. (Regras sobre mulligans podem ser encontradas nas Regras Abrangentes de Magic, regra 103.4). Se um jogador fizer mulligan, ele repete o processo de embaralhar e apresentar descrito acima.<\/span><\/li>\n<\/ol>\n<p><span style=\"font-weight: 400\"><div class=\"alert alert-info\" role=\"alert\"> <\/span><i><span style=\"font-weight: 400\">Uma vez que um jogador anunciou a decis\u00e3o de manter uma m\u00e3o inicial, ele ou ela n\u00e3o pode mais decidir tomar um mulligan com base na decis\u00e3o do advers\u00e1rio. Quando um jogador anuncia uma decis\u00e3o mulligan, ele ou ela \u00e9 preso a essa escolha, mesmo que seja feita fora de ordem. Observe que os passos 1-2 n\u00e3o s\u00e3o repetidos durante mulligan.A cartas n\u00e3o podem ser adicionados ou removidos do deck neste momento.<\/span><\/i><\/p>\n<p><i><span style=\"font-weight: 400\">A partir de 26 de setembro de 2015, CR regra 103.4 mudou para permitir que qualquer jogador que efetuou um mulligan fa\u00e7a uma Vid\u00eancia depois de decidir manter.<\/span><\/i><\/p>\n<p><i><span style=\"font-weight: 400\">Para todos os detalhes t\u00e9cnicos em como proceder com o Mulligan, observe CR, regra 103.4<\/span><\/i><span style=\"font-weight: 400\"><\/div><\/span><\/p>\n<p><span style=\"font-weight: 400\">Considera-se que o jogo come\u00e7ou assim que todos os jogadores completarem seus mulligans. Os procedimentos de pr\u00e9-jogo podem ser realizados antes do tempo da partida ter come\u00e7ado oficialmente.<\/span><\/p>\n<p><span style=\"font-weight: 400\"><div class=\"alert alert-info\" role=\"alert\"> <\/span><i><span style=\"font-weight: 400\">Isso recompensa os jogadores pontuais, que podem ser capazes de usar todo o tempo de rodada para o jogo, enquanto ainda permite uma linha firme do que pode ser feito antes do in\u00edcio da rodada ser anunciado.<\/span><\/i><span style=\"font-weight: 400\"><\/div><\/span><\/p>\n","protected":false},"excerpt":{"rendered":"<p>Os seguintes passos devem ser executados em tempo h\u00e1bil antes de cada jogo come\u00e7ar: Se o uso de reserva (sideboard) \u00e9 permitido, os jogadores podem remover cards de seus decks e adicionar cards de suas reservas. Os jogadores embaralham seus decks. Os passos 1 e 2 podem ser repetidos. Os jogadores apresentam seus decks aos [&hellip;]<\/p>\n","protected":false},"author":249,"featured_media":0,"parent":0,"menu_order":0,"comment_status":"closed","ping_status":"closed","template":"","meta":{"footnotes":"","_links_to":"","_links_to_target":""},"language":[13],"class_list":["post-7356","page","type-page","status-publish","hentry","language-pt_br"],"_links":{"self":[{"href":"https:\/\/blogs.magicjudges.org\/rules\/wp-json\/wp\/v2\/pages\/7356","targetHints":{"allow":["GET"]}}],"collection":[{"href":"https:\/\/blogs.magicjudges.org\/rules\/wp-json\/wp\/v2\/pages"}],"about":[{"href":"https:\/\/blogs.magicjudges.org\/rules\/wp-json\/wp\/v2\/types\/page"}],"author":[{"embeddable":true,"href":"https:\/\/blogs.magicjudges.org\/rules\/wp-json\/wp\/v2\/users\/249"}],"replies":[{"embeddable":true,"href":"https:\/\/blogs.magicjudges.org\/rules\/wp-json\/wp\/v2\/comments?post=7356"}],"version-history":[{"count":1,"href":"https:\/\/blogs.magicjudges.org\/rules\/wp-json\/wp\/v2\/pages\/7356\/revisions"}],"predecessor-version":[{"id":7357,"href":"https:\/\/blogs.magicjudges.org\/rules\/wp-json\/wp\/v2\/pages\/7356\/revisions\/7357"}],"wp:attachment":[{"href":"https:\/\/blogs.magicjudges.org\/rules\/wp-json\/wp\/v2\/media?parent=7356"}],"wp:term":[{"taxonomy":"language","embeddable":true,"href":"https:\/\/blogs.magicjudges.org\/rules\/wp-json\/wp\/v2\/language?post=7356"}],"curies":[{"name":"wp","href":"https:\/\/api.w.org\/{rel}","templated":true}]}}