{"id":7358,"date":"2018-01-10T21:29:10","date_gmt":"2018-01-10T18:29:10","guid":{"rendered":"http:\/\/blogs.magicjudges.org\/rules\/?page_id=7358"},"modified":"2018-01-10T21:29:53","modified_gmt":"2018-01-10T18:29:53","slug":"mtr2-4-pt","status":"publish","type":"page","link":"https:\/\/blogs.magicjudges.org\/rules\/mtr2-4-pt\/","title":{"rendered":"MTR 2.4 Concess\u00e3o ou empate intencional de jogos ou partidas"},"content":{"rendered":"<p><span style=\"font-weight: 400\">Se um jogo ou partida n\u00e3o tiver terminado, os jogadores podem conceder ou decidir empatar aquele jogo ou partida. <\/span><\/p>\n<p>&nbsp;<\/p>\n<p><span style=\"font-weight: 400\"><div class=\"alert alert-info\" role=\"alert\">  <\/span><i><span style=\"font-weight: 400\">Enquanto a nota sobre concess\u00e3o \u00e9 geralmente \u00f3bvia porque os jogadores n\u00e3o podem ser mantidos no local do torneio contra a sua vontade, os jogadores t\u00eam a oportunidade de empatar intencionalmente para evitar o Jogo Lento intencional e outros resultados indesej\u00e1veis que poderiam afetar negativamente o torneio como um todo. Se os jogadores n\u00e3o tivessem permiss\u00e3o para empatar intencionalmente, mas um empate continuaria a beneficiar ambos os jogadores, estariamos encorajando os jogadores a &#8220;empatarem intencionalmente sem inten\u00e7\u00e3o&#8221; jogando devagar, ou pior, jogando a um ritmo razo\u00e1vel, mas decidindo nunca atacar e eventualmente apenas Protelar o jogo todo, que apenas desperdi\u00e7ar o tempo de todos.<\/span><\/i><\/p>\n<p><i><span style=\"font-weight: 400\">Os jogadores tamb\u00e9m podem concordar em empatar apenas um jogo espec\u00edfico, que deve ser relatado com precis\u00e3o ao Scorekeeper (por exemplo, 2-1-1) para fins de crit\u00e9rio de desempate.<\/span><\/i><span style=\"font-weight: 400\"><\/div><\/span><\/p>\n<p>&nbsp;<\/p>\n<p><span style=\"font-weight: 400\">Uma partida \u00e9 considerada terminada assim que a ficha de resultado tiver sido preenchida, ou se fichas de resultado n\u00e3o estiverem sendo utilizadas, quando um jogador sair da mesa ap\u00f3s o jogo em si ter terminado. <\/span><\/p>\n<p>&nbsp;<\/p>\n<p><span style=\"font-weight: 400\"><div class=\"alert alert-info\" role=\"alert\">  \u00a0<\/span><i><span style=\"font-weight: 400\">Esta regra est\u00e1 aqui para impedir que os jogadores precisem ser precisos na forma como determinam um vencedor. Se um jogador derrotou, ou est\u00e1 prestes a derrotar o seu oponente, eles ainda podem conceder, desde que a filipeta n\u00e3o tenha sido preenchida ou entregue Isso permite que os jogadores possam conceder a qualquer momento sem cometer uma Fraude de Torneio.<\/span><\/i><span style=\"font-weight: 400\"><\/div><\/span><\/p>\n<p>&nbsp;<\/p>\n<p><span style=\"font-weight: 400\">At\u00e9 aquele ponto, qualquer jogador pode conceder ou empatar com o outro, por\u00e9m se o jogador concedendo ganhou um jogo na partida, a partida deve ser reportada como 2-1. Empates intencionais em que nenhum jogo foi conclu\u00eddo devem sempre ser reportados como 0-0-3 ou usando o bot\u00e3o de \u201cempate\u201d (0-0) no Wizards Event Reporter (WER).<\/span><\/p>\n<p>&nbsp;<\/p>\n<p><span style=\"font-weight: 400\"><div class=\"alert alert-info\" role=\"alert\">  <\/span><i><span style=\"font-weight: 400\">Todos os jogos realmente jogados devem ser reportados com precis\u00e3o, j\u00e1 que alguns desempates de torneios s\u00e3o dependentes de jogos ganhos e perdidos. A nota para empates intencionais codifica e padroniza a pr\u00e1tica de pontua\u00e7\u00e3o.<\/span><\/i><span style=\"font-weight: 400\"><\/div><\/span><\/p>\n<p>&nbsp;<\/p>\n<p><span style=\"font-weight: 400\">Os jogadores n\u00e3o podem decidir conceder ou empatar em troca de qualquer incentivo. Faz\u00ea-lo \u00e9 considerado Suborno (ver se\u00e7\u00e3o 5.2).<\/span><\/p>\n<p>&nbsp;<\/p>\n<p><span style=\"font-weight: 400\"><div class=\"alert alert-info\" role=\"alert\">  <\/span><i><span style=\"font-weight: 400\">Ignor\u00e2ncia desta regra n\u00e3o \u00e9 uma defesa por ter infringido ela, e faz\u00ea-lo leva a uma penalidade de desqualifica\u00e7\u00e3o (ver IPG 4.4: Suborno e Apostas). Um jogador que \u00e9 oferecido qualquer recompensa ou incentivo deve alertar um juiz imediatamente.<\/span><\/i><span style=\"font-weight: 400\"><\/div><\/span><\/p>\n<p><span style=\"font-weight: 400\">Se um jogador se recusa a jogar, assume-se que o mesmo concedeu a partida.<\/span><\/p>\n<p>&nbsp;<\/p>\n<p><span style=\"font-weight: 400\"><div class=\"alert alert-info\" role=\"alert\"> <\/span><i><span style=\"font-weight: 400\">Mas ajuda a todos os outros se esse jogador se lembra de verificar a caixa &#8220;Drop&#8221; em sua filipeta de resultado da rodada anterior. Um jogador estar presente, mas se recusando a jogar por algum motivo cai sob este ponto, embora isso seja excepcionalmente raro.<\/span><\/i><span style=\"font-weight: 400\"><\/div><\/span><\/p>\n","protected":false},"excerpt":{"rendered":"<p>Se um jogo ou partida n\u00e3o tiver terminado, os jogadores podem conceder ou decidir empatar aquele jogo ou partida. &nbsp; &nbsp; Uma partida \u00e9 considerada terminada assim que a ficha de resultado tiver sido preenchida, ou se fichas de resultado n\u00e3o estiverem sendo utilizadas, quando um jogador sair da mesa ap\u00f3s o jogo em si [&hellip;]<\/p>\n","protected":false},"author":249,"featured_media":0,"parent":0,"menu_order":0,"comment_status":"closed","ping_status":"closed","template":"","meta":{"footnotes":"","_links_to":"","_links_to_target":""},"language":[13],"class_list":["post-7358","page","type-page","status-publish","hentry","language-pt_br"],"_links":{"self":[{"href":"https:\/\/blogs.magicjudges.org\/rules\/wp-json\/wp\/v2\/pages\/7358","targetHints":{"allow":["GET"]}}],"collection":[{"href":"https:\/\/blogs.magicjudges.org\/rules\/wp-json\/wp\/v2\/pages"}],"about":[{"href":"https:\/\/blogs.magicjudges.org\/rules\/wp-json\/wp\/v2\/types\/page"}],"author":[{"embeddable":true,"href":"https:\/\/blogs.magicjudges.org\/rules\/wp-json\/wp\/v2\/users\/249"}],"replies":[{"embeddable":true,"href":"https:\/\/blogs.magicjudges.org\/rules\/wp-json\/wp\/v2\/comments?post=7358"}],"version-history":[{"count":2,"href":"https:\/\/blogs.magicjudges.org\/rules\/wp-json\/wp\/v2\/pages\/7358\/revisions"}],"predecessor-version":[{"id":7360,"href":"https:\/\/blogs.magicjudges.org\/rules\/wp-json\/wp\/v2\/pages\/7358\/revisions\/7360"}],"wp:attachment":[{"href":"https:\/\/blogs.magicjudges.org\/rules\/wp-json\/wp\/v2\/media?parent=7358"}],"wp:term":[{"taxonomy":"language","embeddable":true,"href":"https:\/\/blogs.magicjudges.org\/rules\/wp-json\/wp\/v2\/language?post=7358"}],"curies":[{"name":"wp","href":"https:\/\/api.w.org\/{rel}","templated":true}]}}