{"id":7362,"date":"2018-01-10T21:33:13","date_gmt":"2018-01-10T18:33:13","guid":{"rendered":"http:\/\/blogs.magicjudges.org\/rules\/?page_id=7362"},"modified":"2018-01-10T21:33:13","modified_gmt":"2018-01-10T18:33:13","slug":"mtr2-6-pt","status":"publish","type":"page","link":"https:\/\/blogs.magicjudges.org\/rules\/mtr2-6-pt\/","title":{"rendered":"MTR 2.6 Extens\u00f5es de Tempo"},"content":{"rendered":"<p><span style=\"font-weight: 400\">Se um juiz interrompe uma partida por mais de um minuto enquanto o tempo da rodada est\u00e1 correndo, o mesmo deve estender o tempo da partida adequadamente. <\/span><\/p>\n<p>&nbsp;<\/p>\n<p><span style=\"font-weight: 400\"><div class=\"alert alert-info\" role=\"alert\">  <\/span><i><span style=\"font-weight: 400\">Os jogadores tem direito a utilizar todo o tempo da rodada para jogar sua partida de Magic. Caso haja alguma interrup\u00e7\u00e3o extens\u00f5es de tempo s\u00e3o usadas para permitir que os jogadores completem seus jogos. Jogadores que possu\u00edrem extens\u00f5es de tempo devem chamar um ju\u00edz quando acabar o tempo da rodada para assegurar que o jogo continue e o tempo seja garantido.<\/span><\/i><span style=\"font-weight: 400\"><\/div><\/span><\/p>\n<p>&nbsp;<\/p>\n<p><span style=\"font-weight: 400\">Se uma partida foi interrompida para realizar uma verifica\u00e7\u00e3o de deck, os jogadores recebem tempo adicional igual ao tempo que a verifica\u00e7\u00e3o de deck levou e mais tr\u00eas minutos.<\/span><\/p>\n<p>&nbsp;<\/p>\n<p><span style=\"font-weight: 400\"><div class=\"alert alert-info\" role=\"alert\">  <\/span><i><span style=\"font-weight: 400\">Como uma verifica\u00e7\u00e3o de deck normalmente coloca o deck numa ordem n\u00e3o aleat\u00f3ria, os jogadores devem receber um tempo adequado para embaralhar seus decks antes de come\u00e7ar o jogo. Apesar de n\u00e3o ser documentado, o tempo padr\u00e3o para procedimentos antes e entre os jogos \u00e9 de tr\u00eas minutos, ent\u00e3o esse tempo \u00e9 concedido a cada jogador.<\/span><\/i><span style=\"font-weight: 400\"><\/div><\/span><\/p>\n<p>&nbsp;<\/p>\n<p><span style=\"font-weight: 400\">Partidas de apresenta\u00e7\u00e3o em um torneio com transmiss\u00e3o online recebem uma extens\u00e3o de tempo igual a tr\u00eas minutos mais o tempo decorrido da rodada at\u00e9 que os jogadores tenham chegado a suas mesas. Isso n\u00e3o \u00e9 necess\u00e1rio se as partidas de apresenta\u00e7\u00e3o estiverem sendo cronometradas separadamente.<\/span><\/p>\n<p>&nbsp;<\/p>\n<p><span style=\"font-weight: 400\"><div class=\"alert alert-info\" role=\"alert\"> <\/span><i><span style=\"font-weight: 400\">Jogadores que est\u00e3o em partidas transmitidas fazem isso a pedido do organizador. N\u00e3o queremos coloc\u00e1-los em desvantagem s\u00f3 por estarem em uma partida interessante de assistir e estarem fazendo um favor ao OT. Se a partida de transmitida estiver sendo cronometrada separadamente, obviamente, n\u00e3o precisamos nos preocupar com os jogadores estarem em desvantagem.<\/span><\/i><span style=\"font-weight: 400\"><\/div><\/span><\/p>\n<p>&nbsp;<\/p>\n<p><span style=\"font-weight: 400\">Certas penalidades por jogo lento adicionam turnos em vez de uma extens\u00e3o de tempo. Estes turnos adicionais s\u00e3o acrescidos aos turnos adicionais no final da partida.<\/span><\/p>\n<p>&nbsp;<\/p>\n<p><span style=\"font-weight: 400\"><div class=\"alert alert-info\" role=\"alert\"> <\/span><i><span style=\"font-weight: 400\">Para mais informa\u00e7\u00f5es consultar a se\u00e7\u00e3o 3.3 do IPG: Jogo Lento. Se um jogador receber uma advert\u00eancia por jogo lento, cada jogador recebe um turno adicional, totalizando sete turnos adicionais caso um jogador seja advertido e nove se ambos forem.<\/span><\/i><\/p>\n<p><i><span style=\"font-weight: 400\">Note que nenhum turno adicional \u00e9 recebido caso a penalidade por jogo lento seja aplicada durante o procedimento de turnos extras. Isso \u00e9 feito para tentar reembolsar parte do tempo perdido, sem quantificar esse tempo.<\/span><\/i><span style=\"font-weight: 400\"><\/div><\/span><\/p>\n","protected":false},"excerpt":{"rendered":"<p>Se um juiz interrompe uma partida por mais de um minuto enquanto o tempo da rodada est\u00e1 correndo, o mesmo deve estender o tempo da partida adequadamente. &nbsp; &nbsp; Se uma partida foi interrompida para realizar uma verifica\u00e7\u00e3o de deck, os jogadores recebem tempo adicional igual ao tempo que a verifica\u00e7\u00e3o de deck levou e [&hellip;]<\/p>\n","protected":false},"author":249,"featured_media":0,"parent":0,"menu_order":0,"comment_status":"closed","ping_status":"closed","template":"","meta":{"footnotes":"","_links_to":"","_links_to_target":""},"language":[13],"class_list":["post-7362","page","type-page","status-publish","hentry","language-pt_br"],"_links":{"self":[{"href":"https:\/\/blogs.magicjudges.org\/rules\/wp-json\/wp\/v2\/pages\/7362","targetHints":{"allow":["GET"]}}],"collection":[{"href":"https:\/\/blogs.magicjudges.org\/rules\/wp-json\/wp\/v2\/pages"}],"about":[{"href":"https:\/\/blogs.magicjudges.org\/rules\/wp-json\/wp\/v2\/types\/page"}],"author":[{"embeddable":true,"href":"https:\/\/blogs.magicjudges.org\/rules\/wp-json\/wp\/v2\/users\/249"}],"replies":[{"embeddable":true,"href":"https:\/\/blogs.magicjudges.org\/rules\/wp-json\/wp\/v2\/comments?post=7362"}],"version-history":[{"count":1,"href":"https:\/\/blogs.magicjudges.org\/rules\/wp-json\/wp\/v2\/pages\/7362\/revisions"}],"predecessor-version":[{"id":7365,"href":"https:\/\/blogs.magicjudges.org\/rules\/wp-json\/wp\/v2\/pages\/7362\/revisions\/7365"}],"wp:attachment":[{"href":"https:\/\/blogs.magicjudges.org\/rules\/wp-json\/wp\/v2\/media?parent=7362"}],"wp:term":[{"taxonomy":"language","embeddable":true,"href":"https:\/\/blogs.magicjudges.org\/rules\/wp-json\/wp\/v2\/language?post=7362"}],"curies":[{"name":"wp","href":"https:\/\/api.w.org\/{rel}","templated":true}]}}