{"id":7364,"date":"2018-01-10T21:34:22","date_gmt":"2018-01-10T18:34:22","guid":{"rendered":"http:\/\/blogs.magicjudges.org\/rules\/?page_id=7364"},"modified":"2018-01-10T21:34:22","modified_gmt":"2018-01-10T18:34:22","slug":"mtr2-7-pt","status":"publish","type":"page","link":"https:\/\/blogs.magicjudges.org\/rules\/mtr2-7-pt\/","title":{"rendered":"MTR 2.7 Registro de deck"},"content":{"rendered":"<p><span style=\"font-weight: 400\">Os jogadores devem registrar seus decks e reservas (se aplic\u00e1vel) em torneios com N\u00edvel de Aplica\u00e7\u00e3o de Regras Competitivo e Profissional. O Juiz &#8211; Mor pode pedir que os decks em torneios com N\u00edvel de Aplica\u00e7\u00e3o de Regras Regular sejam registrados.<\/span><\/p>\n<p>&nbsp;<\/p>\n<p><span style=\"font-weight: 400\"><div class=\"alert alert-info\" role=\"alert\">  <\/span><i><span style=\"font-weight: 400\">Se um juiz ou organizador de torneios quiser ter listas de deck no REL Regular, deve certificar-se de que eles informem os jogadores o mais cedo poss\u00edvel. Se um juiz ou organizador de torneios decidir que o evento \u00e9 suficientemente s\u00e9rio para justificar listas de deck REL Regular, no entanto, eles podem querer alterar o REL para Competitivo.Eventos com REL Regular com lista de decks s\u00e3o muito raros.<\/span><\/i><span style=\"font-weight: 400\"><\/div><\/span><\/p>\n<p>&nbsp;<\/p>\n<p><span style=\"font-weight: 400\">Os jogadores em torneios individuais Limitados utilizando listas de deck n\u00e3o podem se comunicar ou revelar informa\u00e7\u00f5es escondidas para quaisquer jogadores ou espectadores at\u00e9 depois de terem entregado suas listas de deck.<\/span><\/p>\n<p>&nbsp;<\/p>\n<p><span style=\"font-weight: 400\"><div class=\"alert alert-info\" role=\"alert\">  <\/span><i><span style=\"font-weight: 400\">Isso n\u00e3o significa que os jogadores n\u00e3o podem se comunicar, mas eles absolutamente n\u00e3o devem falar sobre seus decks ou trocar qualquer forma de informa\u00e7\u00e3o estrat\u00e9gica. Uma vez que o evento seja provavelmente REL Competitivo, os jogadores n\u00e3o est\u00e3o autorizados a ajudar uns aos outros a construir decks. Fazer isso \u00e9 uma Viola\u00e7\u00e3o de Procedimento Limitado, ou potencialmente Assist\u00eancia Externa, e deve ser manuseado de acordo com o IPG.<\/span><\/i><span style=\"font-weight: 400\"><\/div><\/span><\/p>\n<p>&nbsp;<\/p>\n<p><span style=\"font-weight: 400\">As listas de deck registradas devem conter a composi\u00e7\u00e3o original de cada deck e reserva (se aplic\u00e1vel). Uma vez que sua lista de deck foi aceita por um oficial do torneio, ela n\u00e3o pode mais ser alterada.<\/span><\/p>\n<p>&nbsp;<\/p>\n<p><span style=\"font-weight: 400\"><div class=\"alert alert-info\" role=\"alert\">  <\/span><i><span style=\"font-weight: 400\">Alterar uma lista de deck depois de ter sido aceito por um oficial de torneio n\u00e3o \u00e9 permitido porque os jogadores podem obter informa\u00e7\u00f5es estrat\u00e9gicas adicionais, esperando por um amigo para ajud\u00e1-los a decidir do que jogar ou espiando oponentes. Um juiz \u00e9 autorizado a alterar a lista de deck ao aplicar a corre\u00e7\u00e3o para um Problema Deck \/ Decklist.<\/span><\/i><span style=\"font-weight: 400\"><\/div><\/span><\/p>\n<p>&nbsp;<\/p>\n<p><span style=\"font-weight: 400\">Em torneios Constru\u00eddos, as listas de decks devem ser submetidas a um oficial do torneio antes do in\u00edcio da 1\u00aa rodada, mesmo que o jogador tenha recebido bye para a rodada. Em torneios Limitados, as listas de decks devem ser submetidas a um oficial do torneio antes do in\u00edcio da primeira rodada na qual o jogador participa e n\u00e3o tenha recebido bye.<\/span><\/p>\n<p>&nbsp;<\/p>\n<p><span style=\"font-weight: 400\"><div class=\"alert alert-info\" role=\"alert\"> <\/span><i><span style=\"font-weight: 400\">Esta regra \u00e9 essencialmente o que permite que o Sleep In exista! Podemos permitir que os jogadores apare\u00e7am at\u00e9 eventos limitados do Grand Prix aproximadamente na rodada antes que eles estejam agendados para jogar, a fim de construir seu deck com bastante tempo restante.<\/span><\/i><span style=\"font-weight: 400\"><\/div><\/span><\/p>\n<p>&nbsp;<\/p>\n<p><span style=\"font-weight: 400\">Os jogadores t\u00eam o direito de pedir para ver sua lista de deck entre as partidas. Tal pedido ser\u00e1 atendido se for logisticamente poss\u00edvel.<\/span><\/p>\n<p><span style=\"font-weight: 400\"><div class=\"alert alert-info\" role=\"alert\"> <\/span><i><span style=\"font-weight: 400\">O que \u00e9 logisticamente poss\u00edvel est\u00e1 a cargo dos ju\u00edzes do evento. Alguns eventos tem milhares de listas de decks coletadas ao mesmo tempo e tentar encontrar uma antes que elas sejam organizadas pode n\u00e3o ser poss\u00edvel. Se um jogador alertou um juiz para um erro antes que ele ou ela pudesse ganhar vantagem ou antes do evento ter come\u00e7ado, por favor, esteja atento a essas informa\u00e7\u00f5es se n\u00e3o puder fornecer a ele sua lista. Al\u00e9m disso, os jogadores muitas vezes v\u00e3o tirar uma foto de sua lista de deck, uma vez que eles tenham solicitado, para o seu uso futuro.<\/span><\/i><span style=\"font-weight: 400\"><\/div><\/span><\/p>\n<p>&nbsp;<\/p>\n<p><span style=\"font-weight: 400\">Geralmente, as listas dos decks n\u00e3o s\u00e3o informa\u00e7\u00f5es p\u00fablicas e n\u00e3o s\u00e3o compartilhadas com outros jogadores durante um torneio. No formato Constru\u00eddo, torneios com N\u00edvel de Aplica\u00e7\u00e3o de Regras Profissional (Pro Tour, World Magic Cup, World Championship e Grand Prix), c\u00f3pias das listas de decks dos advers\u00e1rios ser\u00e3o fornecidas aos jogadores para as partidas finais de eliminat\u00f3ria simples.<\/span><\/p>\n<p>&nbsp;<\/p>\n<p><span style=\"font-weight: 400\"><div class=\"alert alert-info\" role=\"alert\"> <\/span><i><span style=\"font-weight: 400\">Nos playoffs de uma eliminat\u00f3ria simples de eventos limitados, as chances de seu advers\u00e1rio ganhar informa\u00e7\u00f5es sobre sua lista de deck s\u00e3o muito menores. Como tal, apenas fornecemos listas de deck para eventos de formato constru\u00eddo. Star City Games Open Series tamb\u00e9m permitiram que os 8 melhores jogadores visualizassem as listas de deck dos advers\u00e1rios. Observe que, embora eles tenham a lista de deck, ela \u00e9 considerada como notas tomadas fora do jogo para que os jogadores s\u00f3 possam visualiz\u00e1-las enquanto estiverem entre os jogos.<\/span><\/i><span style=\"font-weight: 400\"><\/div><\/span><\/p>\n","protected":false},"excerpt":{"rendered":"<p>Os jogadores devem registrar seus decks e reservas (se aplic\u00e1vel) em torneios com N\u00edvel de Aplica\u00e7\u00e3o de Regras Competitivo e Profissional. O Juiz &#8211; Mor pode pedir que os decks em torneios com N\u00edvel de Aplica\u00e7\u00e3o de Regras Regular sejam registrados. &nbsp; &nbsp; Os jogadores em torneios individuais Limitados utilizando listas de deck n\u00e3o podem [&hellip;]<\/p>\n","protected":false},"author":249,"featured_media":0,"parent":0,"menu_order":0,"comment_status":"closed","ping_status":"closed","template":"","meta":{"footnotes":"","_links_to":"","_links_to_target":""},"language":[13],"class_list":["post-7364","page","type-page","status-publish","hentry","language-pt_br"],"_links":{"self":[{"href":"https:\/\/blogs.magicjudges.org\/rules\/wp-json\/wp\/v2\/pages\/7364","targetHints":{"allow":["GET"]}}],"collection":[{"href":"https:\/\/blogs.magicjudges.org\/rules\/wp-json\/wp\/v2\/pages"}],"about":[{"href":"https:\/\/blogs.magicjudges.org\/rules\/wp-json\/wp\/v2\/types\/page"}],"author":[{"embeddable":true,"href":"https:\/\/blogs.magicjudges.org\/rules\/wp-json\/wp\/v2\/users\/249"}],"replies":[{"embeddable":true,"href":"https:\/\/blogs.magicjudges.org\/rules\/wp-json\/wp\/v2\/comments?post=7364"}],"version-history":[{"count":1,"href":"https:\/\/blogs.magicjudges.org\/rules\/wp-json\/wp\/v2\/pages\/7364\/revisions"}],"predecessor-version":[{"id":7366,"href":"https:\/\/blogs.magicjudges.org\/rules\/wp-json\/wp\/v2\/pages\/7364\/revisions\/7366"}],"wp:attachment":[{"href":"https:\/\/blogs.magicjudges.org\/rules\/wp-json\/wp\/v2\/media?parent=7364"}],"wp:term":[{"taxonomy":"language","embeddable":true,"href":"https:\/\/blogs.magicjudges.org\/rules\/wp-json\/wp\/v2\/language?post=7364"}],"curies":[{"name":"wp","href":"https:\/\/api.w.org\/{rel}","templated":true}]}}