{"id":7367,"date":"2018-01-10T21:55:14","date_gmt":"2018-01-10T18:55:14","guid":{"rendered":"http:\/\/blogs.magicjudges.org\/rules\/?page_id=7367"},"modified":"2018-01-10T21:55:14","modified_gmt":"2018-01-10T18:55:14","slug":"mtr2-8-pt","status":"publish","type":"page","link":"https:\/\/blogs.magicjudges.org\/rules\/mtr2-8-pt\/","title":{"rendered":"MTR 2.8 Verifica\u00e7\u00f5es de Deck"},"content":{"rendered":"<p><span style=\"font-weight: 400\">As verifica\u00e7\u00f5es de decks devem ser realizadas em todos os torneios com N\u00edvel de Aplica\u00e7\u00e3o de Regras Competitivo e Profissional, e o Juiz-Mor tem a op\u00e7\u00e3o de realizar verifica\u00e7\u00f5es de decks nos torneios com N\u00edvel de Aplica\u00e7\u00e3o de Regras Regular. <\/span><\/p>\n<p><span style=\"font-weight: 400\"><div class=\"alert alert-info\" role=\"alert\"> <\/span><i><span style=\"font-weight: 400\">Note que isso \u00e9 uma recomenda\u00e7\u00e3o. Apesar de checagens de deck serem muito importantes, o torneio sempre tem prioridade. A cobertura do sal\u00e3o tem prioridade sobre checar decks. Checagens de deck s\u00e3o uma forma de tentar frustrar certas formas de trapa\u00e7a. O maior fator \u00e9 que elas agem como impedimento, desencorajando jogadores a fazer qualquer coisa desonesta com seus decks, j\u00e1 que checagens de deck est\u00e3o sendo feitas.<\/span><\/i><span style=\"font-weight: 400\"><\/div><\/span><\/p>\n<p><span style=\"font-weight: 400\">Pelo menos dez por cento de todos os decks devem ser verificados ao longo do torneio. Uma verifica\u00e7\u00e3o de deck completa n\u00e3o deve ser realizada se um jogador tiver comprado uma m\u00e3o inicial e potencialmente tomou decis\u00f5es de mulligan.<\/span><\/p>\n<p><span style=\"font-weight: 400\"><div class=\"alert alert-info\" role=\"alert\"> <\/span><i><span style=\"font-weight: 400\">Por favor note que isso \u00e9 uma mudan\u00e7a! Enquanto no passado simplesmente era recomendado que uma checagem n\u00e3o fosse feita assim que um jogador tiver comprado a sua m\u00e3o, agora \u00e9 determinado que uma checagem completa n\u00e3o pode ser performada. Realisticamente, a n\u00e3o ser que tenha uma raz\u00e3o maior para aqueles jogadores e particular, \u00e9 simplesmente melhor escolher uma partida diferente para fazer a checagem de decks.<\/span><\/i><span style=\"font-weight: 400\"><\/div><\/span><\/p>\n","protected":false},"excerpt":{"rendered":"<p>As verifica\u00e7\u00f5es de decks devem ser realizadas em todos os torneios com N\u00edvel de Aplica\u00e7\u00e3o de Regras Competitivo e Profissional, e o Juiz-Mor tem a op\u00e7\u00e3o de realizar verifica\u00e7\u00f5es de decks nos torneios com N\u00edvel de Aplica\u00e7\u00e3o de Regras Regular. Pelo menos dez por cento de todos os decks devem ser verificados ao longo do [&hellip;]<\/p>\n","protected":false},"author":249,"featured_media":0,"parent":0,"menu_order":0,"comment_status":"closed","ping_status":"closed","template":"","meta":{"footnotes":"","_links_to":"","_links_to_target":""},"language":[13],"class_list":["post-7367","page","type-page","status-publish","hentry","language-pt_br"],"_links":{"self":[{"href":"https:\/\/blogs.magicjudges.org\/rules\/wp-json\/wp\/v2\/pages\/7367","targetHints":{"allow":["GET"]}}],"collection":[{"href":"https:\/\/blogs.magicjudges.org\/rules\/wp-json\/wp\/v2\/pages"}],"about":[{"href":"https:\/\/blogs.magicjudges.org\/rules\/wp-json\/wp\/v2\/types\/page"}],"author":[{"embeddable":true,"href":"https:\/\/blogs.magicjudges.org\/rules\/wp-json\/wp\/v2\/users\/249"}],"replies":[{"embeddable":true,"href":"https:\/\/blogs.magicjudges.org\/rules\/wp-json\/wp\/v2\/comments?post=7367"}],"version-history":[{"count":1,"href":"https:\/\/blogs.magicjudges.org\/rules\/wp-json\/wp\/v2\/pages\/7367\/revisions"}],"predecessor-version":[{"id":7370,"href":"https:\/\/blogs.magicjudges.org\/rules\/wp-json\/wp\/v2\/pages\/7367\/revisions\/7370"}],"wp:attachment":[{"href":"https:\/\/blogs.magicjudges.org\/rules\/wp-json\/wp\/v2\/media?parent=7367"}],"wp:term":[{"taxonomy":"language","embeddable":true,"href":"https:\/\/blogs.magicjudges.org\/rules\/wp-json\/wp\/v2\/language?post=7367"}],"curies":[{"name":"wp","href":"https:\/\/api.w.org\/{rel}","templated":true}]}}