{"id":7368,"date":"2018-01-10T21:56:17","date_gmt":"2018-01-10T18:56:17","guid":{"rendered":"http:\/\/blogs.magicjudges.org\/rules\/?page_id=7368"},"modified":"2018-01-10T21:56:17","modified_gmt":"2018-01-10T18:56:17","slug":"mtr2-9-pt","status":"publish","type":"page","link":"https:\/\/blogs.magicjudges.org\/rules\/mtr2-9-pt\/","title":{"rendered":"MTR 2.9 Apelos ao Juiz-mor"},"content":{"rendered":"<p><span style=\"font-weight: 400\">Se um jogador discorda da decis\u00e3o de um juiz, ele pode recorrer da decis\u00e3o ao Juiz-Mor.<\/span><\/p>\n<p><span style=\"font-weight: 400\"><div class=\"alert alert-info\" role=\"alert\"> <\/span><i><span style=\"font-weight: 400\">O direito de apelar \u00e9 uma das prote\u00e7\u00f5es concedidas aos jogadores. Ele permite que eles tenham uma segunda opini\u00e3o caso discordem da regra do Juiz de Sal\u00e3o, ou apenas achem a penalidade \u00e9 muito severa.<\/span><\/i><span style=\"font-weight: 400\"><\/div><\/span><\/p>\n<p><span style=\"font-weight: 400\"> Em torneios maiores de n\u00edvel Premier (como o Grand Prix e Pro Tour), com a aprova\u00e7\u00e3o pr\u00e9via, o Juiz-Mor poder\u00e1 designar ju\u00edzes de apela\u00e7\u00f5es adicionais que tamb\u00e9m estar\u00e3o habilitados a receberem recursos. Eles estar\u00e3o vestindo o mesmo uniforme que o Juiz-Mor.<\/span><\/p>\n<p><span style=\"font-weight: 400\">Os jogadores n\u00e3o podem apelar antes de uma decis\u00e3o completa do juiz de sal\u00e3o que realizou o atendimento. As decis\u00f5es proferidas pelo Juiz-Mor ou designados para apela\u00e7\u00f5es s\u00e3o finais.<\/span><\/p>\n<p><span style=\"font-weight: 400\"><div class=\"alert alert-info\" role=\"alert\"> <\/span><i><span style=\"font-weight: 400\">\u00c9 exigido dos jogadores que sejam respeitosos com ju\u00edzes, o que inclui deixar com que terminem sua regra antes de discordar dela. Jogadores apelando um juiz baseado na percep\u00e7\u00e3o que tiveram dele ou em como eles pensam que o juiz dar\u00e1 a regra diminuem a autoridade daquele juiz, e pode ser considerado Conduta Antidesportiva &#8211; Menor.<\/span><\/i><span style=\"font-weight: 400\"><\/div><\/span><\/p>\n","protected":false},"excerpt":{"rendered":"<p>Se um jogador discorda da decis\u00e3o de um juiz, ele pode recorrer da decis\u00e3o ao Juiz-Mor. Em torneios maiores de n\u00edvel Premier (como o Grand Prix e Pro Tour), com a aprova\u00e7\u00e3o pr\u00e9via, o Juiz-Mor poder\u00e1 designar ju\u00edzes de apela\u00e7\u00f5es adicionais que tamb\u00e9m estar\u00e3o habilitados a receberem recursos. Eles estar\u00e3o vestindo o mesmo uniforme que [&hellip;]<\/p>\n","protected":false},"author":249,"featured_media":0,"parent":0,"menu_order":0,"comment_status":"closed","ping_status":"closed","template":"","meta":{"footnotes":"","_links_to":"","_links_to_target":""},"language":[13],"class_list":["post-7368","page","type-page","status-publish","hentry","language-pt_br"],"_links":{"self":[{"href":"https:\/\/blogs.magicjudges.org\/rules\/wp-json\/wp\/v2\/pages\/7368","targetHints":{"allow":["GET"]}}],"collection":[{"href":"https:\/\/blogs.magicjudges.org\/rules\/wp-json\/wp\/v2\/pages"}],"about":[{"href":"https:\/\/blogs.magicjudges.org\/rules\/wp-json\/wp\/v2\/types\/page"}],"author":[{"embeddable":true,"href":"https:\/\/blogs.magicjudges.org\/rules\/wp-json\/wp\/v2\/users\/249"}],"replies":[{"embeddable":true,"href":"https:\/\/blogs.magicjudges.org\/rules\/wp-json\/wp\/v2\/comments?post=7368"}],"version-history":[{"count":1,"href":"https:\/\/blogs.magicjudges.org\/rules\/wp-json\/wp\/v2\/pages\/7368\/revisions"}],"predecessor-version":[{"id":7371,"href":"https:\/\/blogs.magicjudges.org\/rules\/wp-json\/wp\/v2\/pages\/7368\/revisions\/7371"}],"wp:attachment":[{"href":"https:\/\/blogs.magicjudges.org\/rules\/wp-json\/wp\/v2\/media?parent=7368"}],"wp:term":[{"taxonomy":"language","embeddable":true,"href":"https:\/\/blogs.magicjudges.org\/rules\/wp-json\/wp\/v2\/language?post=7368"}],"curies":[{"name":"wp","href":"https:\/\/api.w.org\/{rel}","templated":true}]}}