{"id":7369,"date":"2018-01-10T21:58:00","date_gmt":"2018-01-10T18:58:00","guid":{"rendered":"http:\/\/blogs.magicjudges.org\/rules\/?page_id=7369"},"modified":"2018-01-10T21:58:00","modified_gmt":"2018-01-10T18:58:00","slug":"mtr2-10-pt","status":"publish","type":"page","link":"https:\/\/blogs.magicjudges.org\/rules\/mtr2-10-pt\/","title":{"rendered":"MTR 2.10 Deixando o torneio"},"content":{"rendered":"<p><span style=\"font-weight: 400\">Os jogadores podem deixar o torneio a qualquer momento. Se um jogador deixar o torneio antes do in\u00edcio da primeira rodada de jogo, \u00e9 considerado que ele n\u00e3o participou do torneio e ele n\u00e3o ser\u00e1 listado na ordem final e nem receber\u00e1 Pontos Planeswalker.<\/span><\/p>\n<p><span style=\"font-weight: 400\"><div class=\"alert alert-info\" role=\"alert\"> <\/span><i><span style=\"font-weight: 400\">Eles tamb\u00e9m n\u00e3o s\u00e3o considerados como tendo contribu\u00eddo para o total de participantes para o evento. Isso pode ser importante para o b\u00f4nus de participa\u00e7\u00e3o nos Pontos Planeswalker, para premia\u00e7\u00e3o adicional em eventos como o Grand Prix e para os recordes estabelecidos naquele evento.<\/span><\/i><span style=\"font-weight: 400\"><\/div><\/span><\/p>\n<p><span style=\"font-weight: 400\"> Os jogadores que escolhem sair de um torneio devem informar o scorekeeper pelos meios previstos para esse torneio antes dos emparceiramentos para a pr\u00f3xima rodada serem gerados. <\/span><\/p>\n<p><span style=\"font-weight: 400\"><div class=\"alert alert-info\" role=\"alert\"> <\/span><i><span style=\"font-weight: 400\">Especialmente em eventos maiores, h\u00e1 uma enxurrada de atividade uma vez que os emparelhamentos s\u00e3o gerados at\u00e9 ter os jogadores jogando rapidamente tornando todos felizes. Se um jogador tentar sair enquanto o emparelhamento estiver sendo postado, ele j\u00e1 estar\u00e1 emparelhado para a rodada.<\/span><\/i><span style=\"font-weight: 400\"><\/div><\/span><\/p>\n<p><span style=\"font-weight: 400\">Os jogadores que querem deixar o torneio ap\u00f3s o scorekeeper come\u00e7a a fazer o emparceiramento para a pr\u00f3xima rodada ser\u00e3o emparceirados para aquela rodada.<\/span><\/p>\n<p><span style=\"font-weight: 400\"><div class=\"alert alert-info\" role=\"alert\"> <\/span><i><span style=\"font-weight: 400\">A outra alternativa seria retirar todos os emparelhamentos que foram postados, fazer um reparo, publicar tudo de novo, e fazer v\u00e1rios an\u00fancios para tentar evitar confus\u00e3o entre aqueles que viram o primeiro conjunto de emparelhamentos. No geral, isso pode adicionar atraso not\u00e1vel para o evento.<\/span><\/i><span style=\"font-weight: 400\"><\/div><\/span><\/p>\n<p><span style=\"font-weight: 400\"> Se um jogador n\u00e3o aparecer para a sua partida, ele ser\u00e1 automaticamente retirado do torneio, a menos que se apresente ao scorekeeper. Os jogadores que repetidamente e\/ou intencionalmente sa\u00edrem dos torneios sem informar os scorekeepers desses torneios podem ser objeto de penalidades, incluindo a suspens\u00e3o.<\/span><\/p>\n<p><span style=\"font-weight: 400\"><div class=\"alert alert-info\" role=\"alert\"> <\/span><i><span style=\"font-weight: 400\">Jogadores que freq\u00fcentemente v\u00e3o embora e n\u00e3o informam ningu\u00e9m s\u00e3o ruins para a comunidade, pois obriga algu\u00e9m a ficar sentado por 10 minutos sem fazer nada, e depois por mais 40 minutos tamb\u00e9m n\u00e3o jogando Magic. Ele afeta principalmente mesas inferiores, que est\u00e3o l\u00e1 naquele ponto apenas para jogar Magic, n\u00e3o para ganhar nada.<\/span><\/i><\/p>\n<p><i><span style=\"font-weight: 400\">A linha da suspens\u00e3o detalha o fato que a Wizards of the Coast pode suspender jogadores, n\u00e3o que necessariamente o tenham feito.<\/span><\/i><span style=\"font-weight: 400\"><\/div><\/span><\/p>\n<p><span style=\"font-weight: 400\">Os jogadores que deixarem torneios Limitados ficar\u00e3o com os cards que eles devidamente t\u00eam em sua posse naquele momento. Isso inclui booster lacrados ou parcialmente draftados.<\/span><\/p>\n<p><span style=\"font-weight: 400\"><div class=\"alert alert-info\" role=\"alert\"> <\/span><i><span style=\"font-weight: 400\">Isto foi esclarecido para o Grand Prix Vegas em 2013. Os jogadores podem levar o que t\u00eam nas m\u00e3os e ir para casa. Isso cobre principalmente os jogadores que queriam sair antes de passar packs pelo valor, mas com o novo procedimento de registro, os jogadores abrem os pacotes que usar\u00e3o, em seguida, outro jogador regista. Os jogadores ainda podem sair durante esta parte, se houver restri\u00e7\u00f5es de tempo \/ etc, e eles recebem os pacotes que originalmente foram entregues.<\/span><\/i><span style=\"font-weight: 400\"><\/div><\/span><\/p>\n<p><span style=\"font-weight: 400\">Se um jogador deixa um torneio depois que um corte foi feito, como no corte para as finais de um torneio Grand Prix, nenhum outro jogador \u00e9 colocado como substituto. Em vez disso, o jogador melhor classificado e que ainda esteja no torneio recebe um bye para aquela rodada.<\/span><\/p>\n<p><span style=\"font-weight: 400\"><div class=\"alert alert-info\" role=\"alert\"> <\/span><i><span style=\"font-weight: 400\">\u00c9 raro um jogador sair voluntariamente ap\u00f3s um corte ter sido feito, mas as emerg\u00eancias acontecem. No entanto, \u00e0s vezes um jogador \u00e9 retirado involuntariamente devido a uma desqualifica\u00e7\u00e3o. Se isso ocorrer, os ju\u00edzes n\u00e3o devem avan\u00e7ar outros jogadores para o Top X.<\/span><\/i><span style=\"font-weight: 400\"><\/div><\/span><\/p>\n<p><span style=\"font-weight: 400\">Os jogadores que deixarem o torneio podem entrar novamente no torneio a crit\u00e9rio do Juiz-Mor. Os jogadores n\u00e3o podem entrar novamente numa parte do torneio que requeira um draft ou constru\u00e7\u00e3o que eles n\u00e3o participaram ou constru\u00edram. Os jogadores n\u00e3o podem reentrar num torneio ap\u00f3s qualquer corte ser feito.<\/span><\/p>\n<p><span style=\"font-weight: 400\"><div class=\"alert alert-info\" role=\"alert\"> <\/span><i><span style=\"font-weight: 400\">Ao considerar se deve ou n\u00e3o reentrar um jogador no evento, o Juiz Principal deve olhar qu\u00e3o disruptivo seria para o evento como um todo.<\/span><\/i><\/p>\n<p><i><span style=\"font-weight: 400\">Os jogadores n\u00e3o podem entrar em uma parte do evento que exige um draft ou deck selado se eles n\u00e3o tem um deck legal com o qual jogar seus jogos.<\/span><\/i><span style=\"font-weight: 400\"><\/div><\/span><\/p>\n<p><span style=\"font-weight: 400\">Os jogadores n\u00e3o podem deixar um torneio em troca ou influenciados pela oferta de qualquer recompensa ou incentivo. Fazer isso \u00e9 considerado Suborno (consulte a se\u00e7\u00e3o 5.2).<\/span><\/p>\n","protected":false},"excerpt":{"rendered":"<p>Os jogadores podem deixar o torneio a qualquer momento. Se um jogador deixar o torneio antes do in\u00edcio da primeira rodada de jogo, \u00e9 considerado que ele n\u00e3o participou do torneio e ele n\u00e3o ser\u00e1 listado na ordem final e nem receber\u00e1 Pontos Planeswalker. Os jogadores que escolhem sair de um torneio devem informar o [&hellip;]<\/p>\n","protected":false},"author":249,"featured_media":0,"parent":0,"menu_order":0,"comment_status":"closed","ping_status":"closed","template":"","meta":{"footnotes":"","_links_to":"","_links_to_target":""},"language":[13],"class_list":["post-7369","page","type-page","status-publish","hentry","language-pt_br"],"_links":{"self":[{"href":"https:\/\/blogs.magicjudges.org\/rules\/wp-json\/wp\/v2\/pages\/7369","targetHints":{"allow":["GET"]}}],"collection":[{"href":"https:\/\/blogs.magicjudges.org\/rules\/wp-json\/wp\/v2\/pages"}],"about":[{"href":"https:\/\/blogs.magicjudges.org\/rules\/wp-json\/wp\/v2\/types\/page"}],"author":[{"embeddable":true,"href":"https:\/\/blogs.magicjudges.org\/rules\/wp-json\/wp\/v2\/users\/249"}],"replies":[{"embeddable":true,"href":"https:\/\/blogs.magicjudges.org\/rules\/wp-json\/wp\/v2\/comments?post=7369"}],"version-history":[{"count":1,"href":"https:\/\/blogs.magicjudges.org\/rules\/wp-json\/wp\/v2\/pages\/7369\/revisions"}],"predecessor-version":[{"id":7372,"href":"https:\/\/blogs.magicjudges.org\/rules\/wp-json\/wp\/v2\/pages\/7369\/revisions\/7372"}],"wp:attachment":[{"href":"https:\/\/blogs.magicjudges.org\/rules\/wp-json\/wp\/v2\/media?parent=7369"}],"wp:term":[{"taxonomy":"language","embeddable":true,"href":"https:\/\/blogs.magicjudges.org\/rules\/wp-json\/wp\/v2\/language?post=7369"}],"curies":[{"name":"wp","href":"https:\/\/api.w.org\/{rel}","templated":true}]}}