{"id":7389,"date":"2018-01-10T23:12:53","date_gmt":"2018-01-10T20:12:53","guid":{"rendered":"http:\/\/blogs.magicjudges.org\/rules\/?page_id=7389"},"modified":"2018-01-10T23:12:53","modified_gmt":"2018-01-10T20:12:53","slug":"mtr2-14-pt","status":"publish","type":"page","link":"https:\/\/blogs.magicjudges.org\/rules\/mtr2-14-pt\/","title":{"rendered":"MTR 2.14 Totais de pontos de vida"},"content":{"rendered":"<p><span style=\"font-weight: 400\">No in\u00edcio de uma partida, cada jogador deve indicar a forma como ele vai manter o controle de seu total de vida. Este m\u00e9todo deve ser vis\u00edvel para ambos os jogadores durante a partida.<\/span><\/p>\n<p>&nbsp;<\/p>\n<p><span style=\"font-weight: 400\"><div class=\"alert alert-info\" role=\"alert\"> <\/span><i><span style=\"font-weight: 400\">\u00c9 comum os jogadores indicarem seu m\u00e9todo apenas usando-o no in\u00edcio do jogo \u2013 escrever 20 20 numa folha em branco \u00e9 correto, colocar dois dados no n\u00famero 20 tamb\u00e9m (apesar de n\u00e3o ser indicado). As \u201cnotas\u201d de um jogador t\u00eam de estar vis\u00edveis para ambos, para o caso de haver uma discrep\u00e2ncia ela poder ser notada e corrigida o quanto antes.<\/span><\/i><span style=\"font-weight: 400\"><\/div><\/span><\/p>\n<p>&nbsp;<\/p>\n<p><span style=\"font-weight: 400\"> Um m\u00e9todo compartilhado \u00e9 aceit\u00e1vel desde que todos os jogadores da partida tenham acesso a ele.<\/span><\/p>\n<p>&nbsp;<\/p>\n<p><span style=\"font-weight: 400\"><div class=\"alert alert-info\" role=\"alert\"> <\/span><i><span style=\"font-weight: 400\">Isso significa que algu\u00e9m pode usar um caderno (ou smartphone no N\u00edvel de Aplica\u00e7\u00e3o de Regras Regular) para listar a vida de ambos os jogadores. E claro que esse caderno precisa estar dispon\u00edvel a ambos.<\/span><\/i><span style=\"font-weight: 400\"><\/div><\/span><\/p>\n<p>&nbsp;<\/p>\n<p><span style=\"font-weight: 400\">Uma mudan\u00e7a no total de vida de um jogador deve ser acompanhada de um an\u00fancio verbal por aquele jogador do novo total de vida.<\/span><\/p>\n<p>&nbsp;<\/p>\n<p><span style=\"font-weight: 400\"><div class=\"alert alert-info\" role=\"alert\"> <\/span><i><span style=\"font-weight: 400\">Os jogadores devem sempre anunciar qualquer mudan\u00e7a nos totais de vida verbalmente e os seus oponentes devem confirmar cada mudan\u00e7a. Comunicando o estado de jogo de modo claro, os jogadores reduzem a possibilidade de se confrontarem com uma situa\u00e7\u00e3o desagrad\u00e1vel.<\/span><\/i><span style=\"font-weight: 400\"><\/div><\/span><\/p>\n<p>&nbsp;<\/p>\n<p><span style=\"font-weight: 400\">Se um jogador percebe uma discrep\u00e2ncia num total de vida registrado ou anunciado, ele dever\u00e1 indic\u00e1-la assim que a discrep\u00e2ncia \u00e9 observada.<\/span><\/p>\n<p>&nbsp;<\/p>\n<p><span style=\"font-weight: 400\"><div class=\"alert alert-info\" role=\"alert\"> <\/span><i><span style=\"font-weight: 400\">Se houver qualquer tipo de discrep\u00e2ncia com os totais de vida os jogadores s\u00e3o obrigados a apontar o quanto antes, para que os jogadores (e talvez um juiz) possa encontrar a causa e corrigi-la. Ningu\u00e9m quer descobrir que n\u00e3o vai sobreviver ao pr\u00f3ximo ataque por causa de uma discrep\u00e2ncia que ocorreu dez turnos atr\u00e1s.<\/span><\/i><span style=\"font-weight: 400\"><\/div><\/span><\/p>\n","protected":false},"excerpt":{"rendered":"<p>No in\u00edcio de uma partida, cada jogador deve indicar a forma como ele vai manter o controle de seu total de vida. Este m\u00e9todo deve ser vis\u00edvel para ambos os jogadores durante a partida. &nbsp; &nbsp; Um m\u00e9todo compartilhado \u00e9 aceit\u00e1vel desde que todos os jogadores da partida tenham acesso a ele. &nbsp; &nbsp; Uma [&hellip;]<\/p>\n","protected":false},"author":249,"featured_media":0,"parent":0,"menu_order":0,"comment_status":"closed","ping_status":"closed","template":"","meta":{"footnotes":"","_links_to":"","_links_to_target":""},"language":[13],"class_list":["post-7389","page","type-page","status-publish","hentry","language-pt_br"],"_links":{"self":[{"href":"https:\/\/blogs.magicjudges.org\/rules\/wp-json\/wp\/v2\/pages\/7389","targetHints":{"allow":["GET"]}}],"collection":[{"href":"https:\/\/blogs.magicjudges.org\/rules\/wp-json\/wp\/v2\/pages"}],"about":[{"href":"https:\/\/blogs.magicjudges.org\/rules\/wp-json\/wp\/v2\/types\/page"}],"author":[{"embeddable":true,"href":"https:\/\/blogs.magicjudges.org\/rules\/wp-json\/wp\/v2\/users\/249"}],"replies":[{"embeddable":true,"href":"https:\/\/blogs.magicjudges.org\/rules\/wp-json\/wp\/v2\/comments?post=7389"}],"version-history":[{"count":1,"href":"https:\/\/blogs.magicjudges.org\/rules\/wp-json\/wp\/v2\/pages\/7389\/revisions"}],"predecessor-version":[{"id":7407,"href":"https:\/\/blogs.magicjudges.org\/rules\/wp-json\/wp\/v2\/pages\/7389\/revisions\/7407"}],"wp:attachment":[{"href":"https:\/\/blogs.magicjudges.org\/rules\/wp-json\/wp\/v2\/media?parent=7389"}],"wp:term":[{"taxonomy":"language","embeddable":true,"href":"https:\/\/blogs.magicjudges.org\/rules\/wp-json\/wp\/v2\/language?post=7389"}],"curies":[{"name":"wp","href":"https:\/\/api.w.org\/{rel}","templated":true}]}}