{"id":7390,"date":"2018-01-10T23:09:44","date_gmt":"2018-01-10T20:09:44","guid":{"rendered":"http:\/\/blogs.magicjudges.org\/rules\/?page_id=7390"},"modified":"2018-01-10T23:09:44","modified_gmt":"2018-01-10T20:09:44","slug":"mtr2-11-pt","status":"publish","type":"page","link":"https:\/\/blogs.magicjudges.org\/rules\/mtr2-11-pt\/","title":{"rendered":"MTR 2.11 Tomando Notas"},"content":{"rendered":"<p><span style=\"font-weight: 400\">Os jogadores s\u00e3o autorizados a tomar notas escritas durante uma partida e podem se referir a essas notas enquanto o jogo est\u00e1 em andamento. No in\u00edcio de uma partida, a folha de nota de cada jogador deve estar vazia e deve permanecer vis\u00edvel durante todo o jogo.<\/span><\/p>\n<p><span style=\"font-weight: 400\"><div class=\"alert alert-info\" role=\"alert\"> <\/span><i><span style=\"font-weight: 400\">Esta regra permite aos jogadores anotar a m\u00e3o do seu oponente enquanto resolve o Thoughtseize. Os jogadores podem tomar qualquer tipo de notas durante a partida, e eles s\u00e3o autorizados a verificar essas notas a qualquer momento da rodada atual.<\/span><\/i><span style=\"font-weight: 400\"><\/div><\/span><\/p>\n<p><span style=\"font-weight: 400\"> Os jogadores n\u00e3o t\u00eam de explicar ou revelar as notas aos outros jogadores. Os ju\u00edzes podem pedir para ver as notas de um jogador e\/ou solicitar que o jogador explique suas notas.<\/span><\/p>\n<p><span style=\"font-weight: 400\"><div class=\"alert alert-info\" role=\"alert\"> <\/span><i><span style=\"font-weight: 400\">Uma vez que muitos dos eventos Magic s\u00e3o multinacionais, os jogadores s\u00e3o autorizados a tomar notas em qualquer idioma que eles quiserem, mesmo em Klingon. Uma vez que essas notas s\u00e3o apenas para uso pessoal de um jogador, os jogadores n\u00e3o s\u00e3o obrigados a explicar ou traduzir para o seu advers\u00e1rio. Um juiz pode pedir a um jogador para explicar o que est\u00e1 em suas notas, uma vez que \u00e9 vital para o trabalho do juiz.<\/span><\/i><span style=\"font-weight: 400\"><\/div><\/span><\/p>\n<p><span style=\"font-weight: 400\">Os jogadores n\u00e3o podem se referir a outras notas, incluindo notas de partidas anteriores, durante os jogos. <\/span><\/p>\n<p><span style=\"font-weight: 400\"><div class=\"alert alert-info\" role=\"alert\"> <\/span><i><span style=\"font-weight: 400\">Enquanto cada jogo da partida est\u00e1 em andamento, os jogadores s\u00f3 podem ver as notas que fizeram durante a partida atual. Os jogadores n\u00e3o podem verificar as notas das rodadas anteriores ou notas que foram criadas antes do evento.<\/span><\/i><span style=\"font-weight: 400\"><\/div><\/span><\/p>\n<p><span style=\"font-weight: 400\">Entre os jogos, os jogadores podem se referir a um breve conjunto de anota\u00e7\u00f5es feitas antes da partida. Eles n\u00e3o s\u00e3o obrigados a revelar as notas aos seus oponentes. Estas notas devem ser removidas da \u00e1rea de jogo antes do in\u00edcio do jogo seguinte.<\/span><\/p>\n<p><span style=\"font-weight: 400\"><div class=\"alert alert-info\" role=\"alert\"> <\/span><i><span style=\"font-weight: 400\">Os jogadores podem consultar as notas feitas fora do jogo entre os jogos. Isso \u00e9 mais frequentemente usado para notas sobre como usar a reserva, que s\u00e3o perfeitamente legais. Se a um jogador for fornecido a lista de seu advers\u00e1rio, como durante o Top 8 de eventos constru\u00eddos (MTR 2.7), este \u00e9 tamb\u00e9m o momento que eles podem olhar as mesmas.<\/span><\/i><span style=\"font-weight: 400\"><\/div><\/span><\/p>\n<p><span style=\"font-weight: 400\"> Quantidades excessivas de notas (mais do que uma ou duas folhas) n\u00e3o s\u00e3o permitidas e podem ser penalizadas como jogo lento.<\/span><\/p>\n<p><span style=\"font-weight: 400\"><div class=\"alert alert-info\" role=\"alert\"> <\/span><i><span style=\"font-weight: 400\">Uma vez que consultar notas pode demorar um pouco, os jogadores n\u00e3o t\u00eam permiss\u00e3o para ter muitas. Enquanto uma folha ou duas est\u00e1 perfeitamente bem, um jogador n\u00e3o pode consultar um romance. Os jogadores devem ser capazes de encontrar e ler se\u00e7\u00f5es relevantes de notas em um per\u00edodo razo\u00e1vel de tempo.<\/span><\/i><span style=\"font-weight: 400\"><\/div><\/span><\/p>\n<p><span style=\"font-weight: 400\">O uso de aparelhos eletr\u00f4nicos para tomar notas \u00e9 permitido no n\u00edvel de regras de aplica\u00e7\u00e3o de regras Regular (ver se\u00e7\u00e3o 2.12).<\/span><\/p>\n<p><span style=\"font-weight: 400\"><div class=\"alert alert-info\" role=\"alert\"> <\/span><i><span style=\"font-weight: 400\">Mas n\u00e3o no REL Competitivo. A maior parte das informa\u00e7\u00f5es est\u00e1 na se\u00e7\u00e3o 2.12, isso \u00e9 apenas para especificar o que \u00e9 permitido no REL Regular.<\/span><\/i><span style=\"font-weight: 400\"><\/div><\/span><\/p>\n<p><span style=\"font-weight: 400\">Jogadores e espectadores (exce\u00e7\u00e3o: imprensa autorizada) n\u00e3o pode fazer anota\u00e7\u00f5es durante um draft. <\/span><\/p>\n<p><span style=\"font-weight: 400\"><div class=\"alert alert-info\" role=\"alert\"> <\/span><i><span style=\"font-weight: 400\">Tomar notas durante o draft acrescentaria muito tempo a um evento e teria s\u00e9rio impacto estrat\u00e9gico no jogo. Uma vez que os espectadores em um draft podem ser amigos dos jogadores, eles n\u00e3o s\u00e3o autorizados a tomar notas tamb\u00e9m, e \u00e0s vezes para REL Competitivo e Profissional, espectadores nem sequer s\u00e3o autorizados a assistir de perto.<\/span><\/i><span style=\"font-weight: 400\"><\/div><\/span><\/p>\n<p><span style=\"font-weight: 400\">Os jogadores n\u00e3o podem consultar qualquer nota trazida de fora durante um draft, registro dos cards ou constru\u00e7\u00e3o de deck. <\/span><\/p>\n<p><span style=\"font-weight: 400\"><div class=\"alert alert-info\" role=\"alert\"> <\/span><i><span style=\"font-weight: 400\">As regras desta sec\u00e7\u00e3o aplicam-se tamb\u00e9m a outras partes do torneio fora dos jogos, especialmente draft e constru\u00e7\u00e3o de deck. No REL Competitivo, estamos desafiando a capacidade dos jogadores de criar o melhor deck limitado poss\u00edvel atrav\u00e9s da avalia\u00e7\u00e3o de cartas e da constru\u00e7\u00e3o de deck, n\u00e3o apenas seguindo um fluxograma de quais cartas s\u00e3o melhores para arqu\u00e9tipos diferentes.<\/span><\/i><span style=\"font-weight: 400\"><\/div><\/span><\/p>\n<p><span style=\"font-weight: 400\">Os jogadores podem se referir ao texto do Oracle a qualquer momento. Devem faz\u00ea-lo publicamente e de uma forma que n\u00e3o contenha nenhuma outra informa\u00e7\u00e3o estrat\u00e9gica.<\/span><\/p>\n<p><span style=\"font-weight: 400\"><div class=\"alert alert-info\" role=\"alert\"> <\/span><i><span style=\"font-weight: 400\">Texto do Oracle \u00e9 considerado o texto escrito na carta. Uma vez que houve um monte de altera\u00e7\u00f5es de reda\u00e7\u00e3o ou at\u00e9 mesmo altera\u00e7\u00f5es funcionais para um monte de cartas mais antigas, o Oracle est\u00e1 dispon\u00edvel para todos. Os jogadores podem ter impresso texto do Oracle das cartas, desde que n\u00e3o haja outras informa\u00e7\u00f5es sobre esses pap\u00e9is e n\u00e3o foi alcan\u00e7ado atrav\u00e9s de dispositivos eletr\u00f4nicos proibidos.<\/span><\/i><span style=\"font-weight: 400\"><\/div><\/span><\/p>\n<p><span style=\"font-weight: 400\"> Consultar fontes online, como gatherer.wizards.com \u00e9 permitido em N\u00edvel de Aplica\u00e7\u00e3o de Regras Regular mesmo que ela contenha um pouco de informa\u00e7\u00e3o estrat\u00e9gica. Se um jogador deseja visualizar o texto do Oracle em privativo, ele deve pedir a um juiz.<\/span><\/p>\n<p><span style=\"font-weight: 400\"><div class=\"alert alert-info\" role=\"alert\"> <\/span><i><span style=\"font-weight: 400\">Em eventos REL Regular jogadores podem acessar Oracle por si mesmos, mas voc\u00ea precisa mostrar o que eles est\u00e3o fazendo para o advers\u00e1rio tamb\u00e9m. \u00c9 claro que os jogadores podem sempre pedir a um juiz o texto atual do Oracle em privado, desde que possam identificar o cart\u00e3o que est\u00e3o procurando, seja por nome, seja por descri\u00e7\u00e3o.<\/span><\/i><span style=\"font-weight: 400\"><\/div><\/span><\/p>\n<p><span style=\"font-weight: 400\">Modifica\u00e7\u00f5es art\u00edsticas em cards que indiretamente fornecem informa\u00e7\u00f5es estrat\u00e9gicas menores s\u00e3o aceit\u00e1veis. O Juiz-Mor \u00e9 o \u00e1rbitro final para que cartas e notas sejam aceit\u00e1veis para um torneio.<\/span><br \/>\n<span style=\"font-weight: 400\"><div class=\"alert alert-info\" role=\"alert\"> <\/span><i><span style=\"font-weight: 400\">Os jogadores t\u00eam permiss\u00e3o para ter altera\u00e7\u00f5es menores nas cartas que n\u00e3o lhes forne\u00e7am diretamente conselhos estrat\u00e9gicos substanciais, mas tem algumas informa\u00e7\u00f5es menores. Pintar um Sensei&#8217;s Divining Top em um Trinket Mage \u00e9 OK. Escrever o artigo de estrat\u00e9gia mais recente em uma Plan\u00edcie n\u00e3o \u00e9.<\/span><\/i><span style=\"font-weight: 400\"><\/div><\/span><\/p>\n","protected":false},"excerpt":{"rendered":"<p>Os jogadores s\u00e3o autorizados a tomar notas escritas durante uma partida e podem se referir a essas notas enquanto o jogo est\u00e1 em andamento. No in\u00edcio de uma partida, a folha de nota de cada jogador deve estar vazia e deve permanecer vis\u00edvel durante todo o jogo. Os jogadores n\u00e3o t\u00eam de explicar ou revelar [&hellip;]<\/p>\n","protected":false},"author":249,"featured_media":0,"parent":0,"menu_order":0,"comment_status":"closed","ping_status":"closed","template":"","meta":{"footnotes":"","_links_to":"","_links_to_target":""},"language":[13],"class_list":["post-7390","page","type-page","status-publish","hentry","language-pt_br"],"_links":{"self":[{"href":"https:\/\/blogs.magicjudges.org\/rules\/wp-json\/wp\/v2\/pages\/7390","targetHints":{"allow":["GET"]}}],"collection":[{"href":"https:\/\/blogs.magicjudges.org\/rules\/wp-json\/wp\/v2\/pages"}],"about":[{"href":"https:\/\/blogs.magicjudges.org\/rules\/wp-json\/wp\/v2\/types\/page"}],"author":[{"embeddable":true,"href":"https:\/\/blogs.magicjudges.org\/rules\/wp-json\/wp\/v2\/users\/249"}],"replies":[{"embeddable":true,"href":"https:\/\/blogs.magicjudges.org\/rules\/wp-json\/wp\/v2\/comments?post=7390"}],"version-history":[{"count":1,"href":"https:\/\/blogs.magicjudges.org\/rules\/wp-json\/wp\/v2\/pages\/7390\/revisions"}],"predecessor-version":[{"id":7400,"href":"https:\/\/blogs.magicjudges.org\/rules\/wp-json\/wp\/v2\/pages\/7390\/revisions\/7400"}],"wp:attachment":[{"href":"https:\/\/blogs.magicjudges.org\/rules\/wp-json\/wp\/v2\/media?parent=7390"}],"wp:term":[{"taxonomy":"language","embeddable":true,"href":"https:\/\/blogs.magicjudges.org\/rules\/wp-json\/wp\/v2\/language?post=7390"}],"curies":[{"name":"wp","href":"https:\/\/api.w.org\/{rel}","templated":true}]}}