{"id":7392,"date":"2018-01-10T23:11:40","date_gmt":"2018-01-10T20:11:40","guid":{"rendered":"http:\/\/blogs.magicjudges.org\/rules\/?page_id=7392"},"modified":"2018-01-10T23:11:40","modified_gmt":"2018-01-10T20:11:40","slug":"mtr2-13-pt","status":"publish","type":"page","link":"https:\/\/blogs.magicjudges.org\/rules\/mtr2-13-pt\/","title":{"rendered":"MTR 2.13 Cobertura de Video"},"content":{"rendered":"<p><span style=\"font-weight: 400\">Em eventos com N\u00edvel de Aplica\u00e7\u00e3o de Regras Competitivo e Profissional, durante o draft, a constru\u00e7\u00e3o de decks e o jogo de partidas, jogadores n\u00e3o podem usar aparelhos eletr\u00f4nicos capazes de tomar e armazenar notas, se comunicar com outras pessoas, ou acessar a internet (exceto para atender chamadas pessoais breves com a permiss\u00e3o do oponente).<\/span><\/p>\n<p>&nbsp;<\/p>\n<p><span style=\"font-weight: 400\"><div class=\"alert alert-info\" role=\"alert\">  <\/span><i><span style=\"font-weight: 400\">Com os avan\u00e7os na tecnologia n\u00f3s n\u00e3o conseguimos checar o que est\u00e1 instalado nos telefones dos jogadores. E sendo poss\u00edvel a troca de informa\u00e7\u00e3o com todo mundo instant\u00e2neamente atrav\u00e9s de aparelhos eletr\u00f4nicos s\u00f3 existe uma solu\u00e7\u00e3o poss\u00edvel: banir qualquer tipo de aparelho eletr\u00f4nico que possa se comunicar com o outros nos eventos com N\u00edvel de Aplica\u00e7\u00e3o de Regras Competitivo ou Profissional.<\/span><\/i><\/p>\n<p><i><span style=\"font-weight: 400\">A \u00faltima encarna\u00e7\u00e3o dessa regra bania todos os aparelhos eletr\u00f4nicos, mas foi relaxada para abranger apenas aparelhos capazes de tomar e armazenar notas, comunicar com outros aparelhos e acessar a internet. Isso permite calculadoras simples como marcadores de vida, marcapassos, Brian Kibler pode sentar e ouvir m\u00fasica enquanto embaralha, etc<\/span><\/i><span style=\"font-weight: 400\">.<\/div><\/span><\/p>\n<p>&nbsp;<\/p>\n<p><span style=\"font-weight: 400\">Em N\u00edvel de Aplica\u00e7\u00e3o de Regras Regular, aparelhos eletr\u00f4nicos s\u00e3o permitidos, mas jogadores n\u00e3o podem us\u00e1-los para acessar informa\u00e7\u00e3o que contenha conselhos estrat\u00e9gicos significativos ou informa\u00e7\u00e3o quanto ao deck do oponente.<\/span><\/p>\n<p>&nbsp;<\/p>\n<p><span style=\"font-weight: 400\"><div class=\"alert alert-info\" role=\"alert\"> <\/span><i><span style=\"font-weight: 400\">O N\u00edvel de Aplica\u00e7\u00e3o de Regras Regular \u00e9 uma exce\u00e7\u00e3o, j\u00e1 que \u00e9 uma atmosfera mais relaxada, e muitos jogadores usam seus celulares para marcar pontos de vida. Os jogadores, ainda assim, n\u00e3o podem acessar materiais proibidos (como artigos sobre estrat\u00e9gia) pelos seus aparelhos.<\/span><\/i><span style=\"font-weight: 400\"><\/div><\/span><\/p>\n<p>&nbsp;<\/p>\n<p><span style=\"font-weight: 400\"> O uso de aparelhos eletr\u00f4nicos durante a partida para usos que n\u00e3o sejam atender chamadas pessoais devem ser vis\u00edveis a todos os jogadores. Jogadores que queiram ver informa\u00e7\u00f5es num aparelho eletr\u00f4nico privadamente devem requerer autoriza\u00e7\u00e3o de um juiz.<\/span><\/p>\n<p>&nbsp;<\/p>\n<p><span style=\"font-weight: 400\"><div class=\"alert alert-info\" role=\"alert\"> <\/span><i><span style=\"font-weight: 400\">A primeira parte desse par\u00e1grafo se aplica apenas ao N\u00edvel De Aplica\u00e7\u00e3o de Regras Regular. Se um jogador estiver marcando totais de vida em seu celular ele deve assegurar que ele \u00e9 vis\u00edvel aos outros jogadores. Qualquer uso particular de aparelhos s\u00f3 pode ser feito ap\u00f3s receber a autoriza\u00e7\u00e3o de um ju\u00edz.<\/span><\/i><span style=\"font-weight: 400\"><\/div><\/span><\/p>\n<p>&nbsp;<\/p>\n<p><span style=\"font-weight: 400\">O Juiz-Mor ou o Organizador do Torneio de um torneio podem ainda restringir mais ou proibir o uso de aparelhos eletr\u00f4nicos durante partidas.<\/span><\/p>\n<p>&nbsp;<\/p>\n<p><span style=\"font-weight: 400\"><div class=\"alert alert-info\" role=\"alert\"> <\/span><i><span style=\"font-weight: 400\">O ju\u00edz-mor, como sempre, tem a autoridade sobre o que \u00e9 permitido e pode proibir os jogadores de usar algum equipamento eletr\u00f4nico se ele assim achar conveniente.<\/span><\/i><span style=\"font-weight: 400\"><\/div><\/span><\/p>\n","protected":false},"excerpt":{"rendered":"<p>Em eventos com N\u00edvel de Aplica\u00e7\u00e3o de Regras Competitivo e Profissional, durante o draft, a constru\u00e7\u00e3o de decks e o jogo de partidas, jogadores n\u00e3o podem usar aparelhos eletr\u00f4nicos capazes de tomar e armazenar notas, se comunicar com outras pessoas, ou acessar a internet (exceto para atender chamadas pessoais breves com a permiss\u00e3o do oponente). [&hellip;]<\/p>\n","protected":false},"author":249,"featured_media":0,"parent":0,"menu_order":0,"comment_status":"closed","ping_status":"closed","template":"","meta":{"footnotes":"","_links_to":"","_links_to_target":""},"language":[13],"class_list":["post-7392","page","type-page","status-publish","hentry","language-pt_br"],"_links":{"self":[{"href":"https:\/\/blogs.magicjudges.org\/rules\/wp-json\/wp\/v2\/pages\/7392","targetHints":{"allow":["GET"]}}],"collection":[{"href":"https:\/\/blogs.magicjudges.org\/rules\/wp-json\/wp\/v2\/pages"}],"about":[{"href":"https:\/\/blogs.magicjudges.org\/rules\/wp-json\/wp\/v2\/types\/page"}],"author":[{"embeddable":true,"href":"https:\/\/blogs.magicjudges.org\/rules\/wp-json\/wp\/v2\/users\/249"}],"replies":[{"embeddable":true,"href":"https:\/\/blogs.magicjudges.org\/rules\/wp-json\/wp\/v2\/comments?post=7392"}],"version-history":[{"count":1,"href":"https:\/\/blogs.magicjudges.org\/rules\/wp-json\/wp\/v2\/pages\/7392\/revisions"}],"predecessor-version":[{"id":7404,"href":"https:\/\/blogs.magicjudges.org\/rules\/wp-json\/wp\/v2\/pages\/7392\/revisions\/7404"}],"wp:attachment":[{"href":"https:\/\/blogs.magicjudges.org\/rules\/wp-json\/wp\/v2\/media?parent=7392"}],"wp:term":[{"taxonomy":"language","embeddable":true,"href":"https:\/\/blogs.magicjudges.org\/rules\/wp-json\/wp\/v2\/language?post=7392"}],"curies":[{"name":"wp","href":"https:\/\/api.w.org\/{rel}","templated":true}]}}