{"id":7426,"date":"2018-01-11T00:20:21","date_gmt":"2018-01-10T21:20:21","guid":{"rendered":"http:\/\/blogs.magicjudges.org\/rules\/?page_id=7426"},"modified":"2018-01-11T00:20:21","modified_gmt":"2018-01-10T21:20:21","slug":"mtr3-1-pt","status":"publish","type":"page","link":"https:\/\/blogs.magicjudges.org\/rules\/mtr3-1-pt\/","title":{"rendered":"MTR 3.1 Crit\u00e9rios de desempate"},"content":{"rendered":"<p><span style=\"font-weight: 400\">Os seguintes crit\u00e9rios de desempate s\u00e3o usados para determinar como um jogador se classifica em um torneio:<\/span><\/p>\n<p>&nbsp;<\/p>\n<ol>\n<li><span style=\"font-weight: 400\"> Pontos de partida <\/span><\/li>\n<li><span style=\"font-weight: 400\"> Porcentagem de vit\u00f3ria de partida dos advers\u00e1rios <\/span><\/li>\n<li><span style=\"font-weight: 400\"> Porcentagem de jogo ganho <\/span><\/li>\n<li><span style=\"font-weight: 400\"> Porcentagem de jogo ganho dos oponentes <\/span><\/li>\n<\/ol>\n<p>&nbsp;<\/p>\n<p><span style=\"font-weight: 400\">As defini\u00e7\u00f5es desses crit\u00e9rios de desempate podem ser encontradas no Ap\u00eandice C. Nem todos esses crit\u00e9rios de desempate podem ser utilizados em formatos com partidas de jogo \u00fanico. <\/span><\/p>\n<p><span style=\"font-weight: 400\"><div class=\"alert alert-info\" role=\"alert\"> O ap\u00eandice C \u00e9 incr\u00edvel. As pessoas deveriam l\u00ea-lo. N\u00f3s vamos esperar.<\/div><\/span><\/p>\n","protected":false},"excerpt":{"rendered":"<p>Os seguintes crit\u00e9rios de desempate s\u00e3o usados para determinar como um jogador se classifica em um torneio: &nbsp; Pontos de partida Porcentagem de vit\u00f3ria de partida dos advers\u00e1rios Porcentagem de jogo ganho Porcentagem de jogo ganho dos oponentes &nbsp; As defini\u00e7\u00f5es desses crit\u00e9rios de desempate podem ser encontradas no Ap\u00eandice C. Nem todos esses crit\u00e9rios [&hellip;]<\/p>\n","protected":false},"author":249,"featured_media":0,"parent":0,"menu_order":0,"comment_status":"closed","ping_status":"closed","template":"","meta":{"footnotes":"","_links_to":"","_links_to_target":""},"language":[13],"class_list":["post-7426","page","type-page","status-publish","hentry","language-pt_br"],"_links":{"self":[{"href":"https:\/\/blogs.magicjudges.org\/rules\/wp-json\/wp\/v2\/pages\/7426","targetHints":{"allow":["GET"]}}],"collection":[{"href":"https:\/\/blogs.magicjudges.org\/rules\/wp-json\/wp\/v2\/pages"}],"about":[{"href":"https:\/\/blogs.magicjudges.org\/rules\/wp-json\/wp\/v2\/types\/page"}],"author":[{"embeddable":true,"href":"https:\/\/blogs.magicjudges.org\/rules\/wp-json\/wp\/v2\/users\/249"}],"replies":[{"embeddable":true,"href":"https:\/\/blogs.magicjudges.org\/rules\/wp-json\/wp\/v2\/comments?post=7426"}],"version-history":[{"count":1,"href":"https:\/\/blogs.magicjudges.org\/rules\/wp-json\/wp\/v2\/pages\/7426\/revisions"}],"predecessor-version":[{"id":7428,"href":"https:\/\/blogs.magicjudges.org\/rules\/wp-json\/wp\/v2\/pages\/7426\/revisions\/7428"}],"wp:attachment":[{"href":"https:\/\/blogs.magicjudges.org\/rules\/wp-json\/wp\/v2\/media?parent=7426"}],"wp:term":[{"taxonomy":"language","embeddable":true,"href":"https:\/\/blogs.magicjudges.org\/rules\/wp-json\/wp\/v2\/language?post=7426"}],"curies":[{"name":"wp","href":"https:\/\/api.w.org\/{rel}","templated":true}]}}