{"id":7432,"date":"2018-01-11T00:24:44","date_gmt":"2018-01-10T21:24:44","guid":{"rendered":"http:\/\/blogs.magicjudges.org\/rules\/?page_id=7432"},"modified":"2018-01-11T00:24:44","modified_gmt":"2018-01-10T21:24:44","slug":"mtr3-4-pt","status":"publish","type":"page","link":"https:\/\/blogs.magicjudges.org\/rules\/mtr3-4-pt\/","title":{"rendered":"MTR 3.4 Cards Substitutos"},"content":{"rendered":"<p><span style=\"font-weight: 400\">Um card substituto \u00e9 usado durante uma competi\u00e7\u00e3o para representar um Card de Jogo autorizados que tenha sido acidentalmente danificado ou excessivamente desgastado no torneio (incluindo produto para torneios limitados danificados ou com erros de impress\u00e3o), conforme determinado exclusivamente pelo Juiz-Mor. Cards substitutos n\u00e3o s\u00e3o permitidos como substitutos para cards que seu dono tenha danificado intencionalmente ou por neglig\u00eancia.<\/span><\/p>\n<p><span style=\"font-weight: 400\"><div class=\"alert alert-info\" role=\"alert\"> N\u00f3s queremos entregar uma proxy apenas em casos em que o card ou os cards originais foram danificados sem culpa do jogador. Cards serem caros ou raros n\u00e3o s\u00e3o motivos para permitir uma proxy. Al\u00e9m disso, enquanto comprar cards em mau estado pode economizar dinheiro, se os cards podem ser distinguidos dos outros do deck, eles n\u00e3o podem ser utilizados e nenhuma proxy deve ser entregue.<\/div><\/span><\/p>\n<p><span style=\"font-weight: 400\">Os jogadores n\u00e3o podem criar seus pr\u00f3prios cards substitutos; pois eles s\u00f3 podem ser criados pelo Juiz-Mor. Quando um juiz cria um card substituto, ele \u00e9 inclu\u00eddo no deck do jogador e deve ser indicado como um card substituto de forma clara e vis\u00edvel. O card original \u00e9 mantido pr\u00f3ximo durante o jogo e substitui o card substituto enquanto este estiver numa zona p\u00fablica, t\u00e3o logo ele seja reconhec\u00edvel. O card substituto s\u00f3 \u00e9 v\u00e1lido para a dura\u00e7\u00e3o do torneio em que foi originalmente emitido.<\/span><\/p>\n<p><span style=\"font-weight: 400\"><div class=\"alert alert-info\" role=\"alert\"> Utilizando uma caneta em um terreno b\u00e1sico \u00e9 uma maneira simples e eficiente de criar uma proxy. \u00c9 recomendado marcar a proxy de maneira que os outros ju\u00edzes e jogadores saibam que uma proxy foi propriamente utilizada. Inclua o nome do card e seu custo de mana na proxy. Qualquer outra informa\u00e7\u00e3o pode ser adicionada de acordo com orienta\u00e7\u00e3o do juiz mor.<\/div><\/span><\/p>\n<p><span style=\"font-weight: 400\">Cards curingas oficiais s\u00e3o Cards de Jogo permitidos e podem ter um card substituto emitido por um juiz.<\/span><\/p>\n<p><span style=\"font-weight: 400\"><div class=\"alert alert-info\" role=\"alert\"> Checklist cards s\u00e3o considerados um card de jogo tanto quanto qualquer outro card ao determinar se uma proxy vai ser atribu\u00edda. Deixe claro que a proxy \u00e9 de um checklist card e a qual card a checklist faz refer\u00eancia.<\/div><\/span><\/p>\n","protected":false},"excerpt":{"rendered":"<p>Um card substituto \u00e9 usado durante uma competi\u00e7\u00e3o para representar um Card de Jogo autorizados que tenha sido acidentalmente danificado ou excessivamente desgastado no torneio (incluindo produto para torneios limitados danificados ou com erros de impress\u00e3o), conforme determinado exclusivamente pelo Juiz-Mor. Cards substitutos n\u00e3o s\u00e3o permitidos como substitutos para cards que seu dono tenha danificado [&hellip;]<\/p>\n","protected":false},"author":249,"featured_media":0,"parent":0,"menu_order":0,"comment_status":"closed","ping_status":"closed","template":"","meta":{"footnotes":"","_links_to":"","_links_to_target":""},"language":[13],"class_list":["post-7432","page","type-page","status-publish","hentry","language-pt_br"],"_links":{"self":[{"href":"https:\/\/blogs.magicjudges.org\/rules\/wp-json\/wp\/v2\/pages\/7432","targetHints":{"allow":["GET"]}}],"collection":[{"href":"https:\/\/blogs.magicjudges.org\/rules\/wp-json\/wp\/v2\/pages"}],"about":[{"href":"https:\/\/blogs.magicjudges.org\/rules\/wp-json\/wp\/v2\/types\/page"}],"author":[{"embeddable":true,"href":"https:\/\/blogs.magicjudges.org\/rules\/wp-json\/wp\/v2\/users\/249"}],"replies":[{"embeddable":true,"href":"https:\/\/blogs.magicjudges.org\/rules\/wp-json\/wp\/v2\/comments?post=7432"}],"version-history":[{"count":1,"href":"https:\/\/blogs.magicjudges.org\/rules\/wp-json\/wp\/v2\/pages\/7432\/revisions"}],"predecessor-version":[{"id":7435,"href":"https:\/\/blogs.magicjudges.org\/rules\/wp-json\/wp\/v2\/pages\/7432\/revisions\/7435"}],"wp:attachment":[{"href":"https:\/\/blogs.magicjudges.org\/rules\/wp-json\/wp\/v2\/media?parent=7432"}],"wp:term":[{"taxonomy":"language","embeddable":true,"href":"https:\/\/blogs.magicjudges.org\/rules\/wp-json\/wp\/v2\/language?post=7432"}],"curies":[{"name":"wp","href":"https:\/\/api.w.org\/{rel}","templated":true}]}}