{"id":7438,"date":"2018-01-11T00:38:15","date_gmt":"2018-01-10T21:38:15","guid":{"rendered":"http:\/\/blogs.magicjudges.org\/rules\/?page_id=7438"},"modified":"2018-01-11T00:38:15","modified_gmt":"2018-01-10T21:38:15","slug":"mtr3-7-pt","status":"publish","type":"page","link":"https:\/\/blogs.magicjudges.org\/rules\/mtr3-7-pt\/","title":{"rendered":"MTR 3.7 Novos Lan\u00e7amentos"},"content":{"rendered":"<p><span style=\"font-weight: 400\">Um card \u00e9 considerado nomeado no jogo quando um jogador tiver provido uma descri\u00e7\u00e3o (que pode incluir o nome ou nome parcial) que possa ser aplicada a um \u00fanico card. Qualquer jogador ou juiz que acredite que uma descri\u00e7\u00e3o ainda \u00e9 amb\u00edgua deve buscar esclarecimentos adicionais.<\/span><\/p>\n<p><span style=\"font-weight: 400\"><div class=\"alert alert-info\" role=\"alert\"> Sempre que um jogador nomear um card, isso deve ser feito de forma que todos conhe\u00e7am qual card ele est\u00e1 nomeando. Se algu\u00e9m acreditar que ele n\u00e3o o fez de forma clara, a pessoa pode pedir mais esclarecimentos.<\/div><\/span><\/p>\n<p><span style=\"font-weight: 400\">Os jogadores t\u00eam o direito de solicitar o acesso \u00e0 reda\u00e7\u00e3o oficial de um card se eles puderem descrev\u00ea-lo. Esse pedido ser\u00e1 honrado se logisticamente poss\u00edvel.<\/span><\/p>\n<p><span style=\"font-weight: 400\"><div class=\"alert alert-info\" role=\"alert\"> O fato da maioria dos apps de pesquisa de cartas inclu\u00edrem o texto do Oracle se faz bastante relevante aqui. Por vezes os jogadores ir\u00e3o solicitar o texto do Oracle de cartas que eles ou seus oponentes est\u00e3o usando em torneios e os ju\u00edzes devem estar preparados para providenci\u00e1-lo. Diversos apps de telefone incluem em sua base o texto do oracle de todas as cartas e esse \u00e9 de longe o jeito mais f\u00e1cil de encontrar e mostr\u00e1-lo rapidamente. Como regra geral, se voc\u00eb puder colocar a informa\u00e7\u00e3o dada na ferramenta de busca e achar a carta espec\u00edfica, ela foi identificada unicamente. Dizer \u201co tr\u00eas manas verde que todo mundo usa no standard\u201d ou \u201c a m\u00e1gica de dano vermelha de uma mana\u201d n\u00e3o \u00e9 identificar uma carta, mas dizer \u201co planeswalker branco de Magic:Origens\u201d ou \u201c a m\u00e1gica de turno extra com esquadrinhar\u201d \u00e9. Se uma carta est\u00e1 revelada para um jogador ele n\u00e3o precisa saber nada sobre a carta para solicitar o texto do Oracle da carta.<\/div><\/span><\/p>\n<p><span style=\"font-weight: 400\">A reda\u00e7\u00e3o oficial de qualquer card \u00e9 o seu texto na refer\u00eancia de cards Oracle correspondente ao nome do card.<\/span><\/p>\n<p><span style=\"font-weight: 400\"><div class=\"alert alert-info\" role=\"alert\"> Independente do que o texto da carta diz, qualquer evento sancionado deve usar o texto atual do Oracle para cada carta, o qual pode ser encontrado no Gatherer ou em qualquer app de telefone em que se possa procurar por cartas. Se n\u00e3o utilizarmos o texto do Oracle, v\u00e1rias cartas antigas n\u00e3o funcionariam com as regras do jogo, v\u00e1rias n\u00e3o teriam corre\u00e7\u00f5es importantes e a vers\u00e3o em portugu\u00eas de contesta\u00e7\u00e3o estoica n\u00e3o faria nada.<\/div><\/span><\/p>\n<p><span style=\"font-weight: 400\">Os jogadores n\u00e3o podem usar erros ou omiss\u00f5es no Oracle para abusar das regras. O Juiz-Mor \u00e9 a autoridade final para interpreta\u00e7\u00f5es de cards, e ele pode sobrepor-se ao Oracle se um erro \u00e9 descoberto.<\/span><span style=\"font-weight: 400\"><br \/>\n<\/span><span style=\"font-weight: 400\"><div class=\"alert alert-info\" role=\"alert\"> Esta pode parecer uma cl\u00e1usula inclu\u00edda apenas para o caso de um erro tipogr\u00e1fico, mas ja houveram casos onde um Ju\u00edz Mor colocou de lado o texto do Oracle para evitar abuso. Hoje em dia a Wizards of the Coast \u00e9 muito mais cuidadosa com as cartas que imprime e erratas, mas existem casos emblem\u00e1ticos de um Juiz Mor sobrepondo o Oracle, notavelmente o Nacional Franc\u00eas de 1999 e o texto do Oracle para Determina\u00e7\u00e3o de Yawgmoth.<\/div><\/span><\/p>\n","protected":false},"excerpt":{"rendered":"<p>Um card \u00e9 considerado nomeado no jogo quando um jogador tiver provido uma descri\u00e7\u00e3o (que pode incluir o nome ou nome parcial) que possa ser aplicada a um \u00fanico card. Qualquer jogador ou juiz que acredite que uma descri\u00e7\u00e3o ainda \u00e9 amb\u00edgua deve buscar esclarecimentos adicionais. Os jogadores t\u00eam o direito de solicitar o acesso [&hellip;]<\/p>\n","protected":false},"author":249,"featured_media":0,"parent":0,"menu_order":0,"comment_status":"closed","ping_status":"closed","template":"","meta":{"footnotes":"","_links_to":"","_links_to_target":""},"language":[13],"class_list":["post-7438","page","type-page","status-publish","hentry","language-pt_br"],"_links":{"self":[{"href":"https:\/\/blogs.magicjudges.org\/rules\/wp-json\/wp\/v2\/pages\/7438","targetHints":{"allow":["GET"]}}],"collection":[{"href":"https:\/\/blogs.magicjudges.org\/rules\/wp-json\/wp\/v2\/pages"}],"about":[{"href":"https:\/\/blogs.magicjudges.org\/rules\/wp-json\/wp\/v2\/types\/page"}],"author":[{"embeddable":true,"href":"https:\/\/blogs.magicjudges.org\/rules\/wp-json\/wp\/v2\/users\/249"}],"replies":[{"embeddable":true,"href":"https:\/\/blogs.magicjudges.org\/rules\/wp-json\/wp\/v2\/comments?post=7438"}],"version-history":[{"count":1,"href":"https:\/\/blogs.magicjudges.org\/rules\/wp-json\/wp\/v2\/pages\/7438\/revisions"}],"predecessor-version":[{"id":7441,"href":"https:\/\/blogs.magicjudges.org\/rules\/wp-json\/wp\/v2\/pages\/7438\/revisions\/7441"}],"wp:attachment":[{"href":"https:\/\/blogs.magicjudges.org\/rules\/wp-json\/wp\/v2\/media?parent=7438"}],"wp:term":[{"taxonomy":"language","embeddable":true,"href":"https:\/\/blogs.magicjudges.org\/rules\/wp-json\/wp\/v2\/language?post=7438"}],"curies":[{"name":"wp","href":"https:\/\/api.w.org\/{rel}","templated":true}]}}