{"id":7439,"date":"2018-01-11T00:39:12","date_gmt":"2018-01-10T21:39:12","guid":{"rendered":"http:\/\/blogs.magicjudges.org\/rules\/?page_id=7439"},"modified":"2018-01-11T00:39:12","modified_gmt":"2018-01-10T21:39:12","slug":"mtr3-8-pt","status":"publish","type":"page","link":"https:\/\/blogs.magicjudges.org\/rules\/mtr3-8-pt\/","title":{"rendered":"MTR 3.8 Marcadores de jogo"},"content":{"rendered":"<p><span style=\"font-weight: 400\">Pequenos objetos (por exemplo, esferas de vidro) podem ser utilizados como marcadores e colocados no topo do pr\u00f3prio grim\u00f3rio ou cemit\u00e9rio de um jogador como um lembrete para efeitos durante o jogo. Estes marcadores n\u00e3o podem disfar\u00e7ar o n\u00famero de cartas restantes na referida zona nem cobrir completamente qualquer card. <\/span><\/p>\n<p><span style=\"font-weight: 400\"><div class=\"alert alert-info\" role=\"alert\"> Jogadores frequentemente colocar\u00e3o algo no topo de seus decks para lembrarem-se de uma habilidade desencadeada na manuten\u00e7\u00e3o, como rebote, e ocasionalmente jogadores colocar\u00e3o algo no topo de seu cemit\u00e9rio para lembr\u00e1-los de alguns efeitos cont\u00ednuos. \u2018\u2019Pequeno\u2019\u2019 \u00e9 muito subjetivo, e existem hist\u00f3rias de um jogador utilizando um aqu\u00e1rio de pl\u00e1stico para cobrir completamente seu grim\u00f3rio e imped\u00ed-lo de comprar uma carta antes de lembrar da habilidade desencadeada na manuten\u00e7\u00e3o. A regra chave \u00e9 que o item n\u00e3o pode esconder as cartas, n\u00e3o pode tornar dif\u00edcil ver qualquer carta revelada, e n\u00e3o pode ser uma carta ele mesmo.<\/div><\/span><\/p>\n<p><span style=\"font-weight: 400\">Jogadores usando marcadores para representar os componentes do jogo (por exemplo, permanentes) devem ter uma maneira de representar claramente qualquer estado no jogo, como quando uma permanente est\u00e1 virada.<\/span><\/p>\n<p><span style=\"font-weight: 400\"><div class=\"alert alert-info\" role=\"alert\"> Jogadores frequentemente usar\u00e3o dados, mi\u00e7angas, moedas, ou outros tais itens para representar fichas. Isso \u00e9 perfeitamente aceit\u00e1vel, mas eles devem ser capazes de mostrar se est\u00e3o ou n\u00e3o virados.<\/div><\/span><\/p>\n<p><span style=\"font-weight: 400\">Protetores ou cards com a face para baixo que parecem semelhantes a protetores ou cards de qualquer jogador n\u00e3o podem ser usados como marcadores.<\/span><\/p>\n<p><span style=\"font-weight: 400\"><div class=\"alert alert-info\" role=\"alert\"> N\u00f3s tentamos preservar o estado de jogo de ficar desnecessariamente confuso, ent\u00e3o ter algo representando uma ficha e n\u00e3o tornar \u00f3bvio que \u00e9 uma ficha \u00e9 um pouco problem\u00e1tico. J\u00e1 que protetores e versos de cartas podem ser confundidos com cartas reais ou com criaturas com metamorfose, eles n\u00e3o s\u00e3o permitidos j\u00e1 tal confus\u00e3o poderia surgir<\/div><\/span><\/p>\n<p><span style=\"font-weight: 400\">Um oficial de torneio pode proibir o uso de marcadores de jogo que podem causar confus\u00e3o ou que s\u00e3o considerados inapropriados ou ofensivos.<\/span><\/p>\n<p><span style=\"font-weight: 400\"><div class=\"alert alert-info\" role=\"alert\"> N\u00f3s estamos sempre visando criar um ambiente aconchegante em eventos de Magic, e assim como comportamentos, artes alteradas e camisetas, \u00e0s vezes as fichas customizadas de um jogador podem passar dos limites. Se um juiz acredita que algo que um jogador est\u00e1 utilizando causou alguma perturba\u00e7\u00e3o ou desconforto, o juiz pode tamb\u00e9m acompanhar isso com uma penalidade de Conduta Antidesportiva &#8211; Menor. Adicionalmente, se n\u00e3o for claro o que exatamente uma ficha representa, um juiz pode pedir que ele utilize algum outro m\u00e9todo para torn\u00e1-la mais clara. N\u00e3o h\u00e1 uma linha de corte clara aqui, ent\u00e3o o uso do julgamento do Oficial de Torneio \u00e9 necess\u00e1rio.<\/div><\/span><\/p>\n","protected":false},"excerpt":{"rendered":"<p>Pequenos objetos (por exemplo, esferas de vidro) podem ser utilizados como marcadores e colocados no topo do pr\u00f3prio grim\u00f3rio ou cemit\u00e9rio de um jogador como um lembrete para efeitos durante o jogo. Estes marcadores n\u00e3o podem disfar\u00e7ar o n\u00famero de cartas restantes na referida zona nem cobrir completamente qualquer card. Jogadores usando marcadores para representar [&hellip;]<\/p>\n","protected":false},"author":249,"featured_media":0,"parent":0,"menu_order":0,"comment_status":"closed","ping_status":"closed","template":"","meta":{"footnotes":"","_links_to":"","_links_to_target":""},"language":[13],"class_list":["post-7439","page","type-page","status-publish","hentry","language-pt_br"],"_links":{"self":[{"href":"https:\/\/blogs.magicjudges.org\/rules\/wp-json\/wp\/v2\/pages\/7439","targetHints":{"allow":["GET"]}}],"collection":[{"href":"https:\/\/blogs.magicjudges.org\/rules\/wp-json\/wp\/v2\/pages"}],"about":[{"href":"https:\/\/blogs.magicjudges.org\/rules\/wp-json\/wp\/v2\/types\/page"}],"author":[{"embeddable":true,"href":"https:\/\/blogs.magicjudges.org\/rules\/wp-json\/wp\/v2\/users\/249"}],"replies":[{"embeddable":true,"href":"https:\/\/blogs.magicjudges.org\/rules\/wp-json\/wp\/v2\/comments?post=7439"}],"version-history":[{"count":1,"href":"https:\/\/blogs.magicjudges.org\/rules\/wp-json\/wp\/v2\/pages\/7439\/revisions"}],"predecessor-version":[{"id":7442,"href":"https:\/\/blogs.magicjudges.org\/rules\/wp-json\/wp\/v2\/pages\/7439\/revisions\/7442"}],"wp:attachment":[{"href":"https:\/\/blogs.magicjudges.org\/rules\/wp-json\/wp\/v2\/media?parent=7439"}],"wp:term":[{"taxonomy":"language","embeddable":true,"href":"https:\/\/blogs.magicjudges.org\/rules\/wp-json\/wp\/v2\/language?post=7439"}],"curies":[{"name":"wp","href":"https:\/\/api.w.org\/{rel}","templated":true}]}}