{"id":7446,"date":"2018-01-11T00:42:57","date_gmt":"2018-01-10T21:42:57","guid":{"rendered":"http:\/\/blogs.magicjudges.org\/rules\/?page_id=7446"},"modified":"2018-01-11T00:42:57","modified_gmt":"2018-01-10T21:42:57","slug":"mtr3-11-pt","status":"publish","type":"page","link":"https:\/\/blogs.magicjudges.org\/rules\/mtr3-11-pt\/","title":{"rendered":"MTR 3.11 Cards marcados"},"content":{"rendered":"<p><span style=\"font-weight: 400\">Os jogadores s\u00e3o respons\u00e1veis por garantir que os seus cards e\/ou protetores de cards n\u00e3o estejam marcados no torneio. Um card ou protetor \u00e9 considerado marcado se ele tem algo que faz com que seja poss\u00edvel identificar o card sem ver a sua face frontal, incluindo (mas n\u00e3o limitado a) arranh\u00f5es, descolora\u00e7\u00e3o e dobras.<\/span><\/p>\n<p><span style=\"font-weight: 400\"><div class=\"alert alert-info\" role=\"alert\"> Cards devem se destacar para serem considerados marcados. Se voc\u00ea tem que dobrar um card, ou olhar para ele de um \u00e2ngulo estranho para conseguir a ilumina\u00e7\u00e3o certa e enxergar, ele n\u00e3o est\u00e1 marcado.<\/div><\/span><\/p>\n<p><span style=\"font-weight: 400\">Se os cards do jogador est\u00e3o em protetores, os cards devem ser examinados enquanto nos protetores para determinar se eles s\u00e3o marcados. Os jogadores devem ser cautelosos quando colocarem protetores em seus decks e devem embaralhar seus decks antes de coloc\u00e1-lo nos protetores para reduzir a possibilidade de se tornarem cards marcados com um padr\u00e3o. Os jogadores tamb\u00e9m devem ter em mente que os cards ou protetores podem tornar-se desgastados, desta forma potencialmente marcados atrav\u00e9s dos jogos durante um torneio.<\/span><\/p>\n<p><span style=\"font-weight: 400\"><div class=\"alert alert-info\" role=\"alert\"> Muitas marcas de sleeves ter\u00e3o inconsist\u00eancias em sua cor ou corte. Jogadores devem embaralhar os sleeves e cards antes de colocar para evitar as inconsist\u00eancias de criar um padr\u00e3o de trapa\u00e7a.<\/div><\/span><\/p>\n<p><span style=\"font-weight: 400\">O Juiz-Mor tem a autoridade para determinar se um card no deck de um jogador \u00e9 marcado. Os ju\u00edzes podem solicitar que um jogador retire seus protetores atuais ou substitua qualquer um dos protetores atuais do deck imediatamente, ou antes da pr\u00f3xima rodada.<\/span><\/p>\n<p><span style=\"font-weight: 400\"><div class=\"alert alert-info\" role=\"alert\"> Se o sleeve est\u00e1 marcado o suficiente que voc\u00ea est\u00e1 dando uma Advert\u00eancia no REL Competitivo, instrua o jogador a substitu\u00ed-lo entre as rodadas. Se a rodada estiver no final, d\u00ea ao jogador uma quantidade razo\u00e1vel de tempo adicional na rodada seguinte para facilitar a troca. Se a penalidade for estendida para uma perda de jogo, o jogador precisa substituir imediatamente. Ju\u00edzes frequentemente tem a tarefa de ajudar o jogador no processo. Tenha certeza de acompanhar o jogador ap\u00f3s instruir ele a trocar, e garanta que ele tenha feito.<\/div><\/span><\/p>\n","protected":false},"excerpt":{"rendered":"<p>Os jogadores s\u00e3o respons\u00e1veis por garantir que os seus cards e\/ou protetores de cards n\u00e3o estejam marcados no torneio. Um card ou protetor \u00e9 considerado marcado se ele tem algo que faz com que seja poss\u00edvel identificar o card sem ver a sua face frontal, incluindo (mas n\u00e3o limitado a) arranh\u00f5es, descolora\u00e7\u00e3o e dobras. Se [&hellip;]<\/p>\n","protected":false},"author":249,"featured_media":0,"parent":0,"menu_order":0,"comment_status":"closed","ping_status":"closed","template":"","meta":{"footnotes":"","_links_to":"","_links_to_target":""},"language":[13],"class_list":["post-7446","page","type-page","status-publish","hentry","language-pt_br"],"_links":{"self":[{"href":"https:\/\/blogs.magicjudges.org\/rules\/wp-json\/wp\/v2\/pages\/7446","targetHints":{"allow":["GET"]}}],"collection":[{"href":"https:\/\/blogs.magicjudges.org\/rules\/wp-json\/wp\/v2\/pages"}],"about":[{"href":"https:\/\/blogs.magicjudges.org\/rules\/wp-json\/wp\/v2\/types\/page"}],"author":[{"embeddable":true,"href":"https:\/\/blogs.magicjudges.org\/rules\/wp-json\/wp\/v2\/users\/249"}],"replies":[{"embeddable":true,"href":"https:\/\/blogs.magicjudges.org\/rules\/wp-json\/wp\/v2\/comments?post=7446"}],"version-history":[{"count":1,"href":"https:\/\/blogs.magicjudges.org\/rules\/wp-json\/wp\/v2\/pages\/7446\/revisions"}],"predecessor-version":[{"id":7448,"href":"https:\/\/blogs.magicjudges.org\/rules\/wp-json\/wp\/v2\/pages\/7446\/revisions\/7448"}],"wp:attachment":[{"href":"https:\/\/blogs.magicjudges.org\/rules\/wp-json\/wp\/v2\/media?parent=7446"}],"wp:term":[{"taxonomy":"language","embeddable":true,"href":"https:\/\/blogs.magicjudges.org\/rules\/wp-json\/wp\/v2\/language?post=7446"}],"curies":[{"name":"wp","href":"https:\/\/api.w.org\/{rel}","templated":true}]}}