{"id":7447,"date":"2018-01-11T00:43:45","date_gmt":"2018-01-10T21:43:45","guid":{"rendered":"http:\/\/blogs.magicjudges.org\/rules\/?page_id=7447"},"modified":"2018-01-11T00:43:45","modified_gmt":"2018-01-10T21:43:45","slug":"mtr3-12-pt","status":"publish","type":"page","link":"https:\/\/blogs.magicjudges.org\/rules\/mtr3-12-pt\/","title":{"rendered":"MTR 3.12 Informa\u00e7\u00e3o oculta"},"content":{"rendered":"<p><span style=\"font-weight: 400\">Informa\u00e7\u00e3o oculta refere-se \u00e0s faces frontais dos cards e outros objetos em que as regras do jogo e do formato n\u00e3o permitem que voc\u00ea olhe.<\/span><\/p>\n<p><span style=\"font-weight: 400\"><div class=\"alert alert-info\" role=\"alert\"> Cartas no grim\u00f3rio, cartas na m\u00e3o do oponente, cartas exiladas com a face voltada para baixo (como por exemplo de Pyxis do Pandem\u00f4nio), e cartas outros jogadores est\u00e3o draftando, s\u00e3o todos exemplos de informa\u00e7\u00e3o privada.<\/div><\/span><\/p>\n<p><span style=\"font-weight: 400\">Durante todo o jogo, um draft, e procedimentos pr\u00e9-jogo, os jogadores s\u00e3o respons\u00e1veis por manter os seus cards acima do n\u00edvel da superf\u00edcie de jogo e por fazer todos os esfor\u00e7os razo\u00e1veis para evitar que informa\u00e7\u00f5es ocultas sejam reveladas. No entanto, os jogadores podem escolher revelar suas m\u00e3os ou qualquer outra informa\u00e7\u00e3o oculta dispon\u00edvel somente para eles, a menos que expressamente proibido pelas regras. Os jogadores n\u00e3o devem tentar ativamente obter informa\u00e7\u00f5es oculta para eles, mas n\u00e3o s\u00e3o obrigados a informar os advers\u00e1rios que est\u00e3o revelando acidentalmente informa\u00e7\u00f5es oculta.<\/span><\/p>\n<p><span style=\"font-weight: 400\"><div class=\"alert alert-info\" role=\"alert\"> Jogadores podem mostrar a seu oponente qualquer informa\u00e7\u00e3o que aquele jogador seja permitido ver. Isso significa que n\u00e3o podem mostrar a seu oponente o conte\u00fado de seus grim\u00f3rios a n\u00e3o ser que ele presentemente possa v\u00ea-lo (por exemplo procurando). Jogadores n\u00e3o podem tentar olhar a m\u00e3o do seu oponente, mas se o oponente a tem relevada ele n\u00e3o precisa inform\u00e1-lo.<\/div><\/span><\/p>\n","protected":false},"excerpt":{"rendered":"<p>Informa\u00e7\u00e3o oculta refere-se \u00e0s faces frontais dos cards e outros objetos em que as regras do jogo e do formato n\u00e3o permitem que voc\u00ea olhe. Durante todo o jogo, um draft, e procedimentos pr\u00e9-jogo, os jogadores s\u00e3o respons\u00e1veis por manter os seus cards acima do n\u00edvel da superf\u00edcie de jogo e por fazer todos os [&hellip;]<\/p>\n","protected":false},"author":249,"featured_media":0,"parent":0,"menu_order":0,"comment_status":"closed","ping_status":"closed","template":"","meta":{"footnotes":"","_links_to":"","_links_to_target":""},"language":[13],"class_list":["post-7447","page","type-page","status-publish","hentry","language-pt_br"],"_links":{"self":[{"href":"https:\/\/blogs.magicjudges.org\/rules\/wp-json\/wp\/v2\/pages\/7447","targetHints":{"allow":["GET"]}}],"collection":[{"href":"https:\/\/blogs.magicjudges.org\/rules\/wp-json\/wp\/v2\/pages"}],"about":[{"href":"https:\/\/blogs.magicjudges.org\/rules\/wp-json\/wp\/v2\/types\/page"}],"author":[{"embeddable":true,"href":"https:\/\/blogs.magicjudges.org\/rules\/wp-json\/wp\/v2\/users\/249"}],"replies":[{"embeddable":true,"href":"https:\/\/blogs.magicjudges.org\/rules\/wp-json\/wp\/v2\/comments?post=7447"}],"version-history":[{"count":1,"href":"https:\/\/blogs.magicjudges.org\/rules\/wp-json\/wp\/v2\/pages\/7447\/revisions"}],"predecessor-version":[{"id":7449,"href":"https:\/\/blogs.magicjudges.org\/rules\/wp-json\/wp\/v2\/pages\/7447\/revisions\/7449"}],"wp:attachment":[{"href":"https:\/\/blogs.magicjudges.org\/rules\/wp-json\/wp\/v2\/media?parent=7447"}],"wp:term":[{"taxonomy":"language","embeddable":true,"href":"https:\/\/blogs.magicjudges.org\/rules\/wp-json\/wp\/v2\/language?post=7447"}],"curies":[{"name":"wp","href":"https:\/\/api.w.org\/{rel}","templated":true}]}}