{"id":7450,"date":"2018-01-11T00:46:02","date_gmt":"2018-01-10T21:46:02","guid":{"rendered":"http:\/\/blogs.magicjudges.org\/rules\/?page_id=7450"},"modified":"2018-01-11T00:46:02","modified_gmt":"2018-01-10T21:46:02","slug":"mtr3-13-pt","status":"publish","type":"page","link":"https:\/\/blogs.magicjudges.org\/rules\/mtr3-13-pt\/","title":{"rendered":"MTR 3.13 Cards virados\/girados"},"content":{"rendered":"<p><span style=\"font-weight: 400\">Se um card deve ser virado ou girado, ele deve ser girado cerca de 90 graus (virado) ou 180 graus (girado), o que for apropriado.<\/span><\/p>\n<p><span style=\"font-weight: 400\"><div class=\"alert alert-info\" role=\"alert\"> Cards girados foram introduzidos, e atualmente s\u00f3 existem, no bloco de Kamigawa. Consiste em um card com duas caixas de regras e possuem uma condi\u00e7\u00e3o para girar de suas caracter\u00edsticas originais para caracter\u00edsticas alternativas.<\/span><\/p>\n<p><span style=\"font-weight: 400\">Se um car est\u00e1 virado ou girado \u00e9 um estado de jogo, e precisa ser claramente comunicado ao oponente, nesse sentido padr\u00f5es visuais s\u00e3o muito \u00fateis.<\/div><\/span><\/p>\n","protected":false},"excerpt":{"rendered":"<p>Se um card deve ser virado ou girado, ele deve ser girado cerca de 90 graus (virado) ou 180 graus (girado), o que for apropriado.<\/p>\n","protected":false},"author":249,"featured_media":0,"parent":0,"menu_order":0,"comment_status":"closed","ping_status":"closed","template":"","meta":{"footnotes":"","_links_to":"","_links_to_target":""},"language":[13],"class_list":["post-7450","page","type-page","status-publish","hentry","language-pt_br"],"_links":{"self":[{"href":"https:\/\/blogs.magicjudges.org\/rules\/wp-json\/wp\/v2\/pages\/7450","targetHints":{"allow":["GET"]}}],"collection":[{"href":"https:\/\/blogs.magicjudges.org\/rules\/wp-json\/wp\/v2\/pages"}],"about":[{"href":"https:\/\/blogs.magicjudges.org\/rules\/wp-json\/wp\/v2\/types\/page"}],"author":[{"embeddable":true,"href":"https:\/\/blogs.magicjudges.org\/rules\/wp-json\/wp\/v2\/users\/249"}],"replies":[{"embeddable":true,"href":"https:\/\/blogs.magicjudges.org\/rules\/wp-json\/wp\/v2\/comments?post=7450"}],"version-history":[{"count":1,"href":"https:\/\/blogs.magicjudges.org\/rules\/wp-json\/wp\/v2\/pages\/7450\/revisions"}],"predecessor-version":[{"id":7453,"href":"https:\/\/blogs.magicjudges.org\/rules\/wp-json\/wp\/v2\/pages\/7450\/revisions\/7453"}],"wp:attachment":[{"href":"https:\/\/blogs.magicjudges.org\/rules\/wp-json\/wp\/v2\/media?parent=7450"}],"wp:term":[{"taxonomy":"language","embeddable":true,"href":"https:\/\/blogs.magicjudges.org\/rules\/wp-json\/wp\/v2\/language?post=7450"}],"curies":[{"name":"wp","href":"https:\/\/api.w.org\/{rel}","templated":true}]}}