{"id":7451,"date":"2018-01-11T00:46:53","date_gmt":"2018-01-10T21:46:53","guid":{"rendered":"http:\/\/blogs.magicjudges.org\/rules\/?page_id=7451"},"modified":"2018-01-11T00:46:53","modified_gmt":"2018-01-10T21:46:53","slug":"mtr3-14-pt","status":"publish","type":"page","link":"https:\/\/blogs.magicjudges.org\/rules\/mtr3-14-pt\/","title":{"rendered":"MTR 3.14 Ordem do cemit\u00e9rio"},"content":{"rendered":"<p><span style=\"font-weight: 400\">Em formatos que envolvem apenas cards de Saga de Urza \u2122 e lan\u00e7ados ap\u00f3s esta cole\u00e7\u00e3o, os jogadores podem mudar a ordem de seu cemit\u00e9rio a qualquer momento.<\/span><\/p>\n<p><span style=\"font-weight: 400\"><div class=\"alert alert-info\" role=\"alert\"> A edi\u00e7\u00e3o Fortaleza cont\u00e9m o \u00faltimo card que se preocupa com a ordem do cemit\u00e9rio. A edi\u00e7\u00e3o Saga de Urza foi lan\u00e7ada a seguir, sendo assim em qualquer formato que inclua apenas cards dela em diante os jogadores podem mudar a ordem de seus cemit\u00e9rios.<\/span><\/p>\n<p><span style=\"font-weight: 400\">Os formatos mais comuns que possuem essa restri\u00e7\u00e3o s\u00e3o Legado (Legacy) e Vintage.<\/div><\/span><\/p>\n<p><span style=\"font-weight: 400\">Um jogador n\u00e3o pode alterar a ordem do cemit\u00e9rio de um oponente.<\/span><\/p>\n<p><span style=\"font-weight: 400\"><div class=\"alert alert-info\" role=\"alert\"> Um jogador pode olhar o cemit\u00e9rio de seu oponente quando desejar. O jogador sempre deve pedir permiss\u00e3o ao seu dono antes de tocar em cartas que n\u00e3o lhe perten\u00e7am, como cortesia. Se um jogador estiver olhando os cards de um cemit\u00e9rio ele deve tomar cuidado redobrado para n\u00e3o mistur\u00e1-los com os cards de sua m\u00e3o.<\/div><\/span><\/p>\n","protected":false},"excerpt":{"rendered":"<p>Em formatos que envolvem apenas cards de Saga de Urza \u2122 e lan\u00e7ados ap\u00f3s esta cole\u00e7\u00e3o, os jogadores podem mudar a ordem de seu cemit\u00e9rio a qualquer momento. Um jogador n\u00e3o pode alterar a ordem do cemit\u00e9rio de um oponente.<\/p>\n","protected":false},"author":249,"featured_media":0,"parent":0,"menu_order":0,"comment_status":"closed","ping_status":"closed","template":"","meta":{"footnotes":"","_links_to":"","_links_to_target":""},"language":[13],"class_list":["post-7451","page","type-page","status-publish","hentry","language-pt_br"],"_links":{"self":[{"href":"https:\/\/blogs.magicjudges.org\/rules\/wp-json\/wp\/v2\/pages\/7451","targetHints":{"allow":["GET"]}}],"collection":[{"href":"https:\/\/blogs.magicjudges.org\/rules\/wp-json\/wp\/v2\/pages"}],"about":[{"href":"https:\/\/blogs.magicjudges.org\/rules\/wp-json\/wp\/v2\/types\/page"}],"author":[{"embeddable":true,"href":"https:\/\/blogs.magicjudges.org\/rules\/wp-json\/wp\/v2\/users\/249"}],"replies":[{"embeddable":true,"href":"https:\/\/blogs.magicjudges.org\/rules\/wp-json\/wp\/v2\/comments?post=7451"}],"version-history":[{"count":1,"href":"https:\/\/blogs.magicjudges.org\/rules\/wp-json\/wp\/v2\/pages\/7451\/revisions"}],"predecessor-version":[{"id":7454,"href":"https:\/\/blogs.magicjudges.org\/rules\/wp-json\/wp\/v2\/pages\/7451\/revisions\/7454"}],"wp:attachment":[{"href":"https:\/\/blogs.magicjudges.org\/rules\/wp-json\/wp\/v2\/media?parent=7451"}],"wp:term":[{"taxonomy":"language","embeddable":true,"href":"https:\/\/blogs.magicjudges.org\/rules\/wp-json\/wp\/v2\/language?post=7451"}],"curies":[{"name":"wp","href":"https:\/\/api.w.org\/{rel}","templated":true}]}}