{"id":7452,"date":"2018-01-11T00:47:37","date_gmt":"2018-01-10T21:47:37","guid":{"rendered":"http:\/\/blogs.magicjudges.org\/rules\/?page_id=7452"},"modified":"2018-01-11T00:47:37","modified_gmt":"2018-01-10T21:47:37","slug":"mtr3-15-pt","status":"publish","type":"page","link":"https:\/\/blogs.magicjudges.org\/rules\/mtr3-15-pt\/","title":{"rendered":"MTR 3.15 Reserva de cards"},"content":{"rendered":"<p><span style=\"font-weight: 400\">Uma reserva de cards \u00e9 um grupo de cards adicionais que o jogador pode usar para modificar seu deck entre os jogos de uma partida. O jogador pode usar estes cards em seu deck principal durante todos os jogos ap\u00f3s o primeiro jogo em uma partida. \u00a0<\/span><\/p>\n<p><span style=\"font-weight: 400\"><div class=\"alert alert-info\" role=\"alert\"> \u00c9 aconselh\u00e1vel para um jogador tenha sua reserva protegida da mesma maneira que seu deck principal, a fim de trocar rapidamente cartas entre eles.<\/div><\/span><\/p>\n<p><span style=\"font-weight: 400\">Antes de cada jogo come\u00e7ar, os jogadores devem apresentar sua reserva de cards (se houver) com a face para baixo, seus oponentes podem contar o n\u00famero de cards na sua reserva a qualquer momento. Os jogadores n\u00e3o s\u00e3o obrigados a revelar quantos cards trocaram entre seu deck principal e sua reserva de cards. <\/span><\/p>\n<p><span style=\"font-weight: 400\"><div class=\"alert alert-info\" role=\"alert\"> In the U.S. most players do not present their sideboard, instead leave it in their deck box, separate from their mainboard. This, like requiring opponents to shuffle as opposed to cutting a deck, is required but not strictly enforced. Deck\/Decklist Problem in the IPG also tells us that any other cards kept with the sideboard are considered part of the sideboard. This is one of the common occurrences of Deck\/Decklist Problems and why it is important for players to keep their deck separate from any other cards, for example last night\u2019s draft rares. To avoid a penalty players can present the sideboard, which is common in some countries.<\/div><\/span><\/p>\n<p><span style=\"font-weight: 400\">Outros itens (cards de ficha, cards dupla-face representados no deck por um card curinga, etc.) devem ser mantidos separados da reserva de cards durante o jogo. <\/span><\/p>\n<p><span style=\"font-weight: 400\"><div class=\"alert alert-info\" role=\"alert\"> The Deck\/Decklist portion of the IPG instructs that these \u201cother items\u201d must be sleeved differently than the main deck\/sideboard.<\/div><\/span><\/p>\n<p><span style=\"font-weight: 400\">Durante um jogo, os jogadores podem olhar para a sua pr\u00f3pria reserva de cards, mantendo ela claramente distingu\u00edvel dos outros cards todo o tempo. Se um jogador ganha o controle de outro jogador, ele n\u00e3o pode olhar os cards da reserva daquele jogador, assim como ele n\u00e3o pode for\u00e7ar aquele jogador a dar acesso \u00e0quela reserva de cards.<\/span><\/p>\n<p><span style=\"font-weight: 400\"><div class=\"alert alert-info\" role=\"alert\"> \u00c9 muito importante que os jogadores mantenham as cartas separadas do seu deck principal. Se em algum momento o sideboard torna-se misturado com o deck principal n\u00e3o h\u00e1 nenhuma maneira de verificar a legalidade do baralho e penalidades podem ser aplicadas. Por favor, note a nova mudan\u00e7a! J\u00e1 n\u00e3o \u00e9 permitido que um jogador olhe para a reserva de outro jogador enquanto os controla. No entanto os jogadores ainda podem olhar para o sua pr\u00f3pria reserva a qualquer momento.<\/div><\/span><\/p>\n<p><span style=\"font-weight: 400\">O deck e reserva de cards devem ser devolvidos \u00e0s suas composi\u00e7\u00f5es originais antes do primeiro jogo de cada partida. <\/span><\/p>\n<p><span style=\"font-weight: 400\"><div class=\"alert alert-info\" role=\"alert\"> Esta regra se aplica a todos os eventos de formato constru\u00eddo, incluindo aqueles executados no REL Regular, n\u00e3o apenas aqueles que usam listas de deck. Isso s\u00f3 \u00e9 necess\u00e1rio para eventos de formato limitado se folhas de registro de deck estiverem sendo usadas, caso contr\u00e1rio os eventos s\u00e3o considerados como sendo de constru\u00e7\u00e3o cont\u00ednua.<\/div><\/span><\/p>\n<p><span style=\"font-weight: 400\">Restri\u00e7\u00f5es sobre a composi\u00e7\u00e3o e utiliza\u00e7\u00e3o de uma reserva de cards podem ser encontradas nas regras de constru\u00e7\u00e3o de deck para um tipo de formato em particular.<\/span><\/p>\n<p><span style=\"font-weight: 400\"><div class=\"alert alert-info\" role=\"alert\"> A maioria de formatos constru\u00eddos usam uma reserva m\u00e1xima de 15 cartas. Em eventos de formato limitado, as cartas que est\u00e3o no seu conjunto de cartas, mas n\u00e3o no deck principal, s\u00e3o considerados a sua reserva, juntamente com um n\u00famero ilimitado de terrenos b\u00e1sicos.<\/div><\/span><\/p>\n<p><span style=\"font-weight: 400\">Se uma penalidade faz com que um jogador perca o primeiro jogo em uma partida antes que o jogo come\u00e7asse, ou o primeiro jogo \u00e9 intencionalmente empatado antes que qualquer card seja jogado, nenhum jogador pode utilizar cards de sua reserva de cards para o pr\u00f3ximo jogo na partida. <\/span><\/p>\n<p><span style=\"font-weight: 400\"><div class=\"alert alert-info\" role=\"alert\"> Neste caso, n\u00e3o houve um &#8220;primeiro jogo&#8221; para este jogo por isso n\u00e3o h\u00e1 uso da reserva, como o pr\u00f3ximo jogo ser\u00e1 o &#8220;primeiro jogo&#8221;. Observe que essa exce\u00e7\u00e3o se aplica quando uma penalidade de perda de jogo \u00e9 dada antes do primeiro jogo ter come\u00e7ado, n\u00e3o o segundo ou qualquer jogos subseq\u00fcentes. A penalidade para um Problema de Deck\/Decklist ou Cartas Marcadas agravado para de perda de jogo descoberto durante uma checagem de deck s\u00e3o as formas mais comuns que isso pode acontecer.<\/div><\/span><\/p>\n<p><span style=\"font-weight: 400\">Se os jogadores reiniciam o jogo devido a um efeito de jogo, a composi\u00e7\u00e3o de seus grim\u00f3rios deve permanecer a mesma para o jogo reiniciado. <\/span><\/p>\n<p><span style=\"font-weight: 400\"><div class=\"alert alert-info\" role=\"alert\"> Atualmente a habilidade final de Karn liberado \u00e9 a \u00fanica habilidade que pode reiniciar um jogo. Veja CR 714 para regras adicionais sobre reiniciar o jogo.<\/div><\/span><\/p>\n<p><span style=\"font-weight: 400\">Alguns cards fazem refer\u00eancia ao \u201c(card or cards) de fora do jogo\u201d. Num jogo de torneio, esses cards s\u00e3o os cards da reserve daquele jogador.<\/span><\/p>\n<p><span style=\"font-weight: 400\"><div class=\"alert alert-info\" role=\"alert\"> Com o intuito acabar com discuss\u00f5es ou julgamentos estranhos sobre o que define \u201cuma carta que voc\u00eb possui\u201d, torneios seguem estritamente essa regra. Isso geralmente vem a tona na forma de cartas de \u201cdesejo\u201d, que deixam colocar uma carta em sua m\u00e3o e s\u00e3o frequentemente usadas em decks de Modern e Legacy.<\/div><\/span><\/p>\n","protected":false},"excerpt":{"rendered":"<p>Uma reserva de cards \u00e9 um grupo de cards adicionais que o jogador pode usar para modificar seu deck entre os jogos de uma partida. O jogador pode usar estes cards em seu deck principal durante todos os jogos ap\u00f3s o primeiro jogo em uma partida. \u00a0 Antes de cada jogo come\u00e7ar, os jogadores devem [&hellip;]<\/p>\n","protected":false},"author":249,"featured_media":0,"parent":0,"menu_order":0,"comment_status":"closed","ping_status":"closed","template":"","meta":{"footnotes":"","_links_to":"","_links_to_target":""},"language":[13],"class_list":["post-7452","page","type-page","status-publish","hentry","language-pt_br"],"_links":{"self":[{"href":"https:\/\/blogs.magicjudges.org\/rules\/wp-json\/wp\/v2\/pages\/7452","targetHints":{"allow":["GET"]}}],"collection":[{"href":"https:\/\/blogs.magicjudges.org\/rules\/wp-json\/wp\/v2\/pages"}],"about":[{"href":"https:\/\/blogs.magicjudges.org\/rules\/wp-json\/wp\/v2\/types\/page"}],"author":[{"embeddable":true,"href":"https:\/\/blogs.magicjudges.org\/rules\/wp-json\/wp\/v2\/users\/249"}],"replies":[{"embeddable":true,"href":"https:\/\/blogs.magicjudges.org\/rules\/wp-json\/wp\/v2\/comments?post=7452"}],"version-history":[{"count":1,"href":"https:\/\/blogs.magicjudges.org\/rules\/wp-json\/wp\/v2\/pages\/7452\/revisions"}],"predecessor-version":[{"id":7455,"href":"https:\/\/blogs.magicjudges.org\/rules\/wp-json\/wp\/v2\/pages\/7452\/revisions\/7455"}],"wp:attachment":[{"href":"https:\/\/blogs.magicjudges.org\/rules\/wp-json\/wp\/v2\/media?parent=7452"}],"wp:term":[{"taxonomy":"language","embeddable":true,"href":"https:\/\/blogs.magicjudges.org\/rules\/wp-json\/wp\/v2\/language?post=7452"}],"curies":[{"name":"wp","href":"https:\/\/api.w.org\/{rel}","templated":true}]}}