{"id":7601,"date":"2018-03-01T19:49:38","date_gmt":"2018-03-01T16:49:38","guid":{"rendered":"http:\/\/blogs.magicjudges.org\/rules\/?page_id=7601"},"modified":"2018-03-01T19:49:38","modified_gmt":"2018-03-01T16:49:38","slug":"ipg3-4-pt","status":"publish","type":"page","link":"https:\/\/blogs.magicjudges.org\/rules\/ipg3-4-pt\/","title":{"rendered":"IPG 3.4 Erro de Torneio \u2014 Problema com Listagem de Deck"},"content":{"rendered":"<div style=\"padding-right: 20px;float: left;width: 80%;margin-top: 0px\">\n<h2><b><i>Defini\u00e7\u00e3o<\/i><\/b><\/h2>\n<p><i><span style=\"font-weight: 400\"><br \/>\nA lista de deck \u00e9 ilegal, n\u00e3o corresponde \u00e0quilo que o jogador pretendia jogar ou precisa ser modificada devido \u00e0 perda de um card durante o decorrer do torneio.<\/span><\/i><\/p>\n<\/div>\n<div style=\"float: right;width: 20%;margin-top: 0px;margin-bottom: -20px;text-align: center\">\n<div class=\"alert alert-warning\" role=\"alert\"> <\/p>\n<p style=\"text-align: center;margin-top: 10px;margin-left: -10px\"><strong>Penalidade<\/strong><\/p>\n<p style=\"text-align: center;margin-bottom: 10px;margin-left: -12px\">Perda de Jogo<\/p>\n<p><\/div>\n<\/div>\n<br style=\"clear: both; height: 1px; margin: -1px 0pt 0pt; overflow: hidden;\">\n<p><span style=\"font-weight: 400\"><div class=\"alert alert-info\" role=\"alert\"> <\/span><i><span style=\"font-weight: 400\">Estes s\u00e3o os principais casos em que a lista de deck precisa ser modificada. Uma lista de deck ilegal \u00e9 aquela que cont\u00e9m um deck com cards insuficientes; cards demais na reserva; nomes amb\u00edguos de cards ou cards que s\u00e3o ilegais naquele formato.<\/span><\/i><\/p>\n<p><i><span style=\"font-weight: 400\">Ainda que a listagem seja empregada para assegurar que os jogadores n\u00e3o alterem seus decks durante o andamento do torneio, n\u00f3s consideramos o deck f\u00edsico como a verdadeira representa\u00e7\u00e3o daquilo que o jogador pretende jogar, e esperamos que a lista de deck reflita o deck f\u00edsico.<\/span><\/i><\/p>\n<p><i><span style=\"font-weight: 400\">Embora uma penalidade por cards perdidos possa parecer excessivamente dura, os jogadores possuem a op\u00e7\u00e3o de substituir cards perdidos por outras c\u00f3pias, caso consigam encontr\u00e1-las posteriormente. Al\u00e9m disso, esta penalidade desencoraja um potencial vi\u00e9s de trapa\u00e7a, em que o jogador determinaria, durante o torneio, que sua propor\u00e7\u00e3o de terrenos\/m\u00e1gicas est\u00e1 incorreta e decidiria \u201cperder\u201d um card intencionalmente, a fim de substitu\u00ed-lo por um terreno.<\/span><\/i><span style=\"font-weight: 400\"><\/div><\/span><\/p>\n<p>&nbsp;<\/p>\n<p><span style=\"font-weight: 400\">Esta infra\u00e7\u00e3o n\u00e3o abrange erros de registro cometidos por outro participante antes de uma troca de material para Selado. Tais erros devem ser corrigidos segundo o discernimento do juiz.<\/span><\/p>\n<p>&nbsp;<\/p>\n<p><span style=\"font-weight: 400\"><div class=\"alert alert-info\" role=\"alert\"> <\/span><i><span style=\"font-weight: 400\">No caso de material selado, o registro \u00e9 feito por um outro jogador, ent\u00e3o os erros n\u00e3o pertencem ao jogador jogando com o deck. N\u00e3o \u00e9 nosso desejo penalizar um jogador por um erro cometido por outro participante. Use seu bom senso para avaliar se o erro pode ser corrigido e solucione a quest\u00e3o.<\/span><\/i><span style=\"font-weight: 400\"><\/div><\/span><\/p>\n<h2><\/h2>\n<h2><b>Exemplos<\/b><\/h2>\n<ol>\n<li><span style=\"font-weight: 400\"> Um jogador em um torneio Legado lista Mana Drain (um card banido) em sua listagem de deck.<\/span><\/li>\n<li><span style=\"font-weight: 400\"> Uma jogadora possui uma lista de deck com 56 cards. Seu deck f\u00edsico cont\u00e9m 60 cards, com 4 Delir n\u00e3o listados.<\/span><\/li>\n<li><span style=\"font-weight: 400\"> Um jogador lista apenas \u201cSarkhan\u201d, num formato em que tanto Sarkhan, Porta-voz dos Drag\u00f5es, quanto Sarkhan Revigorado s\u00e3o cards legais.<\/span><\/li>\n<li><span style=\"font-weight: 400\"> Uma jogadora perde alguns cards e n\u00e3o consegue encontrar c\u00f3pias substitutas, tornando imposs\u00edvel jogar com um deck que coincida com sua lista registrada.<\/span><\/li>\n<li><span style=\"font-weight: 400\"> Uma jogadora registra Ajani, Protetor Valente, mas est\u00e1 jogando com Ajani, o Inabal\u00e1vel.<\/span><\/li>\n<\/ol>\n<h2><b>Filosofia<\/b><\/h2>\n<p><span style=\"font-weight: 400\">Listagens de deck s\u00e3o utilizadas para assegurar que decks n\u00e3o ser\u00e3o alterados durante o decorrer de um torneio.<\/span><\/p>\n<p>&nbsp;<\/p>\n<p><span style=\"font-weight: 400\"><div class=\"alert alert-info\" role=\"alert\"> <\/span><i><span style=\"font-weight: 400\">Como explicado acima, a listagem de deck \u00e9 um registro escrito daquilo que o jogador pretende utilizar durante o dia. \u00c9 importante que ju\u00edzes tenham acesso a uma transcri\u00e7\u00e3o fidedigna do deck de um jogador para fins de uma eventual investiga\u00e7\u00e3o.<\/span><\/i><span style=\"font-weight: 400\"><\/div><\/span><\/p>\n<p>&nbsp;<\/p>\n<p><span style=\"font-weight: 400\">Ju\u00edzes e outros oficiais de torneio devem se manter atentos \u00e0 necessidade de lembrar aos jogadores, antes do in\u00edcio do torneio, sobre a import\u00e2ncia de registrar uma lista de deck legal, bem como a de jogar com um deck legal coincidente com essa lista.<\/span><\/p>\n<p>&nbsp;<\/p>\n<p><span style=\"font-weight: 400\"><div class=\"alert alert-info\" role=\"alert\"> <\/span><i><span style=\"font-weight: 400\">Reservar um tempo para dar avisos aos jogadores no in\u00edcio do torneio pode prevenir a ocorr\u00eancia de muitos erros. Por exemplo: \u201cConfiram suas listas de deck e certifiquem-se de que voc\u00eas t\u00eam pelo menos 60 cards no seu deck e 15 cards na sua reserva\u201d. Listagens de deck s\u00e3o, frequentemente, um trabalho afobado, de \u00faltima hora, ent\u00e3o, ao proporcionar um minuto ou dois a mais durante a primeira reuni\u00e3o dos jogadores para que eles possam verificar e corrigir pequenos problemas, voc\u00ea pode contribuir para a preven\u00e7\u00e3o de uma s\u00e9rie de erros.<\/span><\/i><span style=\"font-weight: 400\"><\/div><\/span><\/p>\n<p>&nbsp;<\/p>\n<p><span style=\"font-weight: 400\">Um jogador normalmente recebe uma Perda de Jogo, se sua lista de deck \u00e9 alterada ap\u00f3s o in\u00edcio do torneio.<\/span><\/p>\n<p>&nbsp;<\/p>\n<p><span style=\"font-weight: 400\"><div class=\"alert alert-info\" role=\"alert\"> <\/span><i><span style=\"font-weight: 400\">Essa afirma\u00e7\u00e3o serve para refor\u00e7ar que, quando a corre\u00e7\u00e3o desta infra\u00e7\u00e3o solicitar que a lista de deck seja alterada para coincidir com o deck que est\u00e1 sendo jogado, a penalidade de Perda de Jogo deve tamb\u00e9m ser aplicada. A afirma\u00e7\u00e3o diz \u201cnormalmente\u201d porque existe uma situa\u00e7\u00e3o de exce\u00e7\u00e3o que se configura quando o jogador que, num primeiro momento, tendo perdido um card e falhado em encontrar c\u00f3pias substitutas, recebe a penalidade, mas, mais tarde, consegue encontrar uma c\u00f3pia substituta para o card perdido. No caso descrito, podemos retornar a lista a sua forma original sem necessidade de repetir a penalidade.<\/span><\/i><span style=\"font-weight: 400\"><\/div><\/span><\/p>\n<p>&nbsp;<\/p>\n<p><span style=\"font-weight: 400\">Penalidades para erros de listagem de deck descobertos durante uma checagem de deck s\u00e3o aplicadas imediatamente.<\/span><\/p>\n<p>&nbsp;<\/p>\n<p><span style=\"font-weight: 400\"><div class=\"alert alert-info\" role=\"alert\"> <\/span><i><span style=\"font-weight: 400\">Se um erro \u00e9 descoberto durante uma checagem de deck, a penalidade \u00e9 aplicada de imediato. Os jogadores n\u00e3o est\u00e3o jogando. Aplique a penalidade, conduza a corre\u00e7\u00e3o e, se a partida n\u00e3o tiver sido encerrada, coloque os jogadores para jogar o quanto antes.<\/span><\/i><span style=\"font-weight: 400\"><\/div><\/span><\/p>\n<p>&nbsp;<\/p>\n<p><span style=\"font-weight: 400\">Outras penalidades ligadas a listagem de deck s\u00e3o aplicadas no in\u00edcio da rodada seguinte, a fim de minimizar a interfer\u00eancia na partida em progresso e proporcionar consist\u00eancia, caso alguns jogadores j\u00e1 tenham terminado suas partidas antes que a penalidade pudesse ter sido aplicada.<\/span><\/p>\n<p>&nbsp;<\/p>\n<p><span style=\"font-weight: 400\"><div class=\"alert alert-info\" role=\"alert\"> <\/span><i><span style=\"font-weight: 400\">Em alguns eventos, ju\u00edzes ocasionalmente verificam a legalidade de listas fora de situa\u00e7\u00f5es de checagem de deck. Se um problema for encontrado em uma lista fora de uma checagem de deck, ent\u00e3o a penalidade correspondente deve ser imposta no come\u00e7o da pr\u00f3xima rodada. A finalidade maior disso \u00e9 consist\u00eancia. Se checarmos uma lista e descobrirmos um problema com apenas 10 minutos restando na rodada, a partida pode estar ainda em andamento, mas tamb\u00e9m pode ter terminado. Se ainda estiver em progresso, a Perda de Jogo provavelmente encerrar\u00e1 a partida. Isso significa que a penalidade poderia ser mais ou menos severa em fun\u00e7\u00e3o do momento em que a infra\u00e7\u00e3o fosse descoberta. Para equilibrar essas possibilidades, n\u00f3s aplicamos a penalidade no in\u00edcio da pr\u00f3xima rodada. Agora: isso n\u00e3o se aplica caso voc\u00ea ache que o deck \u00e9 ilegal. Por exemplo, uma lista de deck Moderno contendo Lapso Mental. Voc\u00ea pode inspecionar o grim\u00f3rio do jogador. Se o deck tamb\u00e9m for ilegal, v\u00e1 em frente e aplique a infra\u00e7\u00e3o. Caso contr\u00e1rio (se a ilegalidade for limitada \u00e0 lista), realize a corre\u00e7\u00e3o entre as rodadas e imponha a penalidade no in\u00edcio da rodada posterior.<\/span><\/i><span style=\"font-weight: 400\"><\/div><\/span><\/p>\n<p>&nbsp;<\/p>\n<p><span style=\"font-weight: 400\">Nomes amb\u00edguos ou pouco claros em uma lista de deck podem permitir que um jogador manipule o conte\u00fado de seu deck at\u00e9 o ponto em que forem descobertos.<\/span><\/p>\n<p>&nbsp;<\/p>\n<p><span style=\"font-weight: 400\"><div class=\"alert alert-info\" role=\"alert\"> <\/span><i><span style=\"font-weight: 400\">Escrever nomes de card amb\u00edguos ou incorretos pode ser sinal de um jogador tentando trapacear. Ele pode estar procurando obter alguma flexibilidade para alterar seu deck, a fim de se ajustar melhor ao ambiente, enquanto afirma que estava apenas abreviando a forma de escrever o nome correto do card.<\/span><\/i><span style=\"font-weight: 400\"><\/div><\/span><\/p>\n<p>&nbsp;<\/p>\n<p><span style=\"font-weight: 400\">Nomes truncados de personagens da hist\u00f3ria (permanentes lend\u00e1rias e planeswalkers) s\u00e3o aceit\u00e1veis em listagens desde sejam a \u00fanica representa\u00e7\u00e3o daquele personagem no formato, e ser\u00e3o tratados como se fizessem refer\u00eancia \u00e0quele card, ainda que outros comecem com o mesmo nome.<\/span><\/p>\n<p>&nbsp;<\/p>\n<p><span style=\"font-weight: 400\"><div class=\"alert alert-info\" role=\"alert\"> <\/span><i><span style=\"font-weight: 400\">No caso de personagens da hist\u00f3ria do jogo, \u00e9 frequentemente f\u00e1cil identificar qual card o jogador pretendia listar. Se um jogador lista \u201c4 Ulrich\u201d, \u00e9 improv\u00e1vel que ele esteja se referindo ao card Parente de Ulrich, apesar de o nome do personagem estar contido no nome de ambos os cards. Nesse caso, de permanentes lend\u00e1rias e planeswalkers, h\u00e1 uma exce\u00e7\u00e3o ao requerimento de que os cards sejam registrados por seu nome completo, mas, ainda assim, os nomes dos cards precisam ser unicamente identific\u00e1veis. Registrar \u201c4 Jace\u201d em uma lista Legado, por exemplo, n\u00e3o ser\u00e1 considerado suficiente, uma vez que h\u00e1 m\u00faltiplas representa\u00e7\u00f5es legais do planeswalker Jace naquele formato. Se ju\u00edzes permitissem que um jogador listasse \u201c4 Jace\u201d sem que isso fosse considerado uma infra\u00e7\u00e3o, ele poderia se beneficiar da ambiguidade trocando entre Jace, Adepto da Mem\u00f3ria e Jace, o Escultor de Mentes conforme sua conveni\u00eancia, sem medo de receber uma Perda de Jogo.<\/span><\/i><span style=\"font-weight: 400\"><\/div><\/span><\/p>\n<p>&nbsp;<\/p>\n<p><span style=\"font-weight: 400\">O Juiz Mor pode decidir n\u00e3o impor esta penalidade, caso creia que aquilo que o jogador escreveu em sua listagem de deck seja \u00f3bvio e inequ\u00edvoco, ainda que n\u00e3o seja o nome completo e correto do card. Em torneios Limitados, o Juiz Mor pode escolher n\u00e3o aplicar esta penalidade para quantias de terrenos b\u00e1sicos incorretamente marcadas, se acreditar que a quantidade correta \u00e9 \u00f3bvia. Isso deve ser determinado t\u00e3o-somente pelo que consta da lista de deck, e n\u00e3o deve tomar por base intento, dado o conte\u00fado de fato do deck. Precisar checar o deck em busca de confirma\u00e7\u00e3o \u00e9 um sinal de que a identidade do item listado n\u00e3o \u00e9 \u00f3bvia.<\/span><\/p>\n<p>&nbsp;<\/p>\n<p><span style=\"font-weight: 400\"><div class=\"alert alert-info\" role=\"alert\"> <\/span><i><span style=\"font-weight: 400\">Checar a correspond\u00eancia dos cards do deck contra a listagem, nessa situa\u00e7\u00e3o, acarreta trabalho desnecess\u00e1rio \u00e0 equipe de checagem de decks. Se o erro \u00e9 extremamente \u00f3bvio e o nome correto do card s\u00f3 pode ser uma coisa, ent\u00e3o n\u00e3o h\u00e1 ambiguidade. Se o erro \u00e9 \u00f3bvio, n\u00e3o deve haver quest\u00e3o alguma sobre a identidade do card. Em verdade, n\u00e3o h\u00e1 sequer raz\u00e3o para verificar. Nesses casos, o Juiz Mor tem permiss\u00e3o para decidir pela n\u00e3o aplica\u00e7\u00e3o de uma penalidade. Nem mesmo uma Advert\u00eancia. No entanto, nem todos os ju\u00edzes veem \u201c\u00f3bvio\u201d da mesma maneira, e alguns tendem a ser um tanto permissivos demais com o significado de \u201c\u00f3bvio\u201d. Para determinar se \u201c\u00f3bvio\u201d \u00e9 \u00f3bvio o suficiente, utilize as seguintes diretrizes: se voc\u00ea tem que gastar tempo debatendo se \u00e9 \u00f3bvio, ent\u00e3o n\u00e3o \u00e9 \u00f3bvio o suficiente. Por exemplo, \u201cShockland UB\u201d \u00e9 um card \u00f3bvio, assim como \u201cTemplo BG\u201d. N\u00e3o \u00e9 necess\u00e1rio olhar o deck f\u00edsico para saber o que qualquer um desses quer dizer. O mesmo pode ser dito a respeito de \u201cBob\u201d. \u201cGoyf\u201d \u00e9 mais arriscado, mas o autor deste texto sente que est\u00e1 mais para \u00f3bvio que para duvidoso. <\/span><\/i><\/p>\n<p><i><span style=\"font-weight: 400\">Agora: que tal uma situa\u00e7\u00e3o em que o jogador escreve o nome de um card trocado, tal como Templo da Enfermidade no deck preto e verde que fisicamente possui uma c\u00f3pia de Templo da Malefic\u00eancia, detectado durante uma checagem de deck? Trata-se de um erro puramente de registro? Provavelmente. \u00c9 \u00f3bvio que o jogador queria dizer Templo da Malefic\u00eancia? N\u00e3o, se julgarmos somente pela lista de deck. Dessa forma, essa situa\u00e7\u00e3o n\u00e3o \u00e9 pass\u00edvel de uma diminui\u00e7\u00e3o de penalidade.<\/span><\/i><\/p>\n<p><i><span style=\"font-weight: 400\">Toby Elliot escreveu um post de blog maravilhoso detalhando o que deve ou n\u00e3o ser considerado \u201c\u00f3bvio\u201d.<\/span><\/i><span style=\"font-weight: 400\"><\/div><\/span><\/p>\n<h2><b>Solu\u00e7\u00e3o Adicional<\/b><\/h2>\n<p><span style=\"font-weight: 400\">Se a lista contiver cards ilegais, remova-os.<\/span><\/p>\n<p>&nbsp;<\/p>\n<p><span style=\"font-weight: 400\"><div class=\"alert alert-info\" role=\"alert\"> <\/span><i><span style=\"font-weight: 400\">Os passos para a corre\u00e7\u00e3o devem ser realizados em ordem. A primeira coisa que voc\u00ea deseja fazer \u00e9 remover quaisquer cards ilegais da lista. Se os cards ilegais tamb\u00e9m estiverem no deck, remova-os de l\u00e1, tamb\u00e9m.<\/span><\/i><span style=\"font-weight: 400\"><\/div><\/span><\/p>\n<p>&nbsp;<\/p>\n<p><span style=\"font-weight: 400\">Altere a lista de forma que esta reflita o deck que o jogador est\u00e1 de fato utilizando.<\/span><\/p>\n<p>&nbsp;<\/p>\n<p><span style=\"font-weight: 400\"><div class=\"alert alert-info\" role=\"alert\"> <\/span><i><span style=\"font-weight: 400\">Para corrigir o erro, queremos assegurar que o jogador est\u00e1 jogando com aquilo que ele pretendia utilizar \u2013 n\u00f3s n\u00e3o obrigamos que o deck espelhe a lista; em vez disso, n\u00f3s alteramos a listagem para que esta coincida com o deck. O deck apresentado pelo jogador \u00e9, com maior frequ\u00eancia, aquilo que ele desejava jogar.<\/span><\/i><span style=\"font-weight: 400\"><\/div><\/span><\/p>\n<p>&nbsp;<\/p>\n<p><span style=\"font-weight: 400\">Se o deck\/reserva e a lista ambos violarem uma restri\u00e7\u00e3o m\u00e1xima de cards (normalmente, cards excessivos na reserva ou mais de quatro c\u00f3pias de um card \u00fanico), remova cards come\u00e7ando pela parte inferior da se\u00e7\u00e3o apropriada da lista.<\/span><\/p>\n<p>&nbsp;<\/p>\n<p><span style=\"font-weight: 400\"><div class=\"alert alert-info\" role=\"alert\"> <\/span><i><span style=\"font-weight: 400\">Quando a reserva possui cards em excesso, voc\u00ea n\u00e3o pode simplesmente tomar a palavra dos jogadores sobre quais cards eles tencionavam utilizar, uma vez que isso permitiria adapta\u00e7\u00e3o da reserva depois de eles terem tido uma chance de entender o ambiente do torneio. Nesse caso, apenas remova os cards extras (da listagem e do deck f\u00edsico) come\u00e7ando pelas \u00faltimas entradas da lista e seguindo para cima, at\u00e9 que o n\u00famero correto seja alcan\u00e7ado.<\/span><\/i><\/p>\n<p><span style=\"font-weight: 400\"><\/div><\/span><\/p>\n<p>&nbsp;<\/p>\n<p><span style=\"font-weight: 400\">Caso o deck resultante da corre\u00e7\u00e3o tenha um n\u00famero de cards inferior ao m\u00ednimo, adicione terrenos b\u00e1sicos \u00e0 escolha do jogador (excetuando Ermos ou terrenos nevados) at\u00e9 que o n\u00famero m\u00ednimo seja atingido. A seguir, atualize a lista de deck de modo a refletir essa altera\u00e7\u00e3o.<\/span><\/p>\n<p>&nbsp;<\/p>\n<p><span style=\"font-weight: 400\"><div class=\"alert alert-info\" role=\"alert\"> <\/span><i><span style=\"font-weight: 400\">Esse \u00e9 um passo no processo porque, embora alguns decks possam come\u00e7ar o processo de corre\u00e7\u00e3o j\u00e1 com cards a menos que o m\u00ednimo, outros ter\u00e3o seu n\u00famero de cards reduzido para menos que o m\u00ednimo devido \u00e0 remo\u00e7\u00e3o de cards ilegais. Para corrigir isso, ju\u00edzes podem adicionar terrenos b\u00e1sicos da escolha do jogador ao deck, a fim de que este se torne legal e jog\u00e1vel. Isso tamb\u00e9m pode ocorrer caso cards sejam perdidos e o jogador n\u00e3o consiga providenciar c\u00f3pias substitutas.<\/span><\/i><\/p>\n<p><i><span style=\"font-weight: 400\">Adicione terrenos b\u00e1sicos para alcan\u00e7ar os requerimentos m\u00ednimos. Devido ao fato de que alguns formatos possuem restri\u00e7\u00f5es especiais em rela\u00e7\u00e3o a terrenos b\u00e1sicos nevados ou Ermos, e que a disponibilidade destes n\u00e3o \u00e9 garantida, n\u00e3o \u00e9 permitido que eles sejam utilizados no desempenho desta corre\u00e7\u00e3o.<\/span><\/i><span style=\"font-weight: 400\"><\/div><\/span><\/p>\n<p>&nbsp;<\/p>\n<p><span style=\"font-weight: 400\">Essa mudan\u00e7a pode ser revertida sem qualquer penalidade, caso o jogador posteriormente consiga localizar c\u00f3pias substitutas para cards legais que estivessem originalmente listados.<\/span><\/p>\n<p>&nbsp;<\/p>\n<p><span style=\"font-weight: 400\"><div class=\"alert alert-info\" role=\"alert\"> <\/span><i><span style=\"font-weight: 400\">Se cards perdidos forem encontrados, \u00e9 aceit\u00e1vel remover os terrenos b\u00e1sicos inclu\u00eddos durante a primeira corre\u00e7\u00e3o e permitir ao jogador que volte a jogar com os cards que deveriam estar em seu deck.<\/span><\/i><span style=\"font-weight: 400\"><\/div><\/span><\/p>\n","protected":false},"excerpt":{"rendered":"<p>Defini\u00e7\u00e3o A lista de deck \u00e9 ilegal, n\u00e3o corresponde \u00e0quilo que o jogador pretendia jogar ou precisa ser modificada devido \u00e0 perda de um card durante o decorrer do torneio. &nbsp; Esta infra\u00e7\u00e3o n\u00e3o abrange erros de registro cometidos por outro participante antes de uma troca de material para Selado. Tais erros devem ser corrigidos [&hellip;]<\/p>\n","protected":false},"author":28,"featured_media":0,"parent":0,"menu_order":0,"comment_status":"closed","ping_status":"closed","template":"","meta":{"footnotes":"","_links_to":"","_links_to_target":""},"language":[13],"class_list":["post-7601","page","type-page","status-publish","hentry","language-pt_br"],"_links":{"self":[{"href":"https:\/\/blogs.magicjudges.org\/rules\/wp-json\/wp\/v2\/pages\/7601","targetHints":{"allow":["GET"]}}],"collection":[{"href":"https:\/\/blogs.magicjudges.org\/rules\/wp-json\/wp\/v2\/pages"}],"about":[{"href":"https:\/\/blogs.magicjudges.org\/rules\/wp-json\/wp\/v2\/types\/page"}],"author":[{"embeddable":true,"href":"https:\/\/blogs.magicjudges.org\/rules\/wp-json\/wp\/v2\/users\/28"}],"replies":[{"embeddable":true,"href":"https:\/\/blogs.magicjudges.org\/rules\/wp-json\/wp\/v2\/comments?post=7601"}],"version-history":[{"count":1,"href":"https:\/\/blogs.magicjudges.org\/rules\/wp-json\/wp\/v2\/pages\/7601\/revisions"}],"predecessor-version":[{"id":7603,"href":"https:\/\/blogs.magicjudges.org\/rules\/wp-json\/wp\/v2\/pages\/7601\/revisions\/7603"}],"wp:attachment":[{"href":"https:\/\/blogs.magicjudges.org\/rules\/wp-json\/wp\/v2\/media?parent=7601"}],"wp:term":[{"taxonomy":"language","embeddable":true,"href":"https:\/\/blogs.magicjudges.org\/rules\/wp-json\/wp\/v2\/language?post=7601"}],"curies":[{"name":"wp","href":"https:\/\/api.w.org\/{rel}","templated":true}]}}