{"id":7711,"date":"2018-04-11T23:54:07","date_gmt":"2018-04-11T20:54:07","guid":{"rendered":"http:\/\/blogs.magicjudges.org\/rules\/?page_id=7711"},"modified":"2018-04-11T23:54:07","modified_gmt":"2018-04-11T20:54:07","slug":"mtr4-5-pt","status":"publish","type":"page","link":"https:\/\/blogs.magicjudges.org\/rules\/mtr4-5-pt\/","title":{"rendered":"MTR 4.5 Comunica\u00e7\u00e3o de Equipes \/ Gigante de duas cabe\u00e7as"},"content":{"rendered":"<p><span style=\"font-weight: 400\">Membros de uma mesma equipe podem, a qualquer momento, comunicar-se entre si verbalmente. Isso inclui durante o jogo, durante o draft e durante a constru\u00e7\u00e3o de deck de torneios no formato Limitado. <\/span><\/p>\n<p>&nbsp;<\/p>\n<p><span style=\"font-weight: 400\"><div class=\"alert alert-info\" role=\"alert\"> <\/span><span style=\"font-weight: 400\">Jogadores podem falar a qualquer momento sobre praticamente qualquer coisa com os membros de sua equipe, a \u00fanica exce\u00e7\u00e3o segue abaixo.<\/div><\/span><\/p>\n<p>&nbsp;<\/p>\n<p><span style=\"font-weight: 400\">Entretanto, membros de uma equipe que tiveram a oportunidade de adquirir informa\u00e7\u00e3o escondida (por exemplo, conversando com espectadores acompanhando sua partida enquanto um parceiro da equipe ainda est\u00e1 jogando) ficam restringidos de se comunicar com seus parceiros de equipe pela dura\u00e7\u00e3o daquela partida.<\/span><\/p>\n<p>&nbsp;<\/p>\n<p><span style=\"font-weight: 400\">Proibi\u00e7\u00f5es contra qualquer tipo de notas escritas durante drafts tamb\u00e9m se aplicam em drafts de equipes.<\/span><\/p>\n<p>&nbsp;<\/p>\n<p><span style=\"font-weight: 400\"><div class=\"alert alert-info\" role=\"alert\"> <\/span><span style=\"font-weight: 400\">Se um membro de uma equipe obtiver alguma informa\u00e7\u00e3o oculta que n\u00e3o diga respeito a partida de seus companheiros, ele ou ela n\u00e3o deve comunic\u00e1-la a seus companheiros que ainda estiverem jogando. Veja MTR 8.3.<\/span> <span style=\"font-weight: 400\"><\/div><\/span><\/p>\n<p>&nbsp;<\/p>\n","protected":false},"excerpt":{"rendered":"<p>Membros de uma mesma equipe podem, a qualquer momento, comunicar-se entre si verbalmente. Isso inclui durante o jogo, durante o draft e durante a constru\u00e7\u00e3o de deck de torneios no formato Limitado. &nbsp; &nbsp; Entretanto, membros de uma equipe que tiveram a oportunidade de adquirir informa\u00e7\u00e3o escondida (por exemplo, conversando com espectadores acompanhando sua partida [&hellip;]<\/p>\n","protected":false},"author":249,"featured_media":0,"parent":0,"menu_order":0,"comment_status":"closed","ping_status":"closed","template":"","meta":{"footnotes":"","_links_to":"","_links_to_target":""},"language":[],"class_list":["post-7711","page","type-page","status-publish","hentry"],"_links":{"self":[{"href":"https:\/\/blogs.magicjudges.org\/rules\/wp-json\/wp\/v2\/pages\/7711","targetHints":{"allow":["GET"]}}],"collection":[{"href":"https:\/\/blogs.magicjudges.org\/rules\/wp-json\/wp\/v2\/pages"}],"about":[{"href":"https:\/\/blogs.magicjudges.org\/rules\/wp-json\/wp\/v2\/types\/page"}],"author":[{"embeddable":true,"href":"https:\/\/blogs.magicjudges.org\/rules\/wp-json\/wp\/v2\/users\/249"}],"replies":[{"embeddable":true,"href":"https:\/\/blogs.magicjudges.org\/rules\/wp-json\/wp\/v2\/comments?post=7711"}],"version-history":[{"count":1,"href":"https:\/\/blogs.magicjudges.org\/rules\/wp-json\/wp\/v2\/pages\/7711\/revisions"}],"predecessor-version":[{"id":7712,"href":"https:\/\/blogs.magicjudges.org\/rules\/wp-json\/wp\/v2\/pages\/7711\/revisions\/7712"}],"wp:attachment":[{"href":"https:\/\/blogs.magicjudges.org\/rules\/wp-json\/wp\/v2\/media?parent=7711"}],"wp:term":[{"taxonomy":"language","embeddable":true,"href":"https:\/\/blogs.magicjudges.org\/rules\/wp-json\/wp\/v2\/language?post=7711"}],"curies":[{"name":"wp","href":"https:\/\/api.w.org\/{rel}","templated":true}]}}