{"id":8254,"date":"2018-09-14T23:46:11","date_gmt":"2018-09-14T20:46:11","guid":{"rendered":"http:\/\/blogs.magicjudges.org\/rules\/?page_id=8254"},"modified":"2018-10-03T08:35:40","modified_gmt":"2018-10-03T05:35:40","slug":"mtr4-7-es","status":"publish","type":"page","link":"https:\/\/blogs.magicjudges.org\/rules\/mtr4-7-es\/","title":{"rendered":"MTR 4.7 Disposici\u00f3n del juego"},"content":{"rendered":"<p><span style=\"font-weight: 400\">Los jugadores en partidas de nivel de imposici\u00f3n de reglas competitivo o profesional deben desplegar sus cartas, fichas y otros accesorios en el campo de batalla usando la siguiente disposici\u00f3n:<\/span><\/p>\n<ul>\n<li style=\"font-weight: 400\"><span style=\"font-weight: 400\">Desde la perspectiva del jugador, las cartas que no sean tierra deben mantenerse m\u00e1s cerca del oponente que las tierras, y las cartas que no son tierras deben estar entre el \u00e1rea de tierras y el borde de la mesa m\u00e1s cercano al jugador.<\/span><\/li>\n<li style=\"font-weight: 400\"><span style=\"font-weight: 400\">Los permanentes que no sean criatura cuyo uso puede estar razonablemente asociado con el \u00e1rea de tierras o de no tierras (i.e. un artefacto cuya \u00fanica habilidad es una habilidad de man\u00e1) puede ubicarse en cualquier \u00e1rea, siempre y cuando la distribuci\u00f3n general, a criterio de los oficiales del torneo, sea clara. Sin embargo, los permanentes que tambi\u00e9n sean criaturas (i.e. artefactos con <a href=\"https:\/\/blogs.magicjudges.org\/rules\/wp-content\/plugins\/lems-mtg-helper\/lems-mtg-helper-cardfinder.php?find=Marcha+de+las+m%C3%A1quina&width=223&height=310\" class=\"jTip\" name=\"\">Marcha de las m\u00e1quina<\/a> en el campo de batalla, <a href=\"https:\/\/blogs.magicjudges.org\/rules\/wp-content\/plugins\/lems-mtg-helper\/lems-mtg-helper-cardfinder.php?find=Dr%C3%ADada+enramada&width=223&height=310\" class=\"jTip\" name=\"\">Dr\u00edada enramada<\/a> o una <a href=\"https:\/\/blogs.magicjudges.org\/rules\/wp-content\/plugins\/lems-mtg-helper\/lems-mtg-helper-cardfinder.php?find=Aldea+en+las+copas&width=223&height=310\" class=\"jTip\" name=\"\">Aldea en las copas<\/a> que es actualmente una criatura) deben colocarse en el \u00e1rea para no tierras. Los jugadores no pueden usar otras cartas para intencionalmente ocultar la presencia de un permanente en cualquier \u00e1rea del campo de batalla.<\/span><\/li>\n<li style=\"font-weight: 400\"><span style=\"font-weight: 400\">Cada carta deber\u00eda permanecer claramente asociada con cualquier permanente al que est\u00e9 anexado. Por ejemplo, un aura que est\u00e1 encantando una tierra deber\u00eda estar en el \u00e1rea de tierras en contacto con esa tierra.<\/span><\/li>\n<li style=\"font-weight: 400\"><span style=\"font-weight: 400\">La biblioteca, el cementerio y las cartas exiliadas de un jugador deber\u00edan mantenerse todos en el extremo izquierdo o derecho del campo de batalla, a discreci\u00f3n del jugador.<\/span><\/li>\n<li style=\"font-weight: 400\"><span style=\"font-weight: 400\">El cementerio y las cartas exiliadas de un jugador deber\u00edan estar adyacentes a su biblioteca. Los tres deber\u00edan estar bien separados en todo momento.<\/span><\/li>\n<li style=\"font-weight: 400\"><span style=\"font-weight: 400\">Si una carta es exiliada por un permanente y ese permanente incluye una manera de realizar acciones adicionales con la carta exiliada, la asociaci\u00f3n de ambas cartas debe ser clara. Se recomienda mantener ambas cartas juntas.<\/span><\/li>\n<li style=\"font-weight: 400\"><span style=\"font-weight: 400\">Cada permanente enderezado deber\u00eda estar mirando a su controlador. Los jugadores pueden brevemente girar una carta como recordatorio.<\/span><\/li>\n<\/ul>\n<p><span style=\"font-weight: 400\"><div class=\"alert alert-info\" role=\"alert\"> <\/span><i><span style=\"font-weight: 400\">Si <\/span><\/i><span style=\"font-weight: 400\"><a href=\"https:\/\/blogs.magicjudges.org\/rules\/wp-content\/plugins\/lems-mtg-helper\/lems-mtg-helper-cardfinder.php?find=Luz+de+destierro&width=223&height=310\" class=\"jTip\" name=\"\"><\/span><i><span style=\"font-weight: 400\">Luz de destierro<\/span><\/i><span style=\"font-weight: 400\"><\/a><\/span><i><span style=\"font-weight: 400\"> exilia una carta, esa carta deber\u00eda ser puesta debajo de Luz de destierro. Si un jugador exilia dos llanuras y un <\/span><\/i><span style=\"font-weight: 400\"><a href=\"https:\/\/blogs.magicjudges.org\/rules\/wp-content\/plugins\/lems-mtg-helper\/lems-mtg-helper-cardfinder.php?find=Osos+pardos&width=223&height=310\" class=\"jTip\" name=\"\"><\/span><i><span style=\"font-weight: 400\">Osos pardos<\/span><\/i><span style=\"font-weight: 400\"><\/a><\/span><i><span style=\"font-weight: 400\"> con <\/span><\/i><span style=\"font-weight: 400\"><a href=\"https:\/\/blogs.magicjudges.org\/rules\/wp-content\/plugins\/lems-mtg-helper\/lems-mtg-helper-cardfinder.php?find=Ashiok%2C+urdidor+de+pesadillas&width=223&height=310\" class=\"jTip\" name=\"\"><\/span><i><span style=\"font-weight: 400\">Ashiok, urdidor de pesadillas<\/span><\/i><span style=\"font-weight: 400\"><\/a><\/span><i><span style=\"font-weight: 400\">, el <\/span><\/i><span style=\"font-weight: 400\"><a href=\"https:\/\/blogs.magicjudges.org\/rules\/wp-content\/plugins\/lems-mtg-helper\/lems-mtg-helper-cardfinder.php?find=Osos+pardos&width=223&height=310\" class=\"jTip\" name=\"\"><\/span><i><span style=\"font-weight: 400\">Osos pardos<\/span><\/i><span style=\"font-weight: 400\"><\/a><\/span><i><span style=\"font-weight: 400\"> deber\u00eda ser puesto debajo de Ashiok<\/span><\/i><span style=\"font-weight: 400\">.<\/div><\/span><\/p>\n<p><span style=\"font-weight: 400\"><div class=\"alert alert-info\" role=\"alert\"> <\/span><i><span style=\"font-weight: 400\">La mesa de un jugador debe tener las criaturas adelante de las tierras. Los permanentes que no sean criatura cuyos usos principales sean para agregar man\u00e1 pueden ser ubicados con las tierras o lejos de ellas. Las criaturas que son tambi\u00e9n tierras DEBEN ser ubicadas junto con las dem\u00e1s criaturas. Esto incluye <\/span><\/i><a href=\"http:\/\/gatherer.wizards.com\/Pages\/Card\/Details.aspx?multiverseid=145310\"><i><span style=\"font-weight: 400\">Dr\u00edada enramada<\/span><\/i><\/a><i><span style=\"font-weight: 400\"> y tierras criatura animadas. Esto es para asegurar que se mantenga un estado de mesa claro y consistente, y que todos est\u00e9n al tanto del mismo.<\/span><\/i><span style=\"font-weight: 400\"><\/div><\/span><\/p>\n<p>&nbsp;<\/p>\n<p><span style=\"font-weight: 400\">Los oficiales de torneo pueden hacer excepciones o adiciones a estos lineamientos a su entera discreci\u00f3n para mantener clara la disposici\u00f3n del juego de cada jugador. Los jugadores en situaciones excepcionales (i.e. un jugador que juega un mazo sin tierras o un mazo que hace un uso intensivo del cementerio) pueden consultar con los oficiales de torneo para determinar otras excepciones que puedan realizarse.<\/span><\/p>\n<p><span style=\"font-weight: 400\"><div class=\"alert alert-info\" role=\"alert\"> <\/span><i><span style=\"font-weight: 400\">Legacy, por ejemplo, tiene algunos mazos muy diferentes a la mayor\u00eda de los mazos de los dem\u00e1s formatos. Los jugadores de Dragar tendr\u00e1n t\u00edpicamente un cementerio desplegado en lo que normalmente ser\u00eda el campo de batalla a causa de lo mucho que lo utilizan. Del mismo modo, \u201cOops, todos hechizos\u201d y Belcher son mazos combos que juegan pocas o ninguna tierra.<\/span><\/i><span style=\"font-weight: 400\"><\/div><\/span><\/p>\n<p>&nbsp;<\/p>\n","protected":false},"excerpt":{"rendered":"<p>Los jugadores en partidas de nivel de imposici\u00f3n de reglas competitivo o profesional deben desplegar sus cartas, fichas y otros accesorios en el campo de batalla usando la siguiente disposici\u00f3n: Desde la perspectiva del jugador, las cartas que no sean tierra deben mantenerse m\u00e1s cerca del oponente que las tierras, y las cartas que no [&hellip;]<\/p>\n","protected":false},"author":245,"featured_media":0,"parent":0,"menu_order":0,"comment_status":"closed","ping_status":"closed","template":"","meta":{"footnotes":"","_links_to":"","_links_to_target":""},"language":[8],"class_list":["post-8254","page","type-page","status-publish","hentry","language-es"],"_links":{"self":[{"href":"https:\/\/blogs.magicjudges.org\/rules\/wp-json\/wp\/v2\/pages\/8254","targetHints":{"allow":["GET"]}}],"collection":[{"href":"https:\/\/blogs.magicjudges.org\/rules\/wp-json\/wp\/v2\/pages"}],"about":[{"href":"https:\/\/blogs.magicjudges.org\/rules\/wp-json\/wp\/v2\/types\/page"}],"author":[{"embeddable":true,"href":"https:\/\/blogs.magicjudges.org\/rules\/wp-json\/wp\/v2\/users\/245"}],"replies":[{"embeddable":true,"href":"https:\/\/blogs.magicjudges.org\/rules\/wp-json\/wp\/v2\/comments?post=8254"}],"version-history":[{"count":12,"href":"https:\/\/blogs.magicjudges.org\/rules\/wp-json\/wp\/v2\/pages\/8254\/revisions"}],"predecessor-version":[{"id":8391,"href":"https:\/\/blogs.magicjudges.org\/rules\/wp-json\/wp\/v2\/pages\/8254\/revisions\/8391"}],"wp:attachment":[{"href":"https:\/\/blogs.magicjudges.org\/rules\/wp-json\/wp\/v2\/media?parent=8254"}],"wp:term":[{"taxonomy":"language","embeddable":true,"href":"https:\/\/blogs.magicjudges.org\/rules\/wp-json\/wp\/v2\/language?post=8254"}],"curies":[{"name":"wp","href":"https:\/\/api.w.org\/{rel}","templated":true}]}}