{"id":8539,"date":"2019-02-21T23:15:28","date_gmt":"2019-02-21T20:15:28","guid":{"rendered":"http:\/\/blogs.magicjudges.org\/rules\/?page_id=8539"},"modified":"2019-02-21T23:15:28","modified_gmt":"2019-02-21T20:15:28","slug":"ipg1-it","status":"publish","type":"page","link":"https:\/\/blogs.magicjudges.org\/rules\/ipg1-it\/","title":{"rendered":"IPG 1. Filosofia Generale"},"content":{"rendered":"<table class=\"table table-hover table-condensed\">\n<tbody>\n<tr>\n<td>1.1. <a href=\"http:\/\/blogs.magicjudges.org\/rules\/ipg1-1\/\">Definition of Penalties<\/a><\/td>\n<td>1.3. <a href=\"http:\/\/blogs.magicjudges.org\/rules\/ipg1-3\/\">Randomizing a Deck<\/a><\/td>\n<\/tr>\n<tr>\n<td>1.2. <a href=\"http:\/\/blogs.magicjudges.org\/rules\/ipg1-2\/\">Applying Penalties<\/a><\/td>\n<td>1.4. <a href=\"http:\/\/blogs.magicjudges.org\/rules\/ipg1-4\/\">Backing Up<\/a><\/td>\n<\/tr>\n<tr>\n<td><\/td>\n<td>\u00a01.5 <a href=\"http:\/\/blogs.magicjudges.org\/rules\/ipg1-5\/\">Sets<\/a><\/td>\n<\/tr>\n<\/tbody>\n<\/table>\n<p>Gli arbitri devono essere imparziali e devono far rispettare le regole e le policy.<\/p>\n<div class=\"alert alert-info\" role=\"alert\"> <em>Questo \u00e8 probabilmente il concetto pi\u00f9 importante del documento \u2014 gli arbitri devono essere imparziali. Dovrebbe essere inconcepibile che un arbitro prenda una decisione in favore di un giocatore perch\u00e9 sono amici o perch\u00e9 l\u2019arbitro per qualche motivo preferisca un giocatore rispetto all\u2019altro. Essere imparziali \u00e8 un concetto fondamentale del <a href=\"http:\/\/blogs.magicjudges.org\/conduct\/magic-judge-code\/\">Codice di Condotta degli Arbitri<\/a>. Gli arbitri sono rispettati, principalmente, perch\u00e9 sono neutrali e perch\u00e9 fanno rispettare le regole e le policy in maniera equa.<\/em><\/div>\n<p>Un arbitro non deve intervenire in una partita a meno che ritenga sia stata commessa un\u2019eventuale infrazione, un giocatore chieda assistenza per un dubbio o una domanda, oppure voglia evitare che un problema degeneri.<\/p>\n<div class=\"alert alert-info\" role=\"alert\"> <em>Gli arbitri sono all\u2019evento per i giocatori. Il nostro servizio \u00e8 necessario quando \u00e8 stata violata una regola, un giocatore ha un qualche bisogno o c\u2019\u00e8 una situazione delicata come una discussione animata ed \u00e8 necessario calmare le acque. Quando il loro aiuto non \u00e8 richiesto, gli arbitri non dovrebbero intervenire negli incontri. Questo significa che non bisogna fare commenti riguardo le azioni di gioco, non rischiando di dare dei consigli, e non disturbando la loro concentrazione. Ricordati che questo non significa che tu debba essere un robot: puoi comunque parlare con loro, o magari fare battute; ricordati solamente di non interrompere le partite!<\/em><\/div>\n<p>Gli arbitri non devono prevenire gli errori dei giocatori, bens\u00ec devono gestire gli errori che sono stati commessi, assegnare penalit\u00e0 a chi infrange regole o policy e contribuire alla correttezza del gioco e al comportamento sportivo con il loro buon esempio e la loro diplomazia.<\/p>\n<div class=\"alert alert-info\" role=\"alert\"> <em>Come in tanti altri sport, gli arbitri non prevengono gli errori. Per\u00f2, nel momento in cui avviene un\u2019infrazione di gioco, gli arbitri intervengono e applicano le necessarie correzioni e penalit\u00e0. I giocatori non possono contare sugli arbitri per evitare che le loro azioni illegali avvengano, perch\u00e9 gli arbitri non possono prevedere il futuro e le azioni di gioco avvengono velocemente. Nella grande maggioranza dei casi, correggere un\u2019infrazione dopo che \u00e8 successa ripristina il corretto andamento della partita. Questa policy \u00e8 valida anche quando stai osservando un incontro all\u2019ultimo turno del round o durante una Top8.<\/em><\/p>\n<p><em>\u00c8 altres\u00ec importante che gli arbitri diano un buon esempio di comportamento. La tua attitudine e le tue azioni hanno un grande impatto sul tenore dell\u2019evento. Le persone devono vedere in te il comportamento che tu vorresti sia tenuto ai tuoi eventi.<\/em><\/div>\n<p>Gli arbitri possono intervenire per prevenire o anticipare gli errori che avvengono al di fuori delle partite.<\/p>\n<p><div class=\"alert alert-info\" role=\"alert\"> <em>Pur essendo quasi impossibile vedere che un\u2019infrazione di gioco sta per accadere, a volte \u00e8 possibile vedere un\u2019infrazione al di fuori delle partite che stanno per accadere. In questi casi, gli arbitri dovrebbero intervenire e impedire che queste infrazioni succedano. Il \u201cpossono\u201d non significa che \u201cl\u2019arbitro ha il permesso di prendere una decisione\u201d ma significa di pi\u00f9 che \u201cLe IPG\/MTR permettono all\u2019arbitro di intervenire\u201d. Questo sottolinea l\u2019importanza del \u201ccustomer service\u201d e chiarisce molto bene che gli arbitri non hanno la possibilit\u00e0 di intervenire e impedire questi tipi di errori. Al di fuori della partita, gli arbitri devono sempre intervenire per prevenire le infrazioni, ma ammettiamo che a volte possano non notare che stia per avvenire un\u2019infrazione.<\/em><\/p>\n<p><em>\u00a0Ecco alcuni esempi:<\/em><\/p>\n<ul>\n<li><em>Un arbitro vede che un giocatore sta mischiando il suo mazzo dopo la fine della prima partita, e vede che c\u2019\u00e8 sul tavolo una carta creatura esiliata precedentemente, e si rende conto che il giocatore si \u00e8 dimenticato di rimetterla nel mazzo; l\u2019arbitro interviene e dice al giocatore che si sta dimenticando di mischiare una carta.<\/em><\/li>\n<li><em>In un torneo Sealed Deck, un giocatore da una decklist all\u2019arbitro, e questi si accorge che un giocatore ha dimenticato di segnare le terre base; l\u2019arbitro chiede al giocatore di registrare le terre base che sta giocando.<\/em><\/li>\n<li><em>Subito prima dell\u2019inizio di un round, un giocatore va alla judge station con in mano una carta (come ad esempio <a href=\"https:\/\/blogs.magicjudges.org\/rules\/wp-content\/plugins\/lems-mtg-helper\/lems-mtg-helper-cardfinder.php?find=Pacifismo&width=223&height=310\" class=\"jTip\" name=\"\">Pacifismo<\/a>) che appartiene a un precedente avversario; l\u2019arbitro si impegna a cercare dove si trovi il giocatore che deve giocare in questo round, cos\u00ec che possa rimettere la carta nel mazzo prima di cominciare una nuova partita con un mazzo irregolare.<\/em><\/li>\n<li><i><span style=\"font-weight: 400\">Prima di un evento, l\u2019arbitro vede una carta alterata in maniera dubbia. L\u2019arbitro ricorda al giocatore che <a href=\"https:\/\/blogs.magicjudges.org\/rules\/mtr1-7\/\">l\u2019Head Judge<\/a> deve approvare tutte le carte con alterazioni artistiche prima dell\u2019evento.<\/span><\/i><\/div><\/li>\n<\/ul>\n<p><span style=\"font-weight: 400\">Conoscere la reputazione di un giocatore o la sua abilit\u00e0 di gioco non deve influenzare la valutazione di una infrazione da lui commessa, ma questi fattori possono essere presi in considerazione durante un\u2019indagine.<\/span><\/p>\n<p><span style=\"font-weight: 400\"><div class=\"alert alert-info\" role=\"alert\"> <\/span><em><span style=\"font-weight: 400\">N<\/span><\/em><i><span style=\"font-weight: 400\">on modifichiamo il tipo di infrazione basandoci su quanto un giocatore abbia una buona reputazione. Una GRV \u00e8 un warning che prescinde dal fatto che il giocatore sia nuovo o un pro consumato. Una volta che hai determinato che tipo di infrazione fosse, applica le penalit\u00e0 senza farti influenzare dai pregiudizi. Un giocatore che ha la fama di essere losco ha la sua GRV fixata allo stesso modo di un Arbitro di Livello 3 che stia giocando in quell\u2019evento. Dopo che l\u2019infrazione \u00e8 stata identificata, non ha importanza chi sia il giocatore. In ogni caso, nel determinare come \u00e8 stata compiuta un\u2019infrazione, lo storico di un giocatore pu\u00f2 influenzare l\u2019investigation. Per esempio, \u00e8 pi\u00f9 credibile un nuovo giocatore possa aver capito male come funziona \u201ctravolgere\u201d rispetto a un giocatore con esperienza, col quale hai discusso pi\u00f9 volte dell\u2019abilit\u00e0 \u201ctravolgere\u201d in passato. \u00c8 comunque possibile che avvengano errori legittimi, ma le domande poste nell\u2019investigation possono essere influenzate da questo assunto.<\/span><\/i><span style=\"font-weight: 400\"><\/div><\/span><\/p>\n<p><span style=\"font-weight: 400\">Lo scopo di una penalit\u00e0 \u00e8 quello di educare il giocatore a non commettere lo stesso errore in futuro.<\/span><\/p>\n<p><span style=\"font-weight: 400\"><div class=\"alert alert-info\" role=\"alert\"> <\/span><i><span style=\"font-weight: 400\">Le penalit\u00e0 non servono a dare ad arbitri sadici la possibilit\u00e0 di fare del male a giocatori indifesi. Le penalit\u00e0 servono a ridurre le possibilit\u00e0 che quell\u2019errore si verifichi di nuovo. Un giocatore che riceve una penalit\u00e0 per un\u2019azione, difficilmente rifar\u00e0 lo stesso errore in futuro. Generalmente le penalit\u00e0 sono intese per essere uno stimolo tangibile per rinforzare la lezione: \u201cUna volta ho perso una partita per questo errore, e non voglio perderne un altro per qualcosa che posso facilmente evitare, conter\u00f2 ogni volta fino a 60 quando scriver\u00f2 una decklist\u201d. Lo scopo principale di una penalit\u00e0 non \u00e8 tenerne traccia: anche se \u00e8 un effetto secondario utile e comodo, lo scopo della penalit\u00e0 \u00e8 educare.<\/span><\/i><span style=\"font-weight: 400\"><\/div><\/span><i><\/i><span style=\"font-weight: 400\"><br \/>\n<\/span><\/p>\n<p><span style=\"font-weight: 400\">Questo avviene attraverso la spiegazione di come le regole o le policy sono state violate e l\u2019assegnazione della penalit\u00e0 associata.<\/span><\/p>\n<p><span style=\"font-weight: 400\"><div class=\"alert alert-info\" role=\"alert\"> <\/span><i><span style=\"font-weight: 400\">Quindi nella frase qui sopra abbiamo sottolineato l\u2019importanza dell\u2019educazione. Una penalit\u00e0 da sola non pu\u00f2 educare. Devi anche spiegare (brevemente) cosa il giocatore ha sbagliato. Altrimenti, potrebbero non capire appieno cosa abbiano sbagliato.<\/span><\/i><span style=\"font-weight: 400\"><\/div><\/span><i><span style=\"font-weight: 400\"><br \/>\n<\/span><\/i><\/p>\n<p><span style=\"font-weight: 400\">Le penalit\u00e0 hanno come obiettivo aggiuntivo quello di essere un deterrente per tutti gli altri giocatori dell\u2019evento e hanno inoltre la funzione di tenere traccia del comportamento del giocatore nel lungo periodo.<\/span><\/p>\n<p><span style=\"font-weight: 400\"><div class=\"alert alert-info\" role=\"alert\"> <\/span><i><span style=\"font-weight: 400\">Dobbiamo anche rilevare che non \u00e8 necessario ricevere una penalit\u00e0 per capire che non vorremmo riceverla. Se un nostro amico ha perso una partita importante per colpa di una penalit\u00e0, sicuramente non vogliamo perdere nello stesso modo. Impariamo dagli errori degli amici, oltre che dai nostri.<\/span><\/i><i><span style=\"font-weight: 400\"><br \/>\n<\/span><\/i><i><\/i><\/p>\n<p><i><span style=\"font-weight: 400\">C\u2019\u00e8 un archivio (privato) di tutte le penalit\u00e0, come c\u2019\u00e8 un archivio (pubblico) di tutti i risultati delle partite. L\u2019archivio diventa utile nel caso in cui ci sia un giocatore che commette molte volte la stessa infrazione. Se un giocatore riceve un\u2019ammonizione per \u201cGuardare carte addizionali \u2013 Ha rivelato una carta di un avversario mentre mischiava il mazzo prima dell\u2019inizio di una partita\u201d per venti volte in venti tornei consecutivi, bene, non crederesti che lo stia facendo apposta e lo faccia soltanto perch\u00e9 \u201ctanto la prima volta \u00e8 solo un\u2019ammonizione\u201d?.<\/span><\/i><span style=\"font-weight: 400\"><\/div><\/span><i><span style=\"font-weight: 400\"><br \/>\n<\/span><\/i><\/p>\n<p><span style=\"font-weight: 400\">Nel caso in cui una violazione minore venga gestita dai giocatori rapidamente con reciproca soddisfazione, non \u00e8 necessario l\u2019intervento di un arbitro<\/span><\/p>\n<p><i><span style=\"font-weight: 400\"><div class=\"alert alert-info\" role=\"alert\"> Gli arbitri devono essere visti come un vantaggio per i giocatori e ci sono molti piccoli errori che i giocatori fanno e che correggono da soli durante una partita, senza il bisogno di un arbitro. Se l\u2019errore \u00e8 piccolo, e i giocatori lo correggono da soli, sono entrambi felici, quindi non \u00e8 necessario che l\u2019arbitro si intrometta nella loro partita.<\/div><br \/>\n<\/span><\/i><\/p>\n<p><span style=\"font-weight: 400\">Se i giocatori stanno giocando la loro partita in un modo che \u00e8 chiaro e comprensibile ad entrambi, ma che potrebbe causare confusione agli occhi di un osservatore esterno, gli arbitri possono richiedere ai giocatori di rendere la situazione chiara, ma non devono valutare se \u00e8 stata commessa una infrazione o assegnare penalit\u00e0<\/span><\/p>\n<p><i><span style=\"font-weight: 400\"><div class=\"alert alert-info\" role=\"alert\"> I giocatori utilizzano alcune shortcuts, o usano le perline per rappresentare cose strane, oppure utilizzano le pedine sbagliate per le creature. Queste cose possono essere chiare per loro, ma non per gli spettatori (compresi gli arbitri). Se i giocatori capiscono cosa sta succedendo, e tutto procede bene, non assegnare una penalit\u00e0. Chiedi loro soltanto di giocare in modo pi\u00f9 chiaro. Spesso accade che degli spettatori vengano da noi esponendoci problemi che non sono tali. Per questa ragione dobbiamo spingere i giocatori ad essere chiari non solo tra loro, ma anche di assicurarsi che le loro azioni siano chiare a chiunque stia osservando la partita.<\/div><br \/>\n<\/span><\/i><\/p>\n<p><span style=\"font-weight: 400\">In entrambe queste situazioni l&#8217;arbitro deve assicurarsi che il gioco stia procedendo normalmente.<\/span><\/p>\n<p><i><span style=\"font-weight: 400\"><div class=\"alert alert-info\" role=\"alert\"> Se i giocatori correggono un piccolo errore da soli o stanno giocando in modo che sia chiaro a loro, ma non a chi sta osservando, avvicinati, osserva e assicurati che non stia succedendo nulla di strano e che nessun giocatore stia traendo vantaggio dalla confusione, altrimenti accade che l\u2019errore non si risolve da solo.<\/div><br \/>\n<\/span><\/i><\/p>\n<p><span style=\"font-weight: 400\">Le violazioni pi\u00f9 significative vengono affrontate identificando per prima cosa quale infrazione \u00e8 stata commessa e successivamente applicando le istruzioni appropriate.<\/span><\/p>\n<p><i><span style=\"font-weight: 400\"><div class=\"alert alert-info\" role=\"alert\"> Questa frase ha una doppia funzione; serve per ricordare che dobbiamo intervenire in situazioni che siano pi\u00f9 che \u201cpiccole\u201d e che non dobbiamo prima assegnare la penalit\u00e0 e poi tornare all\u2019infrazione. Dobbiamo capire cos\u2019\u00e8 successo, qual \u00e8 l\u2019infrazione, e poi determinare la penalit\u00e0. Non diamo Partite Perse alle persone perch\u00e9 i loro errori sembra che meritino una partita persa.<\/div><br \/>\n<\/span><\/i><\/p>\n<p><span style=\"font-weight: 400\">Solo il Capo Arbitro \u00e8 autorizzato ad assegnare penalit\u00e0 che deviano rispetto a questo documento<\/span><\/p>\n<p><i><span style=\"font-weight: 400\"><div class=\"alert alert-info\" role=\"alert\"> Quando ci sono pi\u00f9 arbitri in un torneo, il Capo Arbitro \u00e8 l\u2019arbitro responsabile dell\u2019intero torneo; l\u2019unico che ha l\u2019autorit\u00e0 per decidere se una certa penalit\u00e0 non \u00e8 appropriata per una certa situazione. I capi arbitro sono solitamente gli arbitri con pi\u00f9 esperienza all\u2019interno del torneo, e se loro decidono di deviare, di solito \u00e8 per una buona ragione.<\/div><br \/>\n<\/span><\/i><\/p>\n<p><span style=\"font-weight: 400\">Il Capo Arbitro non pu\u00f2 deviare rispetto a queste procedure se non in situazioni molto particolari ed eccezionali oppure in situazioni in cui la filosofia di questo documento non \u00e8 applicabile.<\/span><\/p>\n<p><i><span style=\"font-weight: 400\"><div class=\"alert alert-info\" role=\"alert\"> Certamente, sebbene il Capo Arbitro abbia l\u2019autorit\u00e0 di deviare ogni volta che vuole, ci si aspetta comunque che sappia quando \u00e8 appropriato farlo. La ragione principale per una deviazione \u00e8 quando una situazione specifica non si identifica bene con nessuna delle categorie elencate nelle venti pagine della Guida alle Procedure per le Infrazioni. L\u2019unico caso in cui una deviazione \u00e8 giustificata \u00e8 quando la situazione \u00e8 sia particolare che eccezionale.<\/div><br \/>\n<\/span><\/i><\/p>\n<p><span style=\"font-weight: 400\">Le situazioni particolari ed eccezionali sono rare (un tavolo che si ribalta, un pacchetto che contiene carte di un\u2019altra espansione, eccetera).<\/span><\/p>\n<p><i><span style=\"font-weight: 400\"><div class=\"alert alert-info\" role=\"alert\"> Questi sono un paio di esempi di \u201csituazioni eccezionali\u201d. In questi casi, usiamo il buon senso e cerchiamo di trovare la \u201csoluzione migliore\u201d con i giocatori. Entrambi gli esempi qui sopra sono particolari ed eccezionali. Assicurati che la situazione lo sia prima di pensare di dover deviare.<\/div><br \/>\n<\/span><\/i><\/p>\n<p><span style=\"font-weight: 400\">Il Livello di Applicazione delle Regole, il turno del torneo, l\u2019et\u00e0 o l\u2019esperienza del giocatore, il desiderio di educare il giocatore e il livello di certificazione dell\u2019arbitro NON sono situazioni particolari ed eccezionali.<\/span><\/p>\n<p><i><span style=\"font-weight: 400\"><div class=\"alert alert-info\" role=\"alert\"> Alcune di queste situazioni potrebbero far pensare che \u00e8 giusto deviare, ma non lo \u00e8. Devi applicare le regole senza considerare che \u00e8 l\u2019ultimo turno, senza considerare che la chiamata proviene dal tavolo 1 o dal tavolo 101. Gli avversari potrebbero essere giovanissimi, ma la differenza di et\u00e0 non \u00e8 importante quando si esamina la condotta. Il giocatore potrebbe essere un novizio, e non sapere che \u00e8 proibito lanciare un dado per determinare il vincitore, ma quel giocatore deve comunque essere squalificato, che tu pensi sia giusto oppure no. E infine, essere un arbitro di Livello 3 non d\u00e0 il diritto di deviare. In verit\u00e0, sono tenuti a un comportamento molto rigoroso, perch\u00e9 arbitri meno esperti li stanno guardando per imparare dal loro comportamento.<\/div><br \/>\n<\/span><\/i><\/p>\n<p><span style=\"font-weight: 400\">Se un arbitro ritiene che una deviazione sia appropriata, deve consultarsi con il Capo Arbitro<\/span><\/p>\n<p><i><span style=\"font-weight: 400\"><div class=\"alert alert-info\" role=\"alert\"> Il fatto che il Capo Arbitro sia l\u2019unico a cui sia permesso di deviare, non significa che un altro arbitro non possa suggerirglielo. Un floor judge, comunque, non deve mai deviare.<\/div><br \/>\n<\/span><\/i><\/p>\n<p><span style=\"font-weight: 400\">Gli arbitri sono persone normali e possono commettere errori. Nel caso in cui un arbitro commetta un errore deve riconoscerlo, scusarsi con i giocatori e rimediare se non \u00e8 troppo tardi.<\/span><\/p>\n<p><i><span style=\"font-weight: 400\"><div class=\"alert alert-info\" role=\"alert\"> Nonostante tutti gli sforzi per allevare Golden Retriever, noi arbitri siamo comunque ancora esseri umani.<\/span><\/i><i><span style=\"font-weight: 400\"><br \/>\n<\/span><\/i><i><\/i><\/p>\n<p><i><span style=\"font-weight: 400\">Per ora.<\/span><\/i><i><span style=\"font-weight: 400\"><br \/>\n<\/span><\/i><i><\/i><\/p>\n<p><i><span style=\"font-weight: 400\">Gli esseri umani commettono errori: \u00e8 la vita. Nessuno pu\u00f2 essere sempre preciso tutto il tempo, ed \u00e8 impossibile aspettarsi il contrario. Comunque, quando commetti uno sbaglio, devi prendertene la responsabilit\u00e0 e correggerlo, se puoi. I giocatori non possono pensare che qualcosa che un arbitro gli abbia erroneamente detto sia giusto. In tutti i casi, devi scusarti con i giocatori per il tuo errore. A volte \u00e8 meglio farlo subito, a volte \u00e8 meno invasivo farlo una volta che la partita sia finita; ma scusati con entrambi i giocatori appena possibile, e correggi la situazione. I giocatori solitamente sono molto comprensivi, anche quando la chiamata errata li ha penalizzati.<\/div><br \/>\n<\/span><\/i><\/p>\n<p><span style=\"font-weight: 400\">Se un membro dello staff del torneo d\u00e0 ad un giocatore un\u2019informazione errata che lo porta a compiere una violazione, il Capo Arbitro \u00e8 autorizzato a diminuire la penalit\u00e0.<\/span><\/p>\n<p><i><span style=\"font-weight: 400\"><div class=\"alert alert-info\" role=\"alert\"> Ci aspettiamo che i giocatori credano agli ufficiali di torneo, e i giocatori devono agire secondo le istruzioni e le informazioni che gli forniamo. Non \u00e8 giusto penalizzarli per aver creduto a una persona a cui pensavano di dover credere. Comunque, la decisione di diminuire la penalit\u00e0 spetta sempre al Capo Arbitro, che pu\u00f2 agire in questo senso solo quando entrambe questi casi siano verificati: 1) \u00e8 stato un Arbitro a dare l\u2019informazione sbagliata e 2) una violazione \u00e8 diretta conseguenza di questa informazione sbagliata.<\/div><br \/>\n<\/span><\/i><\/p>\n<p><span style=\"font-weight: 400\">Per esempio, un giocatore chiede ad un arbitro se una carta \u00e8 legale in un certo formato e l\u2019arbitro risponde di s\u00ec. Quando viene appurato che il mazzo del giocatore \u00e8 illegale a causa di tale carta, il Capo Arbitro deve applicare la normale procedura per correggere la lista, ma pu\u00f2 diminuire la penalit\u00e0 ad Ammonizione in conseguenza dell\u2019errore diretto dell\u2019arbitro.<\/span><\/p>\n<p><i><span style=\"font-weight: 400\"><div class=\"alert alert-info\" role=\"alert\"> Altri esempi potrebbero essere:<\/span><\/i><\/p>\n<ul>\n<li style=\"font-weight: 400\"><i><span style=\"font-weight: 400\"> Declassare una Violazione delle regole di Gioco &#8211; Ammonizione a \u201cnessuna penalit\u00e0\u201d se un Arbitro dice a un giocatore che pu\u00f2 stappare due terre tappate con <\/span><\/i><span style=\"font-weight: 400\"><a href=\"https:\/\/blogs.magicjudges.org\/rules\/wp-content\/plugins\/lems-mtg-helper\/lems-mtg-helper-cardfinder.php?find=Teferi%2C+Eroe+di+Dominaria&width=223&height=310\" class=\"jTip\" name=\"\"><\/span><i><span style=\"font-weight: 400\">Teferi, Eroe di Dominaria<\/span><\/i><\/a><i><span style=\"font-weight: 400\">.<\/span><\/i><\/li>\n<li style=\"font-weight: 400\"><i><span style=\"font-weight: 400\">Declassare un Problema di Mazzo da Partita Persa ad Ammonizione se precedentemente un arbitro ha detto al giocatore che registrare scrivere solo \u201cJace\u201d per identificare la carta planeswalker andava bene.<\/span><\/i><\/div><\/li>\n<\/ul>\n<p>If a player clearly acts on erroneous information provided by a judge during the game, the Head Judge may consider a backup to the point of the action taken, even if that action did not lead to a violation.<\/p>\n<p><div class=\"alert alert-info\" role=\"alert\"> <em>We expect players to trust the information provided by their tournament officials, as detailed already. Normally a backup could only be considered if an infraction had been committed, but in the same way that it is unfair to penalize a player for trusting the information provided, it is also unfair for a player to have made a decision based upon that information even if it doesn\u2019t result in an infraction.<\/div><\/em><\/p>\n","protected":false},"excerpt":{"rendered":"<p>1.1. Definition of Penalties 1.3. Randomizing a Deck 1.2. Applying Penalties 1.4. Backing Up \u00a01.5 Sets Gli arbitri devono essere imparziali e devono far rispettare le regole e le policy. Un arbitro non deve intervenire in una partita a meno che ritenga sia stata commessa un\u2019eventuale infrazione, un giocatore chieda assistenza per un dubbio o [&hellip;]<\/p>\n","protected":false},"author":107,"featured_media":0,"parent":0,"menu_order":0,"comment_status":"closed","ping_status":"closed","template":"","meta":{"footnotes":"","_links_to":"","_links_to_target":""},"language":[14],"class_list":["post-8539","page","type-page","status-publish","hentry","language-it_it"],"_links":{"self":[{"href":"https:\/\/blogs.magicjudges.org\/rules\/wp-json\/wp\/v2\/pages\/8539","targetHints":{"allow":["GET"]}}],"collection":[{"href":"https:\/\/blogs.magicjudges.org\/rules\/wp-json\/wp\/v2\/pages"}],"about":[{"href":"https:\/\/blogs.magicjudges.org\/rules\/wp-json\/wp\/v2\/types\/page"}],"author":[{"embeddable":true,"href":"https:\/\/blogs.magicjudges.org\/rules\/wp-json\/wp\/v2\/users\/107"}],"replies":[{"embeddable":true,"href":"https:\/\/blogs.magicjudges.org\/rules\/wp-json\/wp\/v2\/comments?post=8539"}],"version-history":[{"count":4,"href":"https:\/\/blogs.magicjudges.org\/rules\/wp-json\/wp\/v2\/pages\/8539\/revisions"}],"predecessor-version":[{"id":8543,"href":"https:\/\/blogs.magicjudges.org\/rules\/wp-json\/wp\/v2\/pages\/8539\/revisions\/8543"}],"wp:attachment":[{"href":"https:\/\/blogs.magicjudges.org\/rules\/wp-json\/wp\/v2\/media?parent=8539"}],"wp:term":[{"taxonomy":"language","embeddable":true,"href":"https:\/\/blogs.magicjudges.org\/rules\/wp-json\/wp\/v2\/language?post=8539"}],"curies":[{"name":"wp","href":"https:\/\/api.w.org\/{rel}","templated":true}]}}